{"id":34875,"date":"2021-02-21T16:23:10","date_gmt":"2021-02-21T16:23:10","guid":{"rendered":"https:\/\/www.autonvaraosahaku.fi\/?product=hella-6pr-009-622-121-anturit-sensorit"},"modified":"2021-02-21T16:23:13","modified_gmt":"2021-02-21T16:23:13","slug":"hella-6pr-009-622-121-anturit-sensorit","status":"publish","type":"product","link":"https:\/\/www.autonvaraosahaku.fi\/?product=hella-6pr-009-622-121-anturit-sensorit","title":{"rendered":"HELLA 6PR 009 622-121 Anturit (sensorit)"},"content":{"rendered":"<p>Lis\u00e4tarvike\/lis\u00e4tieto: Tiivisteill\u00e4; Napojen m\u00e4\u00e4r\u00e4: 3; Varustelumahdollisuudet: Santa Fe; HYUNDAI: ix35 LM, EL, ELH,i30 FD,i30 CW FD,i40 CW VF,SANTA F\u00c9 II CM,i30 GD,ix20 JC,i30 CW GD,ix55,SANTA F\u00c9 III DM,i30 Coupe,i40 VF,GRAND SANTA F\u00c9,TUCSON,i20 GB,i30 PDE,i30 Kombi PDE,i20 ACTIVE GB,i20 Coupe,KONA OS,i30 FASTBACK PDE; 215902A100, 215902A110; \u00d6ljyn Tasoanturi,Tunnistin, Moottori\u00f6ljyn Taso<\/p>\n","protected":false},"excerpt":{"rendered":"<p>HELLA \u00d6ljytason Anturi 6PR 009 622-121 \u00d6ljyn Tasoanturi,Tunnistin, Moottori\u00f6ljyn Taso HYUNDAI,ix35 LM, EL, ELH,i30 FD,i30 CW FD,i40 CW VF<\/p>\n","protected":false},"featured_media":0,"template":"","meta":{"site-sidebar-layout":"default","site-content-layout":"default","ast-global-header-display":"","ast-main-header-display":"","ast-hfb-above-header-display":"","ast-hfb-below-header-display":"","ast-hfb-mobile-header-display":"","site-post-title":"","ast-breadcrumbs-content":"","ast-featured-img":"","footer-sml-layout":"","theme-transparent-header-meta":"","adv-header-id-meta":"","stick-header-meta":"","header-above-stick-meta":"","header-main-stick-meta":"","header-below-stick-meta":""},"pwb-brand":[24],"product_cat":[98],"product_tag":[],"class_list":{"0":"post-34875","1":"product","2":"type-product","3":"status-publish","5":"pwb-brand-hella","6":"product_cat-anturit-sensorit","7":"desktop-align-left","8":"tablet-align-left","9":"mobile-align-left","11":"first","12":"instock","13":"product-type-external"},"brands":[{"id":24,"name":"HELLA","slug":"hella"}],"_links":{"self":[{"href":"https:\/\/www.autonvaraosahaku.fi\/index.php?rest_route=\/wp\/v2\/product\/34875","targetHints":{"allow":["GET"]}}],"collection":[{"href":"https:\/\/www.autonvaraosahaku.fi\/index.php?rest_route=\/wp\/v2\/product"}],"about":[{"href":"https:\/\/www.autonvaraosahaku.fi\/index.php?rest_route=\/wp\/v2\/types\/product"}],"wp:attachment":[{"href":"https:\/\/www.autonvaraosahaku.fi\/index.php?rest_route=%2Fwp%2Fv2%2Fmedia&parent=34875"}],"wp:term":[{"taxonomy":"pwb-brand","embeddable":true,"href":"https:\/\/www.autonvaraosahaku.fi\/index.php?rest_route=%2Fwp%2Fv2%2Fpwb-brand&post=34875"},{"taxonomy":"product_cat","embeddable":true,"href":"https:\/\/www.autonvaraosahaku.fi\/index.php?rest_route=%2Fwp%2Fv2%2Fproduct_cat&post=34875"},{"taxonomy":"product_tag","embeddable":true,"href":"https:\/\/www.autonvaraosahaku.fi\/index.php?rest_route=%2Fwp%2Fv2%2Fproduct_tag&post=34875"}],"curies":[{"name":"wp","href":"https:\/\/api.w.org\/{rel}","templated":true}]}}