{"id":34879,"date":"2021-02-21T16:23:15","date_gmt":"2021-02-21T16:23:15","guid":{"rendered":"https:\/\/www.autonvaraosahaku.fi\/?product=maxgear-69-0396-raidetanko"},"modified":"2021-02-21T16:23:15","modified_gmt":"2021-02-21T16:23:15","slug":"maxgear-69-0396-raidetanko","status":"publish","type":"product","link":"https:\/\/www.autonvaraosahaku.fi\/?product=maxgear-69-0396-raidetanko","title":{"rendered":"MAXGEAR 69-0396 Raidetanko"},"content":{"rendered":"<p>Asennuspuoli: Etuakseli, Oikea; Ohjausvaihdevalmisteelle: SMI-Koyo; K\u00e4ytt\u00f6: S\u00e4hk\u00f6-hydraulinen; Lis\u00e4tarvike\/lis\u00e4tieto: Tarvikkeilla; Varusteet: f\u00fcr Fahrzeuge mit Servolenkung; VW: POLO 9N_,FOX 5Z1, 5Z3,POLO Stufenheck 9A4; SKODA: FABIA Combi 6Y5,FABIA 6Y2,ROOMSTER 5J,FABIA Stufenheck 6Y3,ROOMSTER Praktik 5J,FABIA Praktik; SEAT: IBIZA IV 6L1,CORDOBA 6L2; 6Q0423804C, 6Q0423804G, 6Q0423804C, 6Q0423804G, 6Q0423804C, 6Q0423804G<\/p>\n","protected":false},"excerpt":{"rendered":"<p>MAXGEAR Raidetanko 69-0396  VW,SKODA,SEAT,POLO 9N_,FOX 5Z1, 5Z3,POLO Stufenheck 9A4,FABIA Combi 6Y5,FABIA 6Y2,ROOMSTER 5J,FABIA Stufenheck 6Y3<\/p>\n","protected":false},"featured_media":0,"template":"","meta":{"site-sidebar-layout":"default","site-content-layout":"default","ast-global-header-display":"","ast-main-header-display":"","ast-hfb-above-header-display":"","ast-hfb-below-header-display":"","ast-hfb-mobile-header-display":"","site-post-title":"","ast-breadcrumbs-content":"","ast-featured-img":"","footer-sml-layout":"","theme-transparent-header-meta":"","adv-header-id-meta":"","stick-header-meta":"","header-above-stick-meta":"","header-main-stick-meta":"","header-below-stick-meta":""},"pwb-brand":[48],"product_cat":[258],"product_tag":[],"class_list":{"0":"post-34879","1":"product","2":"type-product","3":"status-publish","5":"pwb-brand-maxgear","6":"product_cat-raidetanko","7":"desktop-align-left","8":"tablet-align-left","9":"mobile-align-left","11":"first","12":"instock","13":"product-type-external"},"brands":[{"id":48,"name":"MAXGEAR","slug":"maxgear"}],"_links":{"self":[{"href":"https:\/\/www.autonvaraosahaku.fi\/index.php?rest_route=\/wp\/v2\/product\/34879","targetHints":{"allow":["GET"]}}],"collection":[{"href":"https:\/\/www.autonvaraosahaku.fi\/index.php?rest_route=\/wp\/v2\/product"}],"about":[{"href":"https:\/\/www.autonvaraosahaku.fi\/index.php?rest_route=\/wp\/v2\/types\/product"}],"wp:attachment":[{"href":"https:\/\/www.autonvaraosahaku.fi\/index.php?rest_route=%2Fwp%2Fv2%2Fmedia&parent=34879"}],"wp:term":[{"taxonomy":"pwb-brand","embeddable":true,"href":"https:\/\/www.autonvaraosahaku.fi\/index.php?rest_route=%2Fwp%2Fv2%2Fpwb-brand&post=34879"},{"taxonomy":"product_cat","embeddable":true,"href":"https:\/\/www.autonvaraosahaku.fi\/index.php?rest_route=%2Fwp%2Fv2%2Fproduct_cat&post=34879"},{"taxonomy":"product_tag","embeddable":true,"href":"https:\/\/www.autonvaraosahaku.fi\/index.php?rest_route=%2Fwp%2Fv2%2Fproduct_tag&post=34879"}],"curies":[{"name":"wp","href":"https:\/\/api.w.org\/{rel}","templated":true}]}}