{"id":34903,"date":"2021-02-21T16:23:20","date_gmt":"2021-02-21T16:23:20","guid":{"rendered":"https:\/\/www.autonvaraosahaku.fi\/?product=febi-bilstein-106551-kallistuksenvakaajan-puslat"},"modified":"2021-02-21T16:23:21","modified_gmt":"2021-02-21T16:23:21","slug":"febi-bilstein-106551-kallistuksenvakaajan-puslat","status":"publish","type":"product","link":"https:\/\/www.autonvaraosahaku.fi\/?product=febi-bilstein-106551-kallistuksenvakaajan-puslat","title":{"rendered":"FEBI BILSTEIN 106551 Kallistuksenvakaajan puslat"},"content":{"rendered":"<p>Pituus (mm): 41; Leveys (mm): 48,0; Paksuus [mm]: 48,0; Sis\u00e4l\u00e4pimitta [mm]: 18,0; Ulkol\u00e4pimitta [mm]: 41,0; Materiaali: Kumi; Asennuspuoli: Sisempi, Taka-akseli; Paino [kg]: 0,074, 0,074; Alustarakenne: f\u00fcr Fahrzeuge mit elektr. D\u00e4mpferregulierung; VOLVO: XC60,V70 III BW,V60,XC70 II,S80 II AS,S60 II; FORD: FOCUS II Kombi DA_,FOCUS II DA_,FOCUS II Stufenheck DA_,MONDEO IV Stufenheck BA7; 1581670, 6G914A037XCB, 30736876, 30748926, 30748927; Kallistuksenvakaajan Kumit,Vakaajan Hela<\/p>\n","protected":false},"excerpt":{"rendered":"<p>FEBI BILSTEIN Kallistuksenvakaajan Puslat 106551 Kallistuksenvakaajan Kumit,Vakaajan Hela VOLVO,FORD,XC60,V70 III BW,V60,XC70 II,S80 II AS,S60 II<\/p>\n","protected":false},"featured_media":0,"template":"","meta":{"site-sidebar-layout":"default","site-content-layout":"default","ast-global-header-display":"","ast-main-header-display":"","ast-hfb-above-header-display":"","ast-hfb-below-header-display":"","ast-hfb-mobile-header-display":"","site-post-title":"","ast-breadcrumbs-content":"","ast-featured-img":"","footer-sml-layout":"","theme-transparent-header-meta":"","adv-header-id-meta":"","stick-header-meta":"","header-above-stick-meta":"","header-main-stick-meta":"","header-below-stick-meta":""},"pwb-brand":[50],"product_cat":[82],"product_tag":[],"class_list":{"0":"post-34903","1":"product","2":"type-product","3":"status-publish","5":"pwb-brand-febi-bilstein","6":"product_cat-kallistuksenvakaajan-puslat","7":"desktop-align-left","8":"tablet-align-left","9":"mobile-align-left","11":"first","12":"instock","13":"product-type-external"},"brands":[{"id":50,"name":"FEBI BILSTEIN","slug":"febi-bilstein"}],"_links":{"self":[{"href":"https:\/\/www.autonvaraosahaku.fi\/index.php?rest_route=\/wp\/v2\/product\/34903","targetHints":{"allow":["GET"]}}],"collection":[{"href":"https:\/\/www.autonvaraosahaku.fi\/index.php?rest_route=\/wp\/v2\/product"}],"about":[{"href":"https:\/\/www.autonvaraosahaku.fi\/index.php?rest_route=\/wp\/v2\/types\/product"}],"wp:attachment":[{"href":"https:\/\/www.autonvaraosahaku.fi\/index.php?rest_route=%2Fwp%2Fv2%2Fmedia&parent=34903"}],"wp:term":[{"taxonomy":"pwb-brand","embeddable":true,"href":"https:\/\/www.autonvaraosahaku.fi\/index.php?rest_route=%2Fwp%2Fv2%2Fpwb-brand&post=34903"},{"taxonomy":"product_cat","embeddable":true,"href":"https:\/\/www.autonvaraosahaku.fi\/index.php?rest_route=%2Fwp%2Fv2%2Fproduct_cat&post=34903"},{"taxonomy":"product_tag","embeddable":true,"href":"https:\/\/www.autonvaraosahaku.fi\/index.php?rest_route=%2Fwp%2Fv2%2Fproduct_tag&post=34903"}],"curies":[{"name":"wp","href":"https:\/\/api.w.org\/{rel}","templated":true}]}}