{"id":34905,"date":"2021-02-21T16:23:20","date_gmt":"2021-02-21T16:23:20","guid":{"rendered":"https:\/\/www.autonvaraosahaku.fi\/?product=sasic-2254025-alatukivarsi"},"modified":"2021-02-21T16:23:21","modified_gmt":"2021-02-21T16:23:21","slug":"sasic-2254025-alatukivarsi","status":"publish","type":"product","link":"https:\/\/www.autonvaraosahaku.fi\/?product=sasic-2254025-alatukivarsi","title":{"rendered":"SASIC 2254025 Alatukivarsi"},"content":{"rendered":"<p>Asennuspuoli: etuakseli molemminpuoleinen, Takana, Alla; Ohjausmalli: Kolmiotukivarsi (KA\/LA); Sis\u00e4l\u00e4pimitta [mm]: 12; Ulkol\u00e4pimitta [mm]: 58,3; Pituus, sis\u00e4 (mm): 53,3; Pituus, ulko (mm): 27; OE-numerolle: 54570BB00A; parilliset tuotenumerot: 2254023; NISSAN: QASHQAI \/ QASHQAI +2 J10, JJ10,JUKE F15,X-TRAIL T31,LEAF,QASHQAI J11, J11_,X-TRAIL T32; RENAULT: KOLEOS HY_; 545001KA0A, 545001KA0B, 545001KK0A, 545001KK0B, 545004CA0A, 54500BB00A, 54500BR30A, 54500JD000, 54500JG000, 54500JG00A, 54500JG00B, 545011KA0A, 545011KA0B, 545011KK0A, 545011KK0B, 545014CA0A, 54501BB00A, 54501BR30A, 54501JD000, 54501JG000, 54501JG00A, 54501JG00B, 54570BB00A, 54500JY00A, 54501JY00A, 545040445R, 545055212R; Tukivarsi,Tukivarsi, Py\u00f6r\u00e4ntuenta<\/p>\n","protected":false},"excerpt":{"rendered":"<p>SASIC Alatukivarsi 2254025 Tukivarsi,Tukivarsi, Py\u00f6r\u00e4ntuenta NISSAN,RENAULT,QASHQAI \/ QASHQAI +2 J10, JJ10,JUKE F15,X-TRAIL T31,LEAF,QASHQAI J11, J11_<\/p>\n","protected":false},"featured_media":0,"template":"","meta":{"site-sidebar-layout":"default","site-content-layout":"default","ast-global-header-display":"","ast-main-header-display":"","ast-hfb-above-header-display":"","ast-hfb-below-header-display":"","ast-hfb-mobile-header-display":"","site-post-title":"","ast-breadcrumbs-content":"","ast-featured-img":"","footer-sml-layout":"","theme-transparent-header-meta":"","adv-header-id-meta":"","stick-header-meta":"","header-above-stick-meta":"","header-main-stick-meta":"","header-below-stick-meta":""},"pwb-brand":[110],"product_cat":[62],"product_tag":[],"class_list":{"0":"post-34905","1":"product","2":"type-product","3":"status-publish","5":"pwb-brand-sasic","6":"product_cat-alatukivarsi","7":"desktop-align-left","8":"tablet-align-left","9":"mobile-align-left","11":"first","12":"instock","13":"product-type-external"},"brands":[{"id":110,"name":"SASIC","slug":"sasic"}],"_links":{"self":[{"href":"https:\/\/www.autonvaraosahaku.fi\/index.php?rest_route=\/wp\/v2\/product\/34905","targetHints":{"allow":["GET"]}}],"collection":[{"href":"https:\/\/www.autonvaraosahaku.fi\/index.php?rest_route=\/wp\/v2\/product"}],"about":[{"href":"https:\/\/www.autonvaraosahaku.fi\/index.php?rest_route=\/wp\/v2\/types\/product"}],"wp:attachment":[{"href":"https:\/\/www.autonvaraosahaku.fi\/index.php?rest_route=%2Fwp%2Fv2%2Fmedia&parent=34905"}],"wp:term":[{"taxonomy":"pwb-brand","embeddable":true,"href":"https:\/\/www.autonvaraosahaku.fi\/index.php?rest_route=%2Fwp%2Fv2%2Fpwb-brand&post=34905"},{"taxonomy":"product_cat","embeddable":true,"href":"https:\/\/www.autonvaraosahaku.fi\/index.php?rest_route=%2Fwp%2Fv2%2Fproduct_cat&post=34905"},{"taxonomy":"product_tag","embeddable":true,"href":"https:\/\/www.autonvaraosahaku.fi\/index.php?rest_route=%2Fwp%2Fv2%2Fproduct_tag&post=34905"}],"curies":[{"name":"wp","href":"https:\/\/api.w.org\/{rel}","templated":true}]}}