{"id":34909,"date":"2021-02-21T16:23:20","date_gmt":"2021-02-21T16:23:20","guid":{"rendered":"https:\/\/www.autonvaraosahaku.fi\/?product=era-770022a-polttoainepumppu"},"modified":"2021-02-21T16:23:22","modified_gmt":"2021-02-21T16:23:22","slug":"era-770022a-polttoainepumppu","status":"publish","type":"product","link":"https:\/\/www.autonvaraosahaku.fi\/?product=era-770022a-polttoainepumppu","title":{"rendered":"ERA 770022A Polttoainepumppu"},"content":{"rendered":"<p>Paino [kg]: 0,34; Paine (bar): 4; K\u00e4ytt\u00f6: S\u00e4hk\u00f6inen; Liittimi\u00e4: 2; Siirtom\u00e4\u00e4r\u00e4 (l\/h): 120; AUDI: A3 Sportback 8PA; MAZDA: 121 III JASM, JBSM; FORD USA: F-350; HYUNDAI: ACCENT I X-3; SAAB: 9-3 YS3F,9-5 Kombi YS3E,9-3 Kombi YS3F,9-3 YS3D,9-5 YS3E,9-3 Cabriolet YS3F,9-3 Cabriolet YS3D,9000 Schr\u00e4gheck,900 I Cabriolet,900 I Combi Coupe,900 II Cabriolet,900 II,900 I AC4, AM4,9000,900 II Coupe,9-3X; MERCEDES-BENZ: E-CLASS W210; OPEL: ASTRA H Caravan L35; FORD: TRANSIT Kasten FA_ _,TRANSIT Pritsche\/Fahrgestell FM_ _, FN_ _; TOYOTA: CARINA II _T17_,CARINA II Stufenheck _T17_,CARINA II _T15_,CARINA II Stufenheck _T15_,CARINA Station Wagon TA4K, TA6K; FIAT: FREEMONT JF_; 4021358, 4161493, 5328885, 7590854, 8822017, 9321621, 9321712, 9321878<\/p>\n","protected":false},"excerpt":{"rendered":"<p>ERA Polttoainepumppu 770022A  AUDI,MAZDA,FORD USA,A3 Sportback 8PA,121 III JASM, JBSM,F-350,ACCENT I X-3,9-3 YS3F,9-5 Kombi YS3E,9-3 Kombi YS3F<\/p>\n","protected":false},"featured_media":0,"template":"","meta":{"site-sidebar-layout":"default","site-content-layout":"default","ast-global-header-display":"","ast-main-header-display":"","ast-hfb-above-header-display":"","ast-hfb-below-header-display":"","ast-hfb-mobile-header-display":"","site-post-title":"","ast-breadcrumbs-content":"","ast-featured-img":"","footer-sml-layout":"","theme-transparent-header-meta":"","adv-header-id-meta":"","stick-header-meta":"","header-above-stick-meta":"","header-main-stick-meta":"","header-below-stick-meta":""},"pwb-brand":[64],"product_cat":[73],"product_tag":[],"class_list":{"0":"post-34909","1":"product","2":"type-product","3":"status-publish","5":"pwb-brand-era","6":"product_cat-polttoainepumppu","7":"desktop-align-left","8":"tablet-align-left","9":"mobile-align-left","11":"first","12":"instock","13":"product-type-external"},"brands":[{"id":64,"name":"ERA","slug":"era"}],"_links":{"self":[{"href":"https:\/\/www.autonvaraosahaku.fi\/index.php?rest_route=\/wp\/v2\/product\/34909","targetHints":{"allow":["GET"]}}],"collection":[{"href":"https:\/\/www.autonvaraosahaku.fi\/index.php?rest_route=\/wp\/v2\/product"}],"about":[{"href":"https:\/\/www.autonvaraosahaku.fi\/index.php?rest_route=\/wp\/v2\/types\/product"}],"wp:attachment":[{"href":"https:\/\/www.autonvaraosahaku.fi\/index.php?rest_route=%2Fwp%2Fv2%2Fmedia&parent=34909"}],"wp:term":[{"taxonomy":"pwb-brand","embeddable":true,"href":"https:\/\/www.autonvaraosahaku.fi\/index.php?rest_route=%2Fwp%2Fv2%2Fpwb-brand&post=34909"},{"taxonomy":"product_cat","embeddable":true,"href":"https:\/\/www.autonvaraosahaku.fi\/index.php?rest_route=%2Fwp%2Fv2%2Fproduct_cat&post=34909"},{"taxonomy":"product_tag","embeddable":true,"href":"https:\/\/www.autonvaraosahaku.fi\/index.php?rest_route=%2Fwp%2Fv2%2Fproduct_tag&post=34909"}],"curies":[{"name":"wp","href":"https:\/\/api.w.org\/{rel}","templated":true}]}}