{"id":34910,"date":"2021-02-21T16:23:20","date_gmt":"2021-02-21T16:23:20","guid":{"rendered":"https:\/\/www.autonvaraosahaku.fi\/?product=daco-germany-602803-jarrulevyt"},"modified":"2021-02-21T16:23:22","modified_gmt":"2021-02-21T16:23:22","slug":"daco-germany-602803-jarrulevyt","status":"publish","type":"product","link":"https:\/\/www.autonvaraosahaku.fi\/?product=daco-germany-602803-jarrulevyt","title":{"rendered":"DACO Germany 602803 Jarrulevyt"},"content":{"rendered":"<p>Korkeus (mm): 74; Jarrulevytyyppi: Vakiomalli; Jarrulevyn paksuus (mm): 12; Kierremitta: M12 x 1,25; V\u00e4himm\u00e4ispaksuus (mm): 10; Ulkol\u00e4pimitta [mm]: 268; Reikien m\u00e4\u00e4r\u00e4: 4; keskitt\u00e4misl\u00e4pimitta [mm]: 65; Reik\u00e4ympyr\u00e4-\u00d8 [mm]: 108; Akselitapin l\u00e4pimitta [mm]: 30; Asennuspuoli: Hinterachse; PEUGEOT: 308 SW,308 4A_, 4C_,5008,3008,PARTNER Tepee,PARTNER Kasten; CITRO\u00cbN: BERLINGO B9,C4 Picasso I UD_,C4 Grand Picasso I UA_,C4 II B7,BERLINGO Kasten B9,DS4,DS5,BERLINGO Pritsche\/Fahrgestell B9; DS: DS5,DS 4 \/ DS 4 CROSSBACK; 424945, 424946, 5531179J01, 5531179J01000, 5531179J02, 5531179J02000, 5531179J03000; Jarrulevy<\/p>\n","protected":false},"excerpt":{"rendered":"<p>DACO Germany Jarrulevyt 602803 Jarrulevy PEUGEOT,CITRO\u00cbN,DS,308 SW,308 4A_, 4C_,5008,3008,PARTNER Tepee,PARTNER Kasten,BERLINGO B9,C4 Picasso I UD_<\/p>\n","protected":false},"featured_media":0,"template":"","meta":{"site-sidebar-layout":"default","site-content-layout":"default","ast-global-header-display":"","ast-main-header-display":"","ast-hfb-above-header-display":"","ast-hfb-below-header-display":"","ast-hfb-mobile-header-display":"","site-post-title":"","ast-breadcrumbs-content":"","ast-featured-img":"","footer-sml-layout":"","theme-transparent-header-meta":"","adv-header-id-meta":"","stick-header-meta":"","header-above-stick-meta":"","header-main-stick-meta":"","header-below-stick-meta":""},"pwb-brand":[349],"product_cat":[66],"product_tag":[],"class_list":{"0":"post-34910","1":"product","2":"type-product","3":"status-publish","5":"pwb-brand-daco-germany","6":"product_cat-jarrulevyt","7":"desktop-align-left","8":"tablet-align-left","9":"mobile-align-left","11":"first","12":"instock","13":"product-type-external"},"brands":[{"id":349,"name":"DACO Germany","slug":"daco-germany"}],"_links":{"self":[{"href":"https:\/\/www.autonvaraosahaku.fi\/index.php?rest_route=\/wp\/v2\/product\/34910","targetHints":{"allow":["GET"]}}],"collection":[{"href":"https:\/\/www.autonvaraosahaku.fi\/index.php?rest_route=\/wp\/v2\/product"}],"about":[{"href":"https:\/\/www.autonvaraosahaku.fi\/index.php?rest_route=\/wp\/v2\/types\/product"}],"wp:attachment":[{"href":"https:\/\/www.autonvaraosahaku.fi\/index.php?rest_route=%2Fwp%2Fv2%2Fmedia&parent=34910"}],"wp:term":[{"taxonomy":"pwb-brand","embeddable":true,"href":"https:\/\/www.autonvaraosahaku.fi\/index.php?rest_route=%2Fwp%2Fv2%2Fpwb-brand&post=34910"},{"taxonomy":"product_cat","embeddable":true,"href":"https:\/\/www.autonvaraosahaku.fi\/index.php?rest_route=%2Fwp%2Fv2%2Fproduct_cat&post=34910"},{"taxonomy":"product_tag","embeddable":true,"href":"https:\/\/www.autonvaraosahaku.fi\/index.php?rest_route=%2Fwp%2Fv2%2Fproduct_tag&post=34910"}],"curies":[{"name":"wp","href":"https:\/\/api.w.org\/{rel}","templated":true}]}}