{"id":34949,"date":"2021-02-21T16:23:29","date_gmt":"2021-02-21T16:23:29","guid":{"rendered":"https:\/\/www.autonvaraosahaku.fi\/?product=mahle-original-crt-116-000s-paisuntasailio"},"modified":"2021-02-21T16:23:31","modified_gmt":"2021-02-21T16:23:31","slug":"mahle-original-crt-116-000s-paisuntasailio","status":"publish","type":"product","link":"https:\/\/www.autonvaraosahaku.fi\/?product=mahle-original-crt-116-000s-paisuntasailio","title":{"rendered":"MAHLE ORIGINAL CRT 116 000S Paisuntas\u00e4ili\u00f6"},"content":{"rendered":"<p>Korvaava tuote\/korvaava tiedote 2: paineanturilla; Pituus (mm): 362; Leveys (mm): 128; Korkeus (mm): 122; Lis\u00e4tarvike\/lis\u00e4tieto: Tarvikkeilla; BMW: 3 E46,3 Touring E46,X3 E83,3 Compact E46,3 Coupe E46,X5 E53,3 Cabriolet E46; 1436413, 17111436413, 17117573781, 17132247553, 17137573781, 17137787039, 2247553, 7573781, 7787039; Nestes\u00e4ili\u00f6, J\u00e4\u00e4hdytysneste<\/p>\n","protected":false},"excerpt":{"rendered":"<p>MAHLE ORIGINAL Paisuntas\u00e4ili\u00f6 CRT 116 000S Nestes\u00e4ili\u00f6, J\u00e4\u00e4hdytysneste BMW,3 E46,3 Touring E46,X3 E83,3 Compact E46,3 Coupe E46,X5 E53,3 Cabriolet E46<\/p>\n","protected":false},"featured_media":0,"template":"","meta":{"site-sidebar-layout":"default","site-content-layout":"default","ast-global-header-display":"","ast-main-header-display":"","ast-hfb-above-header-display":"","ast-hfb-below-header-display":"","ast-hfb-mobile-header-display":"","site-post-title":"","ast-breadcrumbs-content":"","ast-featured-img":"","footer-sml-layout":"","theme-transparent-header-meta":"","adv-header-id-meta":"","stick-header-meta":"","header-above-stick-meta":"","header-main-stick-meta":"","header-below-stick-meta":""},"pwb-brand":[153],"product_cat":[127],"product_tag":[],"class_list":{"0":"post-34949","1":"product","2":"type-product","3":"status-publish","5":"pwb-brand-mahle-original","6":"product_cat-paisuntasailio","7":"desktop-align-left","8":"tablet-align-left","9":"mobile-align-left","11":"first","12":"instock","13":"product-type-external"},"brands":[{"id":153,"name":"MAHLE ORIGINAL","slug":"mahle-original"}],"_links":{"self":[{"href":"https:\/\/www.autonvaraosahaku.fi\/index.php?rest_route=\/wp\/v2\/product\/34949","targetHints":{"allow":["GET"]}}],"collection":[{"href":"https:\/\/www.autonvaraosahaku.fi\/index.php?rest_route=\/wp\/v2\/product"}],"about":[{"href":"https:\/\/www.autonvaraosahaku.fi\/index.php?rest_route=\/wp\/v2\/types\/product"}],"wp:attachment":[{"href":"https:\/\/www.autonvaraosahaku.fi\/index.php?rest_route=%2Fwp%2Fv2%2Fmedia&parent=34949"}],"wp:term":[{"taxonomy":"pwb-brand","embeddable":true,"href":"https:\/\/www.autonvaraosahaku.fi\/index.php?rest_route=%2Fwp%2Fv2%2Fpwb-brand&post=34949"},{"taxonomy":"product_cat","embeddable":true,"href":"https:\/\/www.autonvaraosahaku.fi\/index.php?rest_route=%2Fwp%2Fv2%2Fproduct_cat&post=34949"},{"taxonomy":"product_tag","embeddable":true,"href":"https:\/\/www.autonvaraosahaku.fi\/index.php?rest_route=%2Fwp%2Fv2%2Fproduct_tag&post=34949"}],"curies":[{"name":"wp","href":"https:\/\/api.w.org\/{rel}","templated":true}]}}