{"id":34984,"date":"2021-02-21T16:23:39","date_gmt":"2021-02-21T16:23:39","guid":{"rendered":"https:\/\/www.autonvaraosahaku.fi\/?product=filtron-pp-837-1-polttoainesuodatin"},"modified":"2021-02-21T16:23:40","modified_gmt":"2021-02-21T16:23:40","slug":"filtron-pp-837-1-polttoainesuodatin","status":"publish","type":"product","link":"https:\/\/www.autonvaraosahaku.fi\/?product=filtron-pp-837-1-polttoainesuodatin","title":{"rendered":"FILTRON PP 837\/1 Polttoainesuodatin"},"content":{"rendered":"<p>Korkeus (mm): 153; Kierremitta: M 16 X 1.5, M 16&#215;1,5; Ulkol\u00e4pimitta 1 [mm]: 79; Sis\u00e4l\u00e4pimitta 1 [mm]: 71; Sis\u00e4l\u00e4pimitta 2 [mm]: 62; Moottorinumero: D 0224 MF; MERCEDES-BENZ: INTEGRO (O 550),INTOURO,TOURINO (O 510),TOURISMO (O 350),TRAVEGO (O 580); VAN HOOL: A-Serie,EOS,Serie 9,T-Serie; SOLARIS: URBINO; SETRA: Series 200,Series 300,Series 400,Series 500; NEW HOLLAND: TD4000F; NEOPLAN: Airliner,Centroliner,Euroliner,Jetliner,Megashuttle,Skyliner,Spaceliner,Sportliner,Starliner,Tourliner,Transliner; MAZ-MAN: F 2000; MARBUS: VIVE; MAZ: Serie 200; FENDT: Farmer,Favorit,GT,Vario; 51125030004, 51125030005, 51125030009, 51125030010, 51125030016, 51125030018, 51125030028, 51125030029, 51125030030, 51125030031, 51125030034, 51125030036, 51125030039, 51125030040, 81125030075, 0018354447, 18354447, A0018354447<\/p>\n","protected":false},"excerpt":{"rendered":"<p>FILTRON Polttoainesuodatin PP 837\/1  MERCEDES-BENZ,VAN HOOL,SOLARIS,INTEGRO (O 550),INTOURO,TOURINO (O 510),TOURISMO (O 350),TRAVEGO (O 580),A-Serie<\/p>\n","protected":false},"featured_media":0,"template":"","meta":{"site-sidebar-layout":"default","site-content-layout":"default","ast-global-header-display":"","ast-main-header-display":"","ast-hfb-above-header-display":"","ast-hfb-below-header-display":"","ast-hfb-mobile-header-display":"","site-post-title":"","ast-breadcrumbs-content":"","ast-featured-img":"","footer-sml-layout":"","theme-transparent-header-meta":"","adv-header-id-meta":"","stick-header-meta":"","header-above-stick-meta":"","header-main-stick-meta":"","header-below-stick-meta":""},"pwb-brand":[359],"product_cat":[29],"product_tag":[],"class_list":{"0":"post-34984","1":"product","2":"type-product","3":"status-publish","5":"pwb-brand-filtron","6":"product_cat-polttoainesuodatin","7":"desktop-align-left","8":"tablet-align-left","9":"mobile-align-left","11":"first","12":"instock","13":"product-type-external"},"brands":[{"id":359,"name":"FILTRON","slug":"filtron"}],"_links":{"self":[{"href":"https:\/\/www.autonvaraosahaku.fi\/index.php?rest_route=\/wp\/v2\/product\/34984","targetHints":{"allow":["GET"]}}],"collection":[{"href":"https:\/\/www.autonvaraosahaku.fi\/index.php?rest_route=\/wp\/v2\/product"}],"about":[{"href":"https:\/\/www.autonvaraosahaku.fi\/index.php?rest_route=\/wp\/v2\/types\/product"}],"wp:attachment":[{"href":"https:\/\/www.autonvaraosahaku.fi\/index.php?rest_route=%2Fwp%2Fv2%2Fmedia&parent=34984"}],"wp:term":[{"taxonomy":"pwb-brand","embeddable":true,"href":"https:\/\/www.autonvaraosahaku.fi\/index.php?rest_route=%2Fwp%2Fv2%2Fpwb-brand&post=34984"},{"taxonomy":"product_cat","embeddable":true,"href":"https:\/\/www.autonvaraosahaku.fi\/index.php?rest_route=%2Fwp%2Fv2%2Fproduct_cat&post=34984"},{"taxonomy":"product_tag","embeddable":true,"href":"https:\/\/www.autonvaraosahaku.fi\/index.php?rest_route=%2Fwp%2Fv2%2Fproduct_tag&post=34984"}],"curies":[{"name":"wp","href":"https:\/\/api.w.org\/{rel}","templated":true}]}}