{"id":35000,"date":"2021-02-21T16:23:44","date_gmt":"2021-02-21T16:23:44","guid":{"rendered":"https:\/\/www.autonvaraosahaku.fi\/?product=filtron-ar-228-ilmansuodatin"},"modified":"2021-02-21T16:23:44","modified_gmt":"2021-02-21T16:23:44","slug":"filtron-ar-228-ilmansuodatin","status":"publish","type":"product","link":"https:\/\/www.autonvaraosahaku.fi\/?product=filtron-ar-228-ilmansuodatin","title":{"rendered":"FILTRON AR 228 Ilmansuodatin"},"content":{"rendered":"<p>Korkeus (mm): 58; Sis\u00e4l\u00e4pimitta [mm]: 146; Ulkol\u00e4pimitta [mm]: 202, 202; Valmistusvuosi alkaen: 08\/1975; RENAULT: 4 112_,5 122_,4 Kasten R21_, R23_,12,6 118_,5 Kasten 238_,12 Variable 117_,RODEO 6,RODEO 4,RODEO 5; PC1003, PC386, PC486, 1444L2, 5003236, 5009228, 5011867, 5013140, 5020648, 880X9601AA, A770X9601AEA, A810X9601SA, A830X9601CTA, A840X9601BKA, 1654601B00, A654F01B00CA, 7701009283, 7701016683, 7701348963, 7707016683, 7701009283, 7701016683<\/p>\n","protected":false},"excerpt":{"rendered":"<p>FILTRON Ilmansuodatin AR 228  RENAULT,4 112_,5 122_,4 Kasten R21_, R23_,12,6 118_,5 Kasten 238_,12 Variable 117_,RODEO 6,RODEO 4,RODEO 5<\/p>\n","protected":false},"featured_media":0,"template":"","meta":{"site-sidebar-layout":"default","site-content-layout":"default","ast-global-header-display":"","ast-main-header-display":"","ast-hfb-above-header-display":"","ast-hfb-below-header-display":"","ast-hfb-mobile-header-display":"","site-post-title":"","ast-breadcrumbs-content":"","ast-featured-img":"","footer-sml-layout":"","theme-transparent-header-meta":"","adv-header-id-meta":"","stick-header-meta":"","header-above-stick-meta":"","header-main-stick-meta":"","header-below-stick-meta":""},"pwb-brand":[359],"product_cat":[31],"product_tag":[],"class_list":{"0":"post-35000","1":"product","2":"type-product","3":"status-publish","5":"pwb-brand-filtron","6":"product_cat-ilmansuodatin","7":"desktop-align-left","8":"tablet-align-left","9":"mobile-align-left","11":"first","12":"instock","13":"product-type-external"},"brands":[{"id":359,"name":"FILTRON","slug":"filtron"}],"_links":{"self":[{"href":"https:\/\/www.autonvaraosahaku.fi\/index.php?rest_route=\/wp\/v2\/product\/35000","targetHints":{"allow":["GET"]}}],"collection":[{"href":"https:\/\/www.autonvaraosahaku.fi\/index.php?rest_route=\/wp\/v2\/product"}],"about":[{"href":"https:\/\/www.autonvaraosahaku.fi\/index.php?rest_route=\/wp\/v2\/types\/product"}],"wp:attachment":[{"href":"https:\/\/www.autonvaraosahaku.fi\/index.php?rest_route=%2Fwp%2Fv2%2Fmedia&parent=35000"}],"wp:term":[{"taxonomy":"pwb-brand","embeddable":true,"href":"https:\/\/www.autonvaraosahaku.fi\/index.php?rest_route=%2Fwp%2Fv2%2Fpwb-brand&post=35000"},{"taxonomy":"product_cat","embeddable":true,"href":"https:\/\/www.autonvaraosahaku.fi\/index.php?rest_route=%2Fwp%2Fv2%2Fproduct_cat&post=35000"},{"taxonomy":"product_tag","embeddable":true,"href":"https:\/\/www.autonvaraosahaku.fi\/index.php?rest_route=%2Fwp%2Fv2%2Fproduct_tag&post=35000"}],"curies":[{"name":"wp","href":"https:\/\/api.w.org\/{rel}","templated":true}]}}