{"id":35009,"date":"2021-02-21T16:23:44","date_gmt":"2021-02-21T16:23:44","guid":{"rendered":"https:\/\/www.autonvaraosahaku.fi\/?product=esen-skv-28skv080-peruutustutka-anturit"},"modified":"2021-02-21T16:23:46","modified_gmt":"2021-02-21T16:23:46","slug":"esen-skv-28skv080-peruutustutka-anturit","status":"publish","type":"product","link":"https:\/\/www.autonvaraosahaku.fi\/?product=esen-skv-28skv080-peruutustutka-anturit","title":{"rendered":"ESEN SKV 28SKV080 Peruutustutka anturit"},"content":{"rendered":"<p>J\u00e4nnite (V): 12; Paino [kg]: 0,03; K\u00e4ytt\u00f6: S\u00e4hk\u00f6inen; Napojen m\u00e4\u00e4r\u00e4: 2; Valmistusvuoteen: 06\/2012; HONDA: CR-V III RE; 39680SHJA61, 39680SHJA61YA, 39680SHJA61YB, 39680SHJA61YC, 39680SHJA61YE, 39680SHJA61YG, 39680SHJA61YH, 39680SHJA61YJ, 39680SHJA61YK, 39680SHJA61YL, 39680SHJA61YZ, 39680SHJA61ZA, 39680SHJA61ZC, 39680SHJA61ZD, 39680SHJA61ZF, 39680SHJA61ZG, 39680SHJA61ZH, 39680SHJA61ZJ, 39680SHJA61ZK, 39680SHJA61ZL, 39680SHJA61ZM, 39680SHJA61ZN, 39680SHJA61ZP, 39680SHJA61ZQ, 39680SHJA61ZR, 39680SHJA61ZS, 39680SHJA61ZT, 39680SHJA61ZU, 39680SHJA61ZW, 39680SHJA61ZX, 39680SHJA61ZY; Tunnistin, Et\u00e4isyystunnistin<\/p>\n","protected":false},"excerpt":{"rendered":"<p>ESEN SKV Peruutustutka Anturit 28SKV080 Tunnistin, Et\u00e4isyystunnistin HONDA,CR-V III RE<\/p>\n","protected":false},"featured_media":0,"template":"","meta":{"site-sidebar-layout":"default","site-content-layout":"default","ast-global-header-display":"","ast-main-header-display":"","ast-hfb-above-header-display":"","ast-hfb-below-header-display":"","ast-hfb-mobile-header-display":"","site-post-title":"","ast-breadcrumbs-content":"","ast-featured-img":"","footer-sml-layout":"","theme-transparent-header-meta":"","adv-header-id-meta":"","stick-header-meta":"","header-above-stick-meta":"","header-main-stick-meta":"","header-below-stick-meta":""},"pwb-brand":[384],"product_cat":[217],"product_tag":[],"class_list":{"0":"post-35009","1":"product","2":"type-product","3":"status-publish","5":"pwb-brand-esen-skv","6":"product_cat-peruutustutka-anturit","7":"desktop-align-left","8":"tablet-align-left","9":"mobile-align-left","11":"first","12":"instock","13":"product-type-external"},"brands":[{"id":384,"name":"ESEN SKV","slug":"esen-skv"}],"_links":{"self":[{"href":"https:\/\/www.autonvaraosahaku.fi\/index.php?rest_route=\/wp\/v2\/product\/35009","targetHints":{"allow":["GET"]}}],"collection":[{"href":"https:\/\/www.autonvaraosahaku.fi\/index.php?rest_route=\/wp\/v2\/product"}],"about":[{"href":"https:\/\/www.autonvaraosahaku.fi\/index.php?rest_route=\/wp\/v2\/types\/product"}],"wp:attachment":[{"href":"https:\/\/www.autonvaraosahaku.fi\/index.php?rest_route=%2Fwp%2Fv2%2Fmedia&parent=35009"}],"wp:term":[{"taxonomy":"pwb-brand","embeddable":true,"href":"https:\/\/www.autonvaraosahaku.fi\/index.php?rest_route=%2Fwp%2Fv2%2Fpwb-brand&post=35009"},{"taxonomy":"product_cat","embeddable":true,"href":"https:\/\/www.autonvaraosahaku.fi\/index.php?rest_route=%2Fwp%2Fv2%2Fproduct_cat&post=35009"},{"taxonomy":"product_tag","embeddable":true,"href":"https:\/\/www.autonvaraosahaku.fi\/index.php?rest_route=%2Fwp%2Fv2%2Fproduct_tag&post=35009"}],"curies":[{"name":"wp","href":"https:\/\/api.w.org\/{rel}","templated":true}]}}