{"id":35017,"date":"2021-02-21T16:23:44","date_gmt":"2021-02-21T16:23:44","guid":{"rendered":"https:\/\/www.autonvaraosahaku.fi\/?product=dakatec-150008-raidetangon-paa"},"modified":"2021-02-21T16:23:47","modified_gmt":"2021-02-21T16:23:47","slug":"dakatec-150008-raidetangon-paa","status":"publish","type":"product","link":"https:\/\/www.autonvaraosahaku.fi\/?product=dakatec-150008-raidetangon-paa","title":{"rendered":"DAKAtec 150008 Raidetangon p\u00e4\u00e4"},"content":{"rendered":"<p>Asennuspuoli: Etuakseli, oikea; Sis\u00e4kierre (mm): M14x1,5; Ulkokierre [mm]: M10x1,5; Pituus (mm): 113; Paino [g]: 360; ABARTH: PUNTO 199_; OPEL: CORSA D,ADAM,CORSA D Van,CORSA C Kasten F08, W5L,CORSA E; FIAT: GRANDE PUNTO 199,PUNTO EVO 199,QUBO 225,FIORINO Kasten\/Kombi 225,LINEA 323; CITRO\u00cbN: NEMO Kasten AA_,NEMO Kombi; ALFA ROMEO: MITO 955; PEUGEOT: BIPPER AA_,BIPPER Tepee; 77363830, 381787, 77363830, 77364569, 1603545, 1609458, 93189024, 93196541, 93196542, 381787<\/p>\n","protected":false},"excerpt":{"rendered":"<p>DAKAtec Raidetangon P\u00e4\u00e4 150008  ABARTH,OPEL,FIAT,PUNTO 199_,CORSA D,ADAM,CORSA D Van,CORSA C Kasten F08, W5L,CORSA E,GRANDE PUNTO 199,PUNTO EVO 199<\/p>\n","protected":false},"featured_media":0,"template":"","meta":{"site-sidebar-layout":"default","site-content-layout":"default","ast-global-header-display":"","ast-main-header-display":"","ast-hfb-above-header-display":"","ast-hfb-below-header-display":"","ast-hfb-mobile-header-display":"","site-post-title":"","ast-breadcrumbs-content":"","ast-featured-img":"","footer-sml-layout":"","theme-transparent-header-meta":"","adv-header-id-meta":"","stick-header-meta":"","header-above-stick-meta":"","header-main-stick-meta":"","header-below-stick-meta":""},"pwb-brand":[283],"product_cat":[96],"product_tag":[],"class_list":{"0":"post-35017","1":"product","2":"type-product","3":"status-publish","5":"pwb-brand-dakatec","6":"product_cat-raidetangon-paa","7":"desktop-align-left","8":"tablet-align-left","9":"mobile-align-left","11":"first","12":"instock","13":"product-type-external"},"brands":[{"id":283,"name":"DAKAtec","slug":"dakatec"}],"_links":{"self":[{"href":"https:\/\/www.autonvaraosahaku.fi\/index.php?rest_route=\/wp\/v2\/product\/35017","targetHints":{"allow":["GET"]}}],"collection":[{"href":"https:\/\/www.autonvaraosahaku.fi\/index.php?rest_route=\/wp\/v2\/product"}],"about":[{"href":"https:\/\/www.autonvaraosahaku.fi\/index.php?rest_route=\/wp\/v2\/types\/product"}],"wp:attachment":[{"href":"https:\/\/www.autonvaraosahaku.fi\/index.php?rest_route=%2Fwp%2Fv2%2Fmedia&parent=35017"}],"wp:term":[{"taxonomy":"pwb-brand","embeddable":true,"href":"https:\/\/www.autonvaraosahaku.fi\/index.php?rest_route=%2Fwp%2Fv2%2Fpwb-brand&post=35017"},{"taxonomy":"product_cat","embeddable":true,"href":"https:\/\/www.autonvaraosahaku.fi\/index.php?rest_route=%2Fwp%2Fv2%2Fproduct_cat&post=35017"},{"taxonomy":"product_tag","embeddable":true,"href":"https:\/\/www.autonvaraosahaku.fi\/index.php?rest_route=%2Fwp%2Fv2%2Fproduct_tag&post=35017"}],"curies":[{"name":"wp","href":"https:\/\/api.w.org\/{rel}","templated":true}]}}