{"id":35053,"date":"2021-02-21T16:23:53","date_gmt":"2021-02-21T16:23:53","guid":{"rendered":"https:\/\/www.autonvaraosahaku.fi\/?product=ufi-25-187-00-oljynsuodatin"},"modified":"2021-02-21T16:23:56","modified_gmt":"2021-02-21T16:23:56","slug":"ufi-25-187-00-oljynsuodatin","status":"publish","type":"product","link":"https:\/\/www.autonvaraosahaku.fi\/?product=ufi-25-187-00-oljynsuodatin","title":{"rendered":"UFI 25.187.00 \u00d6ljynsuodatin"},"content":{"rendered":"<p>Ulkol\u00e4pimitta [mm]: 65,0; Sis\u00e4l\u00e4pimitta 1 [mm]: 25,5; Sis\u00e4l\u00e4pimitta 2 [mm]: 19,5; Ulkol\u00e4pimitta 1 [mm]: 72,0; Korkeus (mm): 99,0; Moottorinumero: DV6FE; OPEL: CROSSLAND X,GRANDLAND X A18; TOYOTA: PROACE Bus MPY_,PROACE Kasten MDZ_; CITRO\u00cbN: BERLINGO B9,BERLINGO Kasten B9,BERLINGO Pritsche\/Fahrgestell B9,JUMPY Kasten,JUMPY,JUMPY Pritsche\/Fahrgestell; PEUGEOT: 508 SW,PARTNER Tepee,2008,508,PARTNER Kasten,TRAVELLER; DS: DS 3,DS 4 \/ DS 4 CROSSBACK,DS 3 Cabriolet; VAUXHALL: CROSSLAND X,GRANDLAND X A18; 1610693780, 3646431, 1610693780, SU001A3092<\/p>\n","protected":false},"excerpt":{"rendered":"<p>UFI \u00d6ljynsuodatin 25.187.00  OPEL,TOYOTA,CITRO\u00cbN,CROSSLAND X,GRANDLAND X A18,PROACE Bus MPY_,PROACE Kasten MDZ_,BERLINGO B9,BERLINGO Kasten B9<\/p>\n","protected":false},"featured_media":0,"template":"","meta":{"site-sidebar-layout":"default","site-content-layout":"default","ast-global-header-display":"","ast-main-header-display":"","ast-hfb-above-header-display":"","ast-hfb-below-header-display":"","ast-hfb-mobile-header-display":"","site-post-title":"","ast-breadcrumbs-content":"","ast-featured-img":"","footer-sml-layout":"","theme-transparent-header-meta":"","adv-header-id-meta":"","stick-header-meta":"","header-above-stick-meta":"","header-main-stick-meta":"","header-below-stick-meta":""},"pwb-brand":[109],"product_cat":[30],"product_tag":[],"class_list":{"0":"post-35053","1":"product","2":"type-product","3":"status-publish","5":"pwb-brand-ufi","6":"product_cat-oljynsuodatin","7":"desktop-align-left","8":"tablet-align-left","9":"mobile-align-left","11":"first","12":"instock","13":"product-type-external"},"brands":[{"id":109,"name":"UFI","slug":"ufi"}],"_links":{"self":[{"href":"https:\/\/www.autonvaraosahaku.fi\/index.php?rest_route=\/wp\/v2\/product\/35053","targetHints":{"allow":["GET"]}}],"collection":[{"href":"https:\/\/www.autonvaraosahaku.fi\/index.php?rest_route=\/wp\/v2\/product"}],"about":[{"href":"https:\/\/www.autonvaraosahaku.fi\/index.php?rest_route=\/wp\/v2\/types\/product"}],"wp:attachment":[{"href":"https:\/\/www.autonvaraosahaku.fi\/index.php?rest_route=%2Fwp%2Fv2%2Fmedia&parent=35053"}],"wp:term":[{"taxonomy":"pwb-brand","embeddable":true,"href":"https:\/\/www.autonvaraosahaku.fi\/index.php?rest_route=%2Fwp%2Fv2%2Fpwb-brand&post=35053"},{"taxonomy":"product_cat","embeddable":true,"href":"https:\/\/www.autonvaraosahaku.fi\/index.php?rest_route=%2Fwp%2Fv2%2Fproduct_cat&post=35053"},{"taxonomy":"product_tag","embeddable":true,"href":"https:\/\/www.autonvaraosahaku.fi\/index.php?rest_route=%2Fwp%2Fv2%2Fproduct_tag&post=35053"}],"curies":[{"name":"wp","href":"https:\/\/api.w.org\/{rel}","templated":true}]}}