{"id":35055,"date":"2021-02-21T16:23:53","date_gmt":"2021-02-21T16:23:53","guid":{"rendered":"https:\/\/www.autonvaraosahaku.fi\/?product=dakatec-40042w-pissapojan-pumppu"},"modified":"2021-02-21T16:23:56","modified_gmt":"2021-02-21T16:23:56","slug":"dakatec-40042w-pissapojan-pumppu","status":"publish","type":"product","link":"https:\/\/www.autonvaraosahaku.fi\/?product=dakatec-40042w-pissapojan-pumppu","title":{"rendered":"DAKAtec 40042W Pissapojan pumppu"},"content":{"rendered":"<p>K\u00e4ytt\u00f6: S\u00e4hk\u00f6inen; Varusteet: Autoihin, joissa ajovalopesuri; Paino [g]: 80; Moottorinumero: M 102.961; MERCEDES-BENZ: C-CLASS W202,190 W201,Stufenheck W124,SL R129,SL R107,C-CLASS Kombi S202,Stufenheck W123,S-CLASS W126,KOMBI Kombi S124,E-CLASS W124,COUPE C124,S-CLASS W140,E-CLASS Kombi S124,COUPE C123,S-CLASS Coupe C126,KOMBI Kombi S123,E-CLASS Cabriolet A124,SL Coupe C107,E-CLASS Coupe C124,S-CLASS Coupe C140,CABRIOLET A124; 1238690021, 1238690121, 1248690021, 1248690121, 1248690221, 1248690321, 1248690421, 1248690521, 1248690621, 1298690021, 2028690021, 2028690121, A1238690021, A1238690121, A1248690021, A1248690121, A1248690221, A1248690321, A1248690421, A1248690521, A1248690621, A1298690021, A2028690021, A2028690121; Pesurin Pumppu,Lasinpesurin Pumppu,Pesunestepumppu, Lasinpesu<\/p>\n","protected":false},"excerpt":{"rendered":"<p>DAKAtec Pissapojan Pumppu 40042W Pesurin Pumppu,Lasinpesurin Pumppu MERCEDES-BENZ,C-CLASS W202,190 W201,Stufenheck W124,SL R129,SL R107<\/p>\n","protected":false},"featured_media":0,"template":"","meta":{"site-sidebar-layout":"default","site-content-layout":"default","ast-global-header-display":"","ast-main-header-display":"","ast-hfb-above-header-display":"","ast-hfb-below-header-display":"","ast-hfb-mobile-header-display":"","site-post-title":"","ast-breadcrumbs-content":"","ast-featured-img":"","footer-sml-layout":"","theme-transparent-header-meta":"","adv-header-id-meta":"","stick-header-meta":"","header-above-stick-meta":"","header-main-stick-meta":"","header-below-stick-meta":""},"pwb-brand":[283],"product_cat":[182],"product_tag":[],"class_list":{"0":"post-35055","1":"product","2":"type-product","3":"status-publish","5":"pwb-brand-dakatec","6":"product_cat-pissapojan-pumppu","7":"desktop-align-left","8":"tablet-align-left","9":"mobile-align-left","11":"first","12":"instock","13":"product-type-external"},"brands":[{"id":283,"name":"DAKAtec","slug":"dakatec"}],"_links":{"self":[{"href":"https:\/\/www.autonvaraosahaku.fi\/index.php?rest_route=\/wp\/v2\/product\/35055","targetHints":{"allow":["GET"]}}],"collection":[{"href":"https:\/\/www.autonvaraosahaku.fi\/index.php?rest_route=\/wp\/v2\/product"}],"about":[{"href":"https:\/\/www.autonvaraosahaku.fi\/index.php?rest_route=\/wp\/v2\/types\/product"}],"wp:attachment":[{"href":"https:\/\/www.autonvaraosahaku.fi\/index.php?rest_route=%2Fwp%2Fv2%2Fmedia&parent=35055"}],"wp:term":[{"taxonomy":"pwb-brand","embeddable":true,"href":"https:\/\/www.autonvaraosahaku.fi\/index.php?rest_route=%2Fwp%2Fv2%2Fpwb-brand&post=35055"},{"taxonomy":"product_cat","embeddable":true,"href":"https:\/\/www.autonvaraosahaku.fi\/index.php?rest_route=%2Fwp%2Fv2%2Fproduct_cat&post=35055"},{"taxonomy":"product_tag","embeddable":true,"href":"https:\/\/www.autonvaraosahaku.fi\/index.php?rest_route=%2Fwp%2Fv2%2Fproduct_tag&post=35055"}],"curies":[{"name":"wp","href":"https:\/\/api.w.org\/{rel}","templated":true}]}}