{"id":35065,"date":"2021-02-21T16:23:59","date_gmt":"2021-02-21T16:23:59","guid":{"rendered":"https:\/\/www.autonvaraosahaku.fi\/?product=gates-rc251-paisuntasailion-korkki"},"modified":"2021-02-21T16:24:00","modified_gmt":"2021-02-21T16:24:00","slug":"gates-rc251-paisuntasailion-korkki","status":"publish","type":"product","link":"https:\/\/www.autonvaraosahaku.fi\/?product=gates-rc251-paisuntasailion-korkki","title":{"rendered":"GATES RC251 Paisuntas\u00e4ili\u00f6n korkki"},"content":{"rendered":"<p>Paine (bar): 1,4; Rakennemalli: SL500; MERCEDES-BENZ: C-CLASS W203,E-CLASS W211,C-CLASS W204,C-CLASS T-Model S204,C-CLASS T-Model S203,C-CLASS W202,E-CLASS T-Model S211,SLK R170,E-CLASS W210,E-CLASS W212,B-CLASS W246, W242,M-CLASS W164,C-CLASS Coupe CL203,E-CLASS T-Model S212,GLK-CLASS X204,E-CLASS Kombi S210,SLK R171,CLK C208,A-CLASS W176,SL R129,CLK C209,C-CLASS Kombi S202,S-CLASS W220,S-CLASS W221,CLS C219,SL R230,R-CLASS W251, V251,M-CLASS W166,G-CLASS W463,E-CLASS Coupe C207,CLK Cabriolet A208,CLK Cabriolet A209,CLA Coupe C117,S-CLASS W140,C-CLASS Coupe C204,SLK R172,E-CLASS Cabriolet A207,CLC-CLASS CL203,GL-CLASS X164,G-CLASS W461,CLS C218,S-CLASS Coupe C215,S-CLASS Coupe C216,CLS Shooting Brake X218,S-CLASS W222, V222, X222,S-CLASS Coupe C140,GL-CLASS X166,SL R231,G-CLASS Cabrio W463,SLS AMG C197,C-CLASS T-Model S205,C-CLASS W205,SLS AMG Cabriolet A197,V-CLASS W447,SLR R199,GLA-CLASS X156,E-CLASS W213,VITO Tourer W447,CLA Shooting Brake X117,GLC X253,E-CLASS T-Model S213,VITO Kasten W447,SLR RO; CHRYSLER: CROSSFIRE,CROSSFIRE Roadster; 05099248AA, 5099248AA, 68032069AB, 2015010415, 2105010415, 2105010615, A2105010615, 0005018215, 2105010315, 2105010415, 2105010515, 2105010615, 2105010715, A0005018215, A2105010315, A2105010415, A2105010515, A2105010615, A2105010715; Korkki, Paisuntas\u00e4ili\u00f6<\/p>\n","protected":false},"excerpt":{"rendered":"<p>GATES Paisuntas\u00e4ili\u00f6n Korkki RC251 Korkki, Paisuntas\u00e4ili\u00f6 MERCEDES-BENZ,CHRYSLER,C-CLASS W203,E-CLASS W211,C-CLASS W204,C-CLASS T-Model S204<\/p>\n","protected":false},"featured_media":0,"template":"","meta":{"site-sidebar-layout":"default","site-content-layout":"default","ast-global-header-display":"","ast-main-header-display":"","ast-hfb-above-header-display":"","ast-hfb-below-header-display":"","ast-hfb-mobile-header-display":"","site-post-title":"","ast-breadcrumbs-content":"","ast-featured-img":"","footer-sml-layout":"","theme-transparent-header-meta":"","adv-header-id-meta":"","stick-header-meta":"","header-above-stick-meta":"","header-main-stick-meta":"","header-below-stick-meta":""},"pwb-brand":[22],"product_cat":[99],"product_tag":[],"class_list":{"0":"post-35065","1":"product","2":"type-product","3":"status-publish","5":"pwb-brand-gates","6":"product_cat-paisuntasailion-korkki","7":"desktop-align-left","8":"tablet-align-left","9":"mobile-align-left","11":"first","12":"instock","13":"product-type-external"},"brands":[{"id":22,"name":"GATES","slug":"gates"}],"_links":{"self":[{"href":"https:\/\/www.autonvaraosahaku.fi\/index.php?rest_route=\/wp\/v2\/product\/35065","targetHints":{"allow":["GET"]}}],"collection":[{"href":"https:\/\/www.autonvaraosahaku.fi\/index.php?rest_route=\/wp\/v2\/product"}],"about":[{"href":"https:\/\/www.autonvaraosahaku.fi\/index.php?rest_route=\/wp\/v2\/types\/product"}],"wp:attachment":[{"href":"https:\/\/www.autonvaraosahaku.fi\/index.php?rest_route=%2Fwp%2Fv2%2Fmedia&parent=35065"}],"wp:term":[{"taxonomy":"pwb-brand","embeddable":true,"href":"https:\/\/www.autonvaraosahaku.fi\/index.php?rest_route=%2Fwp%2Fv2%2Fpwb-brand&post=35065"},{"taxonomy":"product_cat","embeddable":true,"href":"https:\/\/www.autonvaraosahaku.fi\/index.php?rest_route=%2Fwp%2Fv2%2Fproduct_cat&post=35065"},{"taxonomy":"product_tag","embeddable":true,"href":"https:\/\/www.autonvaraosahaku.fi\/index.php?rest_route=%2Fwp%2Fv2%2Fproduct_tag&post=35065"}],"curies":[{"name":"wp","href":"https:\/\/api.w.org\/{rel}","templated":true}]}}