{"id":35070,"date":"2021-02-21T16:23:59","date_gmt":"2021-02-21T16:23:59","guid":{"rendered":"https:\/\/www.autonvaraosahaku.fi\/?product=spidan-chassis-parts-412837-kallistuksenvakaajan-puslat"},"modified":"2021-02-21T16:24:01","modified_gmt":"2021-02-21T16:24:01","slug":"spidan-chassis-parts-412837-kallistuksenvakaajan-puslat","status":"publish","type":"product","link":"https:\/\/www.autonvaraosahaku.fi\/?product=spidan-chassis-parts-412837-kallistuksenvakaajan-puslat","title":{"rendered":"SPIDAN CHASSIS PARTS 412837 Kallistuksenvakaajan puslat"},"content":{"rendered":"<p>Asennuspuoli: etuakseli molemminpuoleinen; Kokonaispituus (mm): 20,9; Sis\u00e4l\u00e4pimitta [mm]: 16,5; Ulkol\u00e4pimitta [mm]: 43,7; FIAT: PANDA 141A_,PANDA Van 141_; SEAT: MARBELLA 28,TERRA Kasten 024A,MARBELLA Kasten 028A,TERRA 24; LANCIA: Y10 156; 4448132, 4448132, SE138156244A; Kallistuksenvakaajan Kumit,Vakaajan Hela<\/p>\n","protected":false},"excerpt":{"rendered":"<p>SPIDAN CHASSIS PARTS Kallistuksenvakaajan Puslat 412837 Kallistuksenvakaajan Kumit,Vakaajan Hela FIAT,SEAT,LANCIA,PANDA 141A_,PANDA Van 141_<\/p>\n","protected":false},"featured_media":0,"template":"","meta":{"site-sidebar-layout":"default","site-content-layout":"default","ast-global-header-display":"","ast-main-header-display":"","ast-hfb-above-header-display":"","ast-hfb-below-header-display":"","ast-hfb-mobile-header-display":"","site-post-title":"","ast-breadcrumbs-content":"","ast-featured-img":"","footer-sml-layout":"","theme-transparent-header-meta":"","adv-header-id-meta":"","stick-header-meta":"","header-above-stick-meta":"","header-main-stick-meta":"","header-below-stick-meta":""},"pwb-brand":[375],"product_cat":[82],"product_tag":[],"class_list":{"0":"post-35070","1":"product","2":"type-product","3":"status-publish","5":"pwb-brand-spidan-chassis-parts","6":"product_cat-kallistuksenvakaajan-puslat","7":"desktop-align-left","8":"tablet-align-left","9":"mobile-align-left","11":"first","12":"instock","13":"product-type-external"},"brands":[{"id":375,"name":"SPIDAN CHASSIS PARTS","slug":"spidan-chassis-parts"}],"_links":{"self":[{"href":"https:\/\/www.autonvaraosahaku.fi\/index.php?rest_route=\/wp\/v2\/product\/35070","targetHints":{"allow":["GET"]}}],"collection":[{"href":"https:\/\/www.autonvaraosahaku.fi\/index.php?rest_route=\/wp\/v2\/product"}],"about":[{"href":"https:\/\/www.autonvaraosahaku.fi\/index.php?rest_route=\/wp\/v2\/types\/product"}],"wp:attachment":[{"href":"https:\/\/www.autonvaraosahaku.fi\/index.php?rest_route=%2Fwp%2Fv2%2Fmedia&parent=35070"}],"wp:term":[{"taxonomy":"pwb-brand","embeddable":true,"href":"https:\/\/www.autonvaraosahaku.fi\/index.php?rest_route=%2Fwp%2Fv2%2Fpwb-brand&post=35070"},{"taxonomy":"product_cat","embeddable":true,"href":"https:\/\/www.autonvaraosahaku.fi\/index.php?rest_route=%2Fwp%2Fv2%2Fproduct_cat&post=35070"},{"taxonomy":"product_tag","embeddable":true,"href":"https:\/\/www.autonvaraosahaku.fi\/index.php?rest_route=%2Fwp%2Fv2%2Fproduct_tag&post=35070"}],"curies":[{"name":"wp","href":"https:\/\/api.w.org\/{rel}","templated":true}]}}