{"id":35098,"date":"2021-02-21T16:24:03","date_gmt":"2021-02-21T16:24:03","guid":{"rendered":"https:\/\/www.autonvaraosahaku.fi\/?product=maxgear-49-1378-vetonivelen-suojakumi"},"modified":"2021-02-21T16:24:07","modified_gmt":"2021-02-21T16:24:07","slug":"maxgear-49-1378-vetonivelen-suojakumi","status":"publish","type":"product","link":"https:\/\/www.autonvaraosahaku.fi\/?product=maxgear-49-1378-vetonivelen-suojakumi","title":{"rendered":"MAXGEAR 49-1378 Vetonivelen suojakumi"},"content":{"rendered":"<p>Korkeus (mm): 88; Sis\u00e4l\u00e4pimitta 1 [mm]: 21; Sis\u00e4l\u00e4pimitta 2 [mm]: 74; Asennuspuoli: radseitig; SUZUKI: GRAND VITARA I FT,VITARA ET, TA,VITARA Cabrio ET, TA,X-90 EL,GRAND VITARA I Cabriolet GT; 4411877E03<\/p>\n","protected":false},"excerpt":{"rendered":"<p>MAXGEAR Paljekumisarja, Vetoakseli 49-1378  SUZUKI,GRAND VITARA I FT,VITARA ET, TA,VITARA Cabrio ET, TA,X-90 EL,GRAND VITARA I Cabriolet GT<\/p>\n","protected":false},"featured_media":0,"template":"","meta":{"site-sidebar-layout":"default","site-content-layout":"default","ast-global-header-display":"","ast-main-header-display":"","ast-hfb-above-header-display":"","ast-hfb-below-header-display":"","ast-hfb-mobile-header-display":"","site-post-title":"","ast-breadcrumbs-content":"","ast-featured-img":"","footer-sml-layout":"","theme-transparent-header-meta":"","adv-header-id-meta":"","stick-header-meta":"","header-above-stick-meta":"","header-main-stick-meta":"","header-below-stick-meta":""},"pwb-brand":[48],"product_cat":[42],"product_tag":[],"class_list":{"0":"post-35098","1":"product","2":"type-product","3":"status-publish","5":"pwb-brand-maxgear","6":"product_cat-vetonivelen-suojakumi","7":"desktop-align-left","8":"tablet-align-left","9":"mobile-align-left","11":"first","12":"instock","13":"product-type-external"},"brands":[{"id":48,"name":"MAXGEAR","slug":"maxgear"}],"_links":{"self":[{"href":"https:\/\/www.autonvaraosahaku.fi\/index.php?rest_route=\/wp\/v2\/product\/35098","targetHints":{"allow":["GET"]}}],"collection":[{"href":"https:\/\/www.autonvaraosahaku.fi\/index.php?rest_route=\/wp\/v2\/product"}],"about":[{"href":"https:\/\/www.autonvaraosahaku.fi\/index.php?rest_route=\/wp\/v2\/types\/product"}],"wp:attachment":[{"href":"https:\/\/www.autonvaraosahaku.fi\/index.php?rest_route=%2Fwp%2Fv2%2Fmedia&parent=35098"}],"wp:term":[{"taxonomy":"pwb-brand","embeddable":true,"href":"https:\/\/www.autonvaraosahaku.fi\/index.php?rest_route=%2Fwp%2Fv2%2Fpwb-brand&post=35098"},{"taxonomy":"product_cat","embeddable":true,"href":"https:\/\/www.autonvaraosahaku.fi\/index.php?rest_route=%2Fwp%2Fv2%2Fproduct_cat&post=35098"},{"taxonomy":"product_tag","embeddable":true,"href":"https:\/\/www.autonvaraosahaku.fi\/index.php?rest_route=%2Fwp%2Fv2%2Fproduct_tag&post=35098"}],"curies":[{"name":"wp","href":"https:\/\/api.w.org\/{rel}","templated":true}]}}