{"id":35100,"date":"2021-02-21T16:24:08","date_gmt":"2021-02-21T16:24:08","guid":{"rendered":"https:\/\/www.autonvaraosahaku.fi\/?product=maxgear-39-9725-pyyhkijansulat"},"modified":"2021-02-21T16:24:09","modified_gmt":"2021-02-21T16:24:09","slug":"maxgear-39-9725-pyyhkijansulat","status":"publish","type":"product","link":"https:\/\/www.autonvaraosahaku.fi\/?product=maxgear-39-9725-pyyhkijansulat","title":{"rendered":"MAXGEAR 39-9725 Pyyhkij\u00e4nsulat"},"content":{"rendered":"<p>Asennuspuoli: Edess\u00e4; Pituus (mm): 700; Pyyhkij\u00e4nsulkatyyppi: Flatblade-pyyhinsulka (rungoton); Valmistusvuoteen: 07\/2015; VW: TOURAN 1T1, 1T2,GOLF PLUS 5M1, 521,SHARAN 7M8, 7M9, 7M6,SHARAN 7N1, 7N2,GOLF SPORTSVAN AM1,TOURAN,CRAFTER Kasten SY_,CRAFTER Bus SY_,CRAFTER Pritsche\/Fahrgestell SZ_; AUDI: A8 4H_,Q7 4M; SEAT: ALHAMBRA 7V8, 7V9,ALHAMBRA 710, 711; FORD USA: EDGE; MERCEDES-BENZ: VIANO W639,M-CLASS W164,VITO Bus W639,VITO \/ MIXTO Kasten W639,R-CLASS W251, V251,M-CLASS W166,GL-CLASS X164; OPEL: ZAFIRA B A05,ASTRA J Sports Tourer,ASTRA J,MERIVA B,ZAFIRA TOURER C P12,ZAFIRA B Van,ASTRA GTC J,ASTRA J Stufenheck,CASCADA W13,ASTRA K,ASTRA K Caravan,GRANDLAND X A18; JAGUAR: XE X760,XF X260,XF SPORTBRAKE X260; FORD: FOCUS III Turnier,GALAXY WGR,FOCUS III,KUGA II DM2,FOCUS III Stufenheck,TRANSIT CUSTOM Kasten,TOURNEO CUSTOM Bus,TRANSIT CUSTOM Bus,FIESTA VII,TOURNEO COURIER Kombi,TRANSIT COURIER Kasten,TRANSIT COURIER Kombi; CITRO\u00cbN: C5 III Break TD_,C4 I LC_,C5 II Break RE_,C5 III RD_,C4 Coupe LA_,C6 TD_,C4 Grand Picasso II,C4 Picasso II; PEUGEOT: 307 SW 3H,307 CC 3B,407 SW 6E_,307 3A\/C,5008,307 Break 3E,407 6D_,3008,407 Coupe 6C_; Tuulilasinpyyhkimet,Pyyhkij\u00e4t,Pyyhkij\u00e4nsulka<\/p>\n","protected":false},"excerpt":{"rendered":"<p>MAXGEAR Pyyhkij\u00e4nsulat 39-9725 Tuulilasinpyyhkimet,Pyyhkij\u00e4t VW,AUDI,SEAT,TOURAN 1T1, 1T2,GOLF PLUS 5M1, 521,SHARAN 7M8, 7M9, 7M6,SHARAN 7N1, 7N2<\/p>\n","protected":false},"featured_media":0,"template":"","meta":{"site-sidebar-layout":"default","site-content-layout":"default","ast-global-header-display":"","ast-main-header-display":"","ast-hfb-above-header-display":"","ast-hfb-below-header-display":"","ast-hfb-mobile-header-display":"","site-post-title":"","ast-breadcrumbs-content":"","ast-featured-img":"","footer-sml-layout":"","theme-transparent-header-meta":"","adv-header-id-meta":"","stick-header-meta":"","header-above-stick-meta":"","header-main-stick-meta":"","header-below-stick-meta":""},"pwb-brand":[48],"product_cat":[33],"product_tag":[],"class_list":{"0":"post-35100","1":"product","2":"type-product","3":"status-publish","5":"pwb-brand-maxgear","6":"product_cat-pyyhkijansulat","7":"desktop-align-left","8":"tablet-align-left","9":"mobile-align-left","11":"first","12":"instock","13":"product-type-external"},"brands":[{"id":48,"name":"MAXGEAR","slug":"maxgear"}],"_links":{"self":[{"href":"https:\/\/www.autonvaraosahaku.fi\/index.php?rest_route=\/wp\/v2\/product\/35100","targetHints":{"allow":["GET"]}}],"collection":[{"href":"https:\/\/www.autonvaraosahaku.fi\/index.php?rest_route=\/wp\/v2\/product"}],"about":[{"href":"https:\/\/www.autonvaraosahaku.fi\/index.php?rest_route=\/wp\/v2\/types\/product"}],"wp:attachment":[{"href":"https:\/\/www.autonvaraosahaku.fi\/index.php?rest_route=%2Fwp%2Fv2%2Fmedia&parent=35100"}],"wp:term":[{"taxonomy":"pwb-brand","embeddable":true,"href":"https:\/\/www.autonvaraosahaku.fi\/index.php?rest_route=%2Fwp%2Fv2%2Fpwb-brand&post=35100"},{"taxonomy":"product_cat","embeddable":true,"href":"https:\/\/www.autonvaraosahaku.fi\/index.php?rest_route=%2Fwp%2Fv2%2Fproduct_cat&post=35100"},{"taxonomy":"product_tag","embeddable":true,"href":"https:\/\/www.autonvaraosahaku.fi\/index.php?rest_route=%2Fwp%2Fv2%2Fproduct_tag&post=35100"}],"curies":[{"name":"wp","href":"https:\/\/api.w.org\/{rel}","templated":true}]}}