{"id":35114,"date":"2021-02-21T16:24:08","date_gmt":"2021-02-21T16:24:08","guid":{"rendered":"https:\/\/www.autonvaraosahaku.fi\/?product=mannol-mn8109-1-vaihteistooljy"},"modified":"2021-02-21T16:24:11","modified_gmt":"2021-02-21T16:24:11","slug":"mannol-mn8109-1-vaihteistooljy","status":"publish","type":"product","link":"https:\/\/www.autonvaraosahaku.fi\/?product=mannol-mn8109-1-vaihteistooljy","title":{"rendered":"MANNOL MN8109-1 Vaihteisto\u00f6ljy"},"content":{"rendered":"<p>Tuotelinja: Unigear; Viskositeettiluokka SAE: 75W-80; \u00d6ljy: Synteettinen \u00f6ljy; Erittely: API GL4, API GL5; Valmistajan hyv\u00e4ksym\u00e4: MACK GO-J Plus, FORD WSD-M2C200-C, PSA B71 2330, MIL-L 2105 C; Tilavuus (litra): 1; Pakkaustyyppi: Pullo; IVECO: EUROCARGO I-III,EUROSTAR,EUROTECH MH,EUROTECH MP,EUROTECH MT,EUROTRAKKER,M,STRALIS,ZETA; RENAULT TRUCKS: MAGNUM; Vaihdelaatikon \u00d6ljy<\/p>\n","protected":false},"excerpt":{"rendered":"<p>MANNOL Vaihteisto\u00f6ljy MN8109-1 Vaihdelaatikon \u00d6ljy IVECO,RENAULT TRUCKS,EUROCARGO I-III,EUROSTAR,EUROTECH MH,EUROTECH MP,EUROTECH MT,EUROTRAKKER,M<\/p>\n","protected":false},"featured_media":0,"template":"","meta":{"site-sidebar-layout":"default","site-content-layout":"default","ast-global-header-display":"","ast-main-header-display":"","ast-hfb-above-header-display":"","ast-hfb-below-header-display":"","ast-hfb-mobile-header-display":"","site-post-title":"","ast-breadcrumbs-content":"","ast-featured-img":"","footer-sml-layout":"","theme-transparent-header-meta":"","adv-header-id-meta":"","stick-header-meta":"","header-above-stick-meta":"","header-main-stick-meta":"","header-below-stick-meta":""},"pwb-brand":[167],"product_cat":[58],"product_tag":[],"class_list":{"0":"post-35114","1":"product","2":"type-product","3":"status-publish","5":"pwb-brand-mannol","6":"product_cat-vaihteistooljy","7":"desktop-align-left","8":"tablet-align-left","9":"mobile-align-left","11":"first","12":"instock","13":"product-type-external"},"brands":[{"id":167,"name":"MANNOL","slug":"mannol"}],"_links":{"self":[{"href":"https:\/\/www.autonvaraosahaku.fi\/index.php?rest_route=\/wp\/v2\/product\/35114","targetHints":{"allow":["GET"]}}],"collection":[{"href":"https:\/\/www.autonvaraosahaku.fi\/index.php?rest_route=\/wp\/v2\/product"}],"about":[{"href":"https:\/\/www.autonvaraosahaku.fi\/index.php?rest_route=\/wp\/v2\/types\/product"}],"wp:attachment":[{"href":"https:\/\/www.autonvaraosahaku.fi\/index.php?rest_route=%2Fwp%2Fv2%2Fmedia&parent=35114"}],"wp:term":[{"taxonomy":"pwb-brand","embeddable":true,"href":"https:\/\/www.autonvaraosahaku.fi\/index.php?rest_route=%2Fwp%2Fv2%2Fpwb-brand&post=35114"},{"taxonomy":"product_cat","embeddable":true,"href":"https:\/\/www.autonvaraosahaku.fi\/index.php?rest_route=%2Fwp%2Fv2%2Fproduct_cat&post=35114"},{"taxonomy":"product_tag","embeddable":true,"href":"https:\/\/www.autonvaraosahaku.fi\/index.php?rest_route=%2Fwp%2Fv2%2Fproduct_tag&post=35114"}],"curies":[{"name":"wp","href":"https:\/\/api.w.org\/{rel}","templated":true}]}}