{"id":35118,"date":"2021-02-21T16:24:08","date_gmt":"2021-02-21T16:24:08","guid":{"rendered":"https:\/\/www.autonvaraosahaku.fi\/?product=topran-701-788-muut-luokat"},"modified":"2021-02-21T16:24:12","modified_gmt":"2021-02-21T16:24:12","slug":"topran-701-788-muut-luokat","status":"publish","type":"product","link":"https:\/\/www.autonvaraosahaku.fi\/?product=topran-701-788-muut-luokat","title":{"rendered":"TOPRAN 701 788 Muut luokat"},"content":{"rendered":"<p>K\u00e4ytt\u00f6tapa: Painokytkin; V\u00e4ri: Musta; Moottorinumero: BB0P\/K4J 710+711+712; RENAULT: CLIO II BB0\/1\/2_, CB0\/1\/2_,CLIO II Kasten SB0\/1\/2_,THALIA I LB0\/1\/2_; 252904482R, 7700421820<\/p>\n","protected":false},"excerpt":{"rendered":"<p>TOPRAN Varoitusvilkkukytkin 701 788  RENAULT,CLIO II BB0\/1\/2_, CB0\/1\/2_,CLIO II Kasten SB0\/1\/2_,THALIA I LB0\/1\/2_<\/p>\n","protected":false},"featured_media":0,"template":"","meta":{"site-sidebar-layout":"default","site-content-layout":"default","ast-global-header-display":"","ast-main-header-display":"","ast-hfb-above-header-display":"","ast-hfb-below-header-display":"","ast-hfb-mobile-header-display":"","site-post-title":"","ast-breadcrumbs-content":"","ast-featured-img":"","footer-sml-layout":"","theme-transparent-header-meta":"","adv-header-id-meta":"","stick-header-meta":"","header-above-stick-meta":"","header-main-stick-meta":"","header-below-stick-meta":""},"pwb-brand":[18],"product_cat":[37],"product_tag":[],"class_list":{"0":"post-35118","1":"product","2":"type-product","3":"status-publish","5":"pwb-brand-topran","6":"product_cat-muut-luokat","7":"desktop-align-left","8":"tablet-align-left","9":"mobile-align-left","11":"first","12":"instock","13":"product-type-external"},"brands":[{"id":18,"name":"TOPRAN","slug":"topran"}],"_links":{"self":[{"href":"https:\/\/www.autonvaraosahaku.fi\/index.php?rest_route=\/wp\/v2\/product\/35118","targetHints":{"allow":["GET"]}}],"collection":[{"href":"https:\/\/www.autonvaraosahaku.fi\/index.php?rest_route=\/wp\/v2\/product"}],"about":[{"href":"https:\/\/www.autonvaraosahaku.fi\/index.php?rest_route=\/wp\/v2\/types\/product"}],"wp:attachment":[{"href":"https:\/\/www.autonvaraosahaku.fi\/index.php?rest_route=%2Fwp%2Fv2%2Fmedia&parent=35118"}],"wp:term":[{"taxonomy":"pwb-brand","embeddable":true,"href":"https:\/\/www.autonvaraosahaku.fi\/index.php?rest_route=%2Fwp%2Fv2%2Fpwb-brand&post=35118"},{"taxonomy":"product_cat","embeddable":true,"href":"https:\/\/www.autonvaraosahaku.fi\/index.php?rest_route=%2Fwp%2Fv2%2Fproduct_cat&post=35118"},{"taxonomy":"product_tag","embeddable":true,"href":"https:\/\/www.autonvaraosahaku.fi\/index.php?rest_route=%2Fwp%2Fv2%2Fproduct_tag&post=35118"}],"curies":[{"name":"wp","href":"https:\/\/api.w.org\/{rel}","templated":true}]}}