{"id":35119,"date":"2021-02-21T16:24:13","date_gmt":"2021-02-21T16:24:13","guid":{"rendered":"https:\/\/www.autonvaraosahaku.fi\/?product=ridex-3826c0009-muut-luokat"},"modified":"2021-02-21T16:24:13","modified_gmt":"2021-02-21T16:24:13","slug":"ridex-3826c0009-muut-luokat","status":"publish","type":"product","link":"https:\/\/www.autonvaraosahaku.fi\/?product=ridex-3826c0009-muut-luokat","title":{"rendered":"RIDEX 3826C0009 Muut luokat"},"content":{"rendered":"<p>K\u00e4ytt\u00f6: S\u00e4hk\u00f6-hydraulinen; Korvaava tuote\/korvaava tiedote 2: Tiivisterenkaalla; Napojen m\u00e4\u00e4r\u00e4: 2; Pistokkeen kotelon muoto: suorakulmainen (rectangular); TECDOC-moottorinumero: 24624; BMW: 3 Touring E91,3 E90,5 Touring F11,5 F10, F18,1 F20,X5 E70,X3 F25,3 Coupe E92,3 Touring F31,3 F30, F35, F80,3 Cabriolet E93,1 F21,1 Cabriolet E88,7 F01, F02, F03, F04,1 Coupe E82,5 Gran Turismo F07,X6 E71, E72,3 Gran Turismo F34,4 Coupe F32, F82,X5 F15, F85,2 Coupe F22,6 Gran Coupe F06,6 Coupe F13,4 Cabriolet F33, F83,6 Cabriolet F12,4 Gran Coupe F36,X4 F26,2 Cabriolet F23,X6 F16, F86,7 G11, G12; ROLLS-ROYCE: GHOST RR4,WRAITH RR5,DAWN RR6; 11367561265, 11367585776, 11367610060, 11367851299, 11368605123, 7561265, 7585776, 7610060, 7851299, 8605123<\/p>\n","protected":false},"excerpt":{"rendered":"<p>RIDEX S\u00e4\u00e4t\u00f6venttiili, Nokka-Akselin Ajoitus (Vvt) 3826C0009  BMW,ROLLS-ROYCE,3 Touring E91,3 E90,5 Touring F11,5 F10, F18,1 F20,X5 E70,X3 F25<\/p>\n","protected":false},"featured_media":0,"template":"","meta":{"site-sidebar-layout":"default","site-content-layout":"default","ast-global-header-display":"","ast-main-header-display":"","ast-hfb-above-header-display":"","ast-hfb-below-header-display":"","ast-hfb-mobile-header-display":"","site-post-title":"","ast-breadcrumbs-content":"","ast-featured-img":"","footer-sml-layout":"","theme-transparent-header-meta":"","adv-header-id-meta":"","stick-header-meta":"","header-above-stick-meta":"","header-main-stick-meta":"","header-below-stick-meta":""},"pwb-brand":[157],"product_cat":[37],"product_tag":[],"class_list":{"0":"post-35119","1":"product","2":"type-product","3":"status-publish","5":"pwb-brand-ridex","6":"product_cat-muut-luokat","7":"desktop-align-left","8":"tablet-align-left","9":"mobile-align-left","11":"first","12":"instock","13":"product-type-external"},"brands":[{"id":157,"name":"RIDEX","slug":"ridex"}],"_links":{"self":[{"href":"https:\/\/www.autonvaraosahaku.fi\/index.php?rest_route=\/wp\/v2\/product\/35119","targetHints":{"allow":["GET"]}}],"collection":[{"href":"https:\/\/www.autonvaraosahaku.fi\/index.php?rest_route=\/wp\/v2\/product"}],"about":[{"href":"https:\/\/www.autonvaraosahaku.fi\/index.php?rest_route=\/wp\/v2\/types\/product"}],"wp:attachment":[{"href":"https:\/\/www.autonvaraosahaku.fi\/index.php?rest_route=%2Fwp%2Fv2%2Fmedia&parent=35119"}],"wp:term":[{"taxonomy":"pwb-brand","embeddable":true,"href":"https:\/\/www.autonvaraosahaku.fi\/index.php?rest_route=%2Fwp%2Fv2%2Fpwb-brand&post=35119"},{"taxonomy":"product_cat","embeddable":true,"href":"https:\/\/www.autonvaraosahaku.fi\/index.php?rest_route=%2Fwp%2Fv2%2Fproduct_cat&post=35119"},{"taxonomy":"product_tag","embeddable":true,"href":"https:\/\/www.autonvaraosahaku.fi\/index.php?rest_route=%2Fwp%2Fv2%2Fproduct_tag&post=35119"}],"curies":[{"name":"wp","href":"https:\/\/api.w.org\/{rel}","templated":true}]}}