{"id":35135,"date":"2021-02-21T16:24:13","date_gmt":"2021-02-21T16:24:13","guid":{"rendered":"https:\/\/www.autonvaraosahaku.fi\/?product=alanko-10900169-turboahdin"},"modified":"2021-02-21T16:24:16","modified_gmt":"2021-02-21T16:24:16","slug":"alanko-10900169-turboahdin","status":"publish","type":"product","link":"https:\/\/www.autonvaraosahaku.fi\/?product=alanko-10900169-turboahdin","title":{"rendered":"ALANKO 10900169 Turboahdin"},"content":{"rendered":"<p>Ahtotapa: Pakokaasuahdin; Huomioi tekniset tiedot: ; Lis\u00e4tarvike\/lis\u00e4tieto: sis. tiivistesarjan; M\u00e4\u00e4r\u00e4yksikk\u00f6: Kappale; Uusi osa: ; JEEP: GRAND CHEROKEE III WH, WK,COMMANDER XK; MERCEDES-BENZ: C-CLASS W203,E-CLASS W211,C-CLASS W204,C-CLASS T-Model S204,C-CLASS T-Model S203,E-CLASS T-Model S211,VIANO W639,M-CLASS W164,VITO Bus W639,CLK C209,VITO \/ MIXTO Kasten W639,SPRINTER 3,5-t Kasten 906,CLS C219,R-CLASS W251, V251,CLK Cabriolet A209,GL-CLASS X164,SPRINTER 3,5-t Pritsche\/Fahrgestell 906,SPRINTER 5-t Kasten 906,SPRINTER 5-t Pritsche\/Fahrgestell 906; CHRYSLER: 300 C Touring LX,300 C LX; 05179566AB, 5179566AB, 68037207AA, K05179566AB, 6420900080, 6420900280, 6420900780, 6420901480, 6420901880, 6420902080, 6420903080, 6420904780, 6420904980, 6420905980, 642090598080, 6420906980, 642090698080, A6420900080, A6420900280, A6420900780, A6420901480, A6420901880, A6420902080, A6420903080, A6420904780, A6420904980, A6420905980, A642090598080, A6420906980, A642090698080, A9420904980<\/p>\n","protected":false},"excerpt":{"rendered":"<p>ALANKO Turboahdin 10900169  JEEP,MERCEDES-BENZ,CHRYSLER,GRAND CHEROKEE III WH, WK,COMMANDER XK,C-CLASS W203,E-CLASS W211,C-CLASS W204<\/p>\n","protected":false},"featured_media":0,"template":"","meta":{"site-sidebar-layout":"default","site-content-layout":"default","ast-global-header-display":"","ast-main-header-display":"","ast-hfb-above-header-display":"","ast-hfb-below-header-display":"","ast-hfb-mobile-header-display":"","site-post-title":"","ast-breadcrumbs-content":"","ast-featured-img":"","footer-sml-layout":"","theme-transparent-header-meta":"","adv-header-id-meta":"","stick-header-meta":"","header-above-stick-meta":"","header-main-stick-meta":"","header-below-stick-meta":""},"pwb-brand":[324],"product_cat":[250],"product_tag":[],"class_list":{"0":"post-35135","1":"product","2":"type-product","3":"status-publish","5":"pwb-brand-alanko","6":"product_cat-turboahdin","7":"desktop-align-left","8":"tablet-align-left","9":"mobile-align-left","11":"first","12":"instock","13":"product-type-external"},"brands":[{"id":324,"name":"ALANKO","slug":"alanko"}],"_links":{"self":[{"href":"https:\/\/www.autonvaraosahaku.fi\/index.php?rest_route=\/wp\/v2\/product\/35135","targetHints":{"allow":["GET"]}}],"collection":[{"href":"https:\/\/www.autonvaraosahaku.fi\/index.php?rest_route=\/wp\/v2\/product"}],"about":[{"href":"https:\/\/www.autonvaraosahaku.fi\/index.php?rest_route=\/wp\/v2\/types\/product"}],"wp:attachment":[{"href":"https:\/\/www.autonvaraosahaku.fi\/index.php?rest_route=%2Fwp%2Fv2%2Fmedia&parent=35135"}],"wp:term":[{"taxonomy":"pwb-brand","embeddable":true,"href":"https:\/\/www.autonvaraosahaku.fi\/index.php?rest_route=%2Fwp%2Fv2%2Fpwb-brand&post=35135"},{"taxonomy":"product_cat","embeddable":true,"href":"https:\/\/www.autonvaraosahaku.fi\/index.php?rest_route=%2Fwp%2Fv2%2Fproduct_cat&post=35135"},{"taxonomy":"product_tag","embeddable":true,"href":"https:\/\/www.autonvaraosahaku.fi\/index.php?rest_route=%2Fwp%2Fv2%2Fproduct_tag&post=35135"}],"curies":[{"name":"wp","href":"https:\/\/api.w.org\/{rel}","templated":true}]}}