{"id":35137,"date":"2021-02-21T16:24:13","date_gmt":"2021-02-21T16:24:13","guid":{"rendered":"https:\/\/www.autonvaraosahaku.fi\/?product=magneti-marelli-466016355151-lambda-anturi"},"modified":"2021-02-21T16:24:16","modified_gmt":"2021-02-21T16:24:16","slug":"magneti-marelli-466016355151-lambda-anturi","status":"publish","type":"product","link":"https:\/\/www.autonvaraosahaku.fi\/?product=magneti-marelli-466016355151-lambda-anturi","title":{"rendered":"MAGNETI MARELLI 466016355151 Lambda anturi"},"content":{"rendered":"<p>Johtimien m\u00e4\u00e4r\u00e4: 5; Pituus (mm): 750; johtojen lukum\u00e4\u00e4r\u00e4: 5; Kaapelinmitta (mm): 750; Lambdatunnistin: L\u00e4mmitetty; Moottorinumero: AYL; VW: GOLF V 1K1,POLO 9N_,TOURAN 1T1, 1T2,PASSAT Variant 3B6,SHARAN 7M8, 7M9, 7M6,TRANSPORTER V Bus 7HB, 7HJ, 7EB, 7EJ, 7EF,TOUAREG 7LA, 7L6, 7L7,MULTIVAN V 7HM, 7HN, 7HF, 7EF, 7EM, 7EN,TRANSPORTER V Kasten 7HA, 7HH, 7EA, 7EH,PASSAT 3B3,TRANSPORTER V Pritsche\/Fahrgestell 7JD, 7JE, 7JL, 7JY, 7JZ,; AUDI: A8 4E_; FORD: GALAXY WGR; SKODA: FABIA Combi 6Y5,FABIA 6Y2,FABIA Stufenheck 6Y3,FABIA Praktik; SEAT: IBIZA IV 6L1,ALHAMBRA 7V8, 7V9,CORDOBA 6L2; 079906262, 07C906262AB, 07D906262D, 1K0998262H, 1131849, YM219F472JA, 022906262N, 03E906262, 1K0998262H, 03C906262C, 03E906262, 022906262AA, 022906262AR, 022906262AS, 022906262BE, 022906262BF, 022906262N, 022906262T, 03C906262C, 03E906262, 06A906262BT, 06A906265BT, 07C906262AB, 07D906262D, 1K0998262H, 79906262; Lambdatunnistin,Happianturi<\/p>\n","protected":false},"excerpt":{"rendered":"<p>MAGNETI MARELLI Lambda Anturi 466016355151 Lambdatunnistin,Happianturi VW,AUDI,FORD,GOLF V 1K1,POLO 9N_,TOURAN 1T1, 1T2,PASSAT Variant 3B6<\/p>\n","protected":false},"featured_media":0,"template":"","meta":{"site-sidebar-layout":"default","site-content-layout":"default","ast-global-header-display":"","ast-main-header-display":"","ast-hfb-above-header-display":"","ast-hfb-below-header-display":"","ast-hfb-mobile-header-display":"","site-post-title":"","ast-breadcrumbs-content":"","ast-featured-img":"","footer-sml-layout":"","theme-transparent-header-meta":"","adv-header-id-meta":"","stick-header-meta":"","header-above-stick-meta":"","header-main-stick-meta":"","header-below-stick-meta":""},"pwb-brand":[34],"product_cat":[264],"product_tag":[],"class_list":{"0":"post-35137","1":"product","2":"type-product","3":"status-publish","5":"pwb-brand-magneti-marelli","6":"product_cat-lambda-anturi","7":"desktop-align-left","8":"tablet-align-left","9":"mobile-align-left","11":"first","12":"instock","13":"product-type-external"},"brands":[{"id":34,"name":"MAGNETI MARELLI","slug":"magneti-marelli"}],"_links":{"self":[{"href":"https:\/\/www.autonvaraosahaku.fi\/index.php?rest_route=\/wp\/v2\/product\/35137","targetHints":{"allow":["GET"]}}],"collection":[{"href":"https:\/\/www.autonvaraosahaku.fi\/index.php?rest_route=\/wp\/v2\/product"}],"about":[{"href":"https:\/\/www.autonvaraosahaku.fi\/index.php?rest_route=\/wp\/v2\/types\/product"}],"wp:attachment":[{"href":"https:\/\/www.autonvaraosahaku.fi\/index.php?rest_route=%2Fwp%2Fv2%2Fmedia&parent=35137"}],"wp:term":[{"taxonomy":"pwb-brand","embeddable":true,"href":"https:\/\/www.autonvaraosahaku.fi\/index.php?rest_route=%2Fwp%2Fv2%2Fpwb-brand&post=35137"},{"taxonomy":"product_cat","embeddable":true,"href":"https:\/\/www.autonvaraosahaku.fi\/index.php?rest_route=%2Fwp%2Fv2%2Fproduct_cat&post=35137"},{"taxonomy":"product_tag","embeddable":true,"href":"https:\/\/www.autonvaraosahaku.fi\/index.php?rest_route=%2Fwp%2Fv2%2Fproduct_tag&post=35137"}],"curies":[{"name":"wp","href":"https:\/\/api.w.org\/{rel}","templated":true}]}}