{"id":35138,"date":"2021-02-21T16:24:13","date_gmt":"2021-02-21T16:24:13","guid":{"rendered":"https:\/\/www.autonvaraosahaku.fi\/?product=alanko-10443285-laturi"},"modified":"2021-02-21T16:24:17","modified_gmt":"2021-02-21T16:24:17","slug":"alanko-10443285-laturi","status":"publish","type":"product","link":"https:\/\/www.autonvaraosahaku.fi\/?product=alanko-10443285-laturi","title":{"rendered":"ALANKO 10443285 Laturi"},"content":{"rendered":"<p>J\u00e4nnite (V): 12; Laturi varausvirta (A): 85; Kiinnitysreikien lukum\u00e4\u00e4r\u00e4: 2, 2; kierrereiki\u00e4 [kpl]: 0; Hihnapy\u00f6r\u00e4-\u00d8[mm]: 58; kiiloja: 7; Hihnapy\u00f6r\u00e4t: V\u00e4lihihnapy\u00f6r\u00e4ll\u00e4; Pistokemallin tunnus: B+(M6),IG-S-L-M; Pistokkeen kotelon muoto: Kulmikas; Py\u00f6rimissuunta: Py\u00f6rimissuunta my\u00f6t\u00e4p\u00e4iv\u00e4\u00e4n; M\u00e4\u00e4r\u00e4yksikk\u00f6: Kappale; Uusi osa: , ; TOYOTA: LAND CRUISER KDJ12_, GRJ12_,HILUX III Pick-up TGN1_, GGN2_, GGN1_, KUN2_, KUN1_,LAND CRUISER 90 _J9_,HILUX VI Pick-up _N1_,HILUX III Pritsche\/Fahrgestell KUN1_, TGN3_, TGN2_, TGN1_,,HIACE IV Bus LH1_,HIACE IV Kasten LXH1_, RZH1_, LH1_,HIACE IV Kasten TRH2_, KDH2_,HIACE \/ COMMUTER IV TRH2_, KDH2_,DYNA Pritsche\/Fahrgestell KD_, LY_, TRY2_, KDY2_, XZU4_, XZ,FORTUNER Gel\u00e4ndewagen geschlossen TGN6_, KUN6_, GGN6_, TGN5; 270600L020, 270600L021, 270600L022, 270600L030, 270600L040, 270600L050, 270600L060, 270600L080, 270600L081, 270600L090, 270600L100, 2706030010, 2706030020, 2706030030, 2706030040, 2706030050, 2706030080, 2706030120, 2706030150, 2706030151, 2706030152, 2706030154; Generaattori<\/p>\n","protected":false},"excerpt":{"rendered":"<p>ALANKO Laturi 10443285 Generaattori TOYOTA,LAND CRUISER KDJ12_, GRJ12_,HILUX III Pick-up TGN1_, GGN2_, GGN1_, KUN2_, KUN1_,LAND CRUISER 90 _J9_<\/p>\n","protected":false},"featured_media":0,"template":"","meta":{"site-sidebar-layout":"default","site-content-layout":"default","ast-global-header-display":"","ast-main-header-display":"","ast-hfb-above-header-display":"","ast-hfb-below-header-display":"","ast-hfb-mobile-header-display":"","site-post-title":"","ast-breadcrumbs-content":"","ast-featured-img":"","footer-sml-layout":"","theme-transparent-header-meta":"","adv-header-id-meta":"","stick-header-meta":"","header-above-stick-meta":"","header-main-stick-meta":"","header-below-stick-meta":""},"pwb-brand":[324],"product_cat":[357],"product_tag":[],"class_list":{"0":"post-35138","1":"product","2":"type-product","3":"status-publish","5":"pwb-brand-alanko","6":"product_cat-laturi","7":"desktop-align-left","8":"tablet-align-left","9":"mobile-align-left","11":"first","12":"instock","13":"product-type-external"},"brands":[{"id":324,"name":"ALANKO","slug":"alanko"}],"_links":{"self":[{"href":"https:\/\/www.autonvaraosahaku.fi\/index.php?rest_route=\/wp\/v2\/product\/35138","targetHints":{"allow":["GET"]}}],"collection":[{"href":"https:\/\/www.autonvaraosahaku.fi\/index.php?rest_route=\/wp\/v2\/product"}],"about":[{"href":"https:\/\/www.autonvaraosahaku.fi\/index.php?rest_route=\/wp\/v2\/types\/product"}],"wp:attachment":[{"href":"https:\/\/www.autonvaraosahaku.fi\/index.php?rest_route=%2Fwp%2Fv2%2Fmedia&parent=35138"}],"wp:term":[{"taxonomy":"pwb-brand","embeddable":true,"href":"https:\/\/www.autonvaraosahaku.fi\/index.php?rest_route=%2Fwp%2Fv2%2Fpwb-brand&post=35138"},{"taxonomy":"product_cat","embeddable":true,"href":"https:\/\/www.autonvaraosahaku.fi\/index.php?rest_route=%2Fwp%2Fv2%2Fproduct_cat&post=35138"},{"taxonomy":"product_tag","embeddable":true,"href":"https:\/\/www.autonvaraosahaku.fi\/index.php?rest_route=%2Fwp%2Fv2%2Fproduct_tag&post=35138"}],"curies":[{"name":"wp","href":"https:\/\/api.w.org\/{rel}","templated":true}]}}