{"id":35142,"date":"2021-02-21T16:24:18","date_gmt":"2021-02-21T16:24:18","guid":{"rendered":"https:\/\/www.autonvaraosahaku.fi\/?product=alanko-10440838-starttimoottori"},"modified":"2021-02-21T16:24:19","modified_gmt":"2021-02-21T16:24:19","slug":"alanko-10440838-starttimoottori","status":"publish","type":"product","link":"https:\/\/www.autonvaraosahaku.fi\/?product=alanko-10440838-starttimoottori","title":{"rendered":"ALANKO 10440838 Starttimoottori"},"content":{"rendered":"<p>J\u00e4nnite (V): 12; K\u00e4ynnistinmoottori teho (kW): 1,1; Hammasluku: 9; Kiinnitysreikien lukum\u00e4\u00e4r\u00e4: 2, 2; kierrereiki\u00e4 [kpl]: 2; Laippa \u00d8(mm): 82,5; Pistokemallin tunnus: Plug; Py\u00f6rimissuunta: Py\u00f6rimissuunta my\u00f6t\u00e4p\u00e4iv\u00e4\u00e4n; M\u00e4\u00e4r\u00e4yksikk\u00f6: Kappale; Uusi osa: ; Valmistusvuosi alkaen: 01\/1988; VW: PASSAT Variant 3B6,PASSAT Variant 3B5,PASSAT 3B2,PASSAT 3B3,KAEFER Cabriolet 15,TRANSPORTER I Bus 22, 24, 25, 28; AUDI: A4 8D2, B5,A4 Avant 8E5, B6,A6 Avant 4B5, C5,A4 Avant 8D5, B5,A4 8E2, B6,80 8C, B4,A6 4B2, C5,A4 Cabriolet 8H7, B6, 8HE, B7,80 89, 89Q, 8A, B3,CABRIOLET 8G7, B4,100 4A, C4,80 Avant 8C, B4,100 44, 44Q, C3,A6 Avant 4A, C4,A6 4A, C4,COUPE 89, 8B,100 Avant 4A, C4,90 89, 89Q, 8A, B3,100 Avant 44, 44Q, C3; SKODA: SUPERB 3U4; 053911023A, 053911023B, 058911023B, 06B911023, 06B911023, 06B911023X, 026911023C, 026911023CX, 026911023F, 026911023G, 026911023GX, 053911023, 053911023A, 053911023AX, 053911023B, 053911023BX, 058911023B, 058911023BV, 058911023BX, 06B911023, 06B911023X, 53911023; Startti,K\u00e4ynnistinmoottori<\/p>\n","protected":false},"excerpt":{"rendered":"<p>ALANKO Starttimoottori 10440838 Startti,K\u00e4ynnistinmoottori VW,AUDI,SKODA,PASSAT Variant 3B6,PASSAT Variant 3B5,PASSAT 3B2,PASSAT 3B3<\/p>\n","protected":false},"featured_media":0,"template":"","meta":{"site-sidebar-layout":"default","site-content-layout":"default","ast-global-header-display":"","ast-main-header-display":"","ast-hfb-above-header-display":"","ast-hfb-below-header-display":"","ast-hfb-mobile-header-display":"","site-post-title":"","ast-breadcrumbs-content":"","ast-featured-img":"","footer-sml-layout":"","theme-transparent-header-meta":"","adv-header-id-meta":"","stick-header-meta":"","header-above-stick-meta":"","header-main-stick-meta":"","header-below-stick-meta":""},"pwb-brand":[324],"product_cat":[295],"product_tag":[],"class_list":{"0":"post-35142","1":"product","2":"type-product","3":"status-publish","5":"pwb-brand-alanko","6":"product_cat-starttimoottori","7":"desktop-align-left","8":"tablet-align-left","9":"mobile-align-left","11":"first","12":"instock","13":"product-type-external"},"brands":[{"id":324,"name":"ALANKO","slug":"alanko"}],"_links":{"self":[{"href":"https:\/\/www.autonvaraosahaku.fi\/index.php?rest_route=\/wp\/v2\/product\/35142","targetHints":{"allow":["GET"]}}],"collection":[{"href":"https:\/\/www.autonvaraosahaku.fi\/index.php?rest_route=\/wp\/v2\/product"}],"about":[{"href":"https:\/\/www.autonvaraosahaku.fi\/index.php?rest_route=\/wp\/v2\/types\/product"}],"wp:attachment":[{"href":"https:\/\/www.autonvaraosahaku.fi\/index.php?rest_route=%2Fwp%2Fv2%2Fmedia&parent=35142"}],"wp:term":[{"taxonomy":"pwb-brand","embeddable":true,"href":"https:\/\/www.autonvaraosahaku.fi\/index.php?rest_route=%2Fwp%2Fv2%2Fpwb-brand&post=35142"},{"taxonomy":"product_cat","embeddable":true,"href":"https:\/\/www.autonvaraosahaku.fi\/index.php?rest_route=%2Fwp%2Fv2%2Fproduct_cat&post=35142"},{"taxonomy":"product_tag","embeddable":true,"href":"https:\/\/www.autonvaraosahaku.fi\/index.php?rest_route=%2Fwp%2Fv2%2Fproduct_tag&post=35142"}],"curies":[{"name":"wp","href":"https:\/\/api.w.org\/{rel}","templated":true}]}}