{"id":35156,"date":"2021-02-21T16:24:18","date_gmt":"2021-02-21T16:24:18","guid":{"rendered":"https:\/\/www.autonvaraosahaku.fi\/?product=maxgear-67-0072-termostaatti"},"modified":"2021-02-21T16:24:21","modified_gmt":"2021-02-21T16:24:21","slug":"maxgear-67-0072-termostaatti","status":"publish","type":"product","link":"https:\/\/www.autonvaraosahaku.fi\/?product=maxgear-67-0072-termostaatti","title":{"rendered":"MAXGEAR 67-0072 Termostaatti"},"content":{"rendered":"<p>Avausl\u00e4mp\u00f6tila [\u00b0C]: 89; Lis\u00e4tarvike\/lis\u00e4tieto: Tiivisteill\u00e4; L\u00e4pimitta 1 [mm]: 54; L\u00e4pimitta 2 [mm]: 22; Korkeus 1 (mm): 33; TECDOC-moottorinumero: 17478; OPEL: CORSA C F08, F68,ASTRA H Caravan L35,MERIVA,ASTRA G CC F48_, F08_,ASTRA H L48,ASTRA G Caravan F35_,ASTRA H GTC L08,COMBO Kasten\/Kombi,ASTRA G Stufenheck F69_,COMBO Tour,CORSA C Kasten F08, W5L,ASTRA H Stufenheck L69,ASTRA H Kasten L70,ASTRA G Kasten F70; VAUXHALL: ASTRA Mk V H CC,CORSA Mk II C W5L, F08,ASTRA Mk V H Estate,ASTRA Mk IV G CC,CORSAVAN Mk II C,ASTRA Mk IV G Sedan,MERIVA Mk I A,ASTRAVAN Mk V H,ASTRAVAN Mk IV G,COMBO TOUR Mk II C F25,COMBO Mk II C Kasten\/Kombi F25,ASTRA Mk IV G Estate; 8971351451, 8980255570, 1338005, 1338724, 97135145, 98025557; Termostaatti, J\u00e4\u00e4hdytysneste<\/p>\n","protected":false},"excerpt":{"rendered":"<p>MAXGEAR Termostaatti 67-0072 Termostaatti, J\u00e4\u00e4hdytysneste OPEL,VAUXHALL,CORSA C F08, F68,ASTRA H Caravan L35,MERIVA,ASTRA G CC F48_, F08_,ASTRA H L48<\/p>\n","protected":false},"featured_media":0,"template":"","meta":{"site-sidebar-layout":"default","site-content-layout":"default","ast-global-header-display":"","ast-main-header-display":"","ast-hfb-above-header-display":"","ast-hfb-below-header-display":"","ast-hfb-mobile-header-display":"","site-post-title":"","ast-breadcrumbs-content":"","ast-featured-img":"","footer-sml-layout":"","theme-transparent-header-meta":"","adv-header-id-meta":"","stick-header-meta":"","header-above-stick-meta":"","header-main-stick-meta":"","header-below-stick-meta":""},"pwb-brand":[48],"product_cat":[174],"product_tag":[],"class_list":{"0":"post-35156","1":"product","2":"type-product","3":"status-publish","5":"pwb-brand-maxgear","6":"product_cat-termostaatti","7":"desktop-align-left","8":"tablet-align-left","9":"mobile-align-left","11":"first","12":"instock","13":"product-type-external"},"brands":[{"id":48,"name":"MAXGEAR","slug":"maxgear"}],"_links":{"self":[{"href":"https:\/\/www.autonvaraosahaku.fi\/index.php?rest_route=\/wp\/v2\/product\/35156","targetHints":{"allow":["GET"]}}],"collection":[{"href":"https:\/\/www.autonvaraosahaku.fi\/index.php?rest_route=\/wp\/v2\/product"}],"about":[{"href":"https:\/\/www.autonvaraosahaku.fi\/index.php?rest_route=\/wp\/v2\/types\/product"}],"wp:attachment":[{"href":"https:\/\/www.autonvaraosahaku.fi\/index.php?rest_route=%2Fwp%2Fv2%2Fmedia&parent=35156"}],"wp:term":[{"taxonomy":"pwb-brand","embeddable":true,"href":"https:\/\/www.autonvaraosahaku.fi\/index.php?rest_route=%2Fwp%2Fv2%2Fpwb-brand&post=35156"},{"taxonomy":"product_cat","embeddable":true,"href":"https:\/\/www.autonvaraosahaku.fi\/index.php?rest_route=%2Fwp%2Fv2%2Fproduct_cat&post=35156"},{"taxonomy":"product_tag","embeddable":true,"href":"https:\/\/www.autonvaraosahaku.fi\/index.php?rest_route=%2Fwp%2Fv2%2Fproduct_tag&post=35156"}],"curies":[{"name":"wp","href":"https:\/\/api.w.org\/{rel}","templated":true}]}}