{"id":35157,"date":"2021-02-21T16:24:18","date_gmt":"2021-02-21T16:24:18","guid":{"rendered":"https:\/\/www.autonvaraosahaku.fi\/?product=meyle-714-016-0000-pissapojan-pumppu"},"modified":"2021-02-21T16:24:21","modified_gmt":"2021-02-21T16:24:21","slug":"meyle-714-016-0000-pissapojan-pumppu","status":"publish","type":"product","link":"https:\/\/www.autonvaraosahaku.fi\/?product=meyle-714-016-0000-pissapojan-pumppu","title":{"rendered":"MEYLE 714 016 0000 Pissapojan pumppu"},"content":{"rendered":"<p>Asennuspuoli: Edess\u00e4 ja takana; Pumpputyyppi: Kaksoispumppu; J\u00e4nnite (V): 12; lis\u00e4tieto: ORIGINAL Quality; Valmistusvuosi alkaen: 12\/2004; MAZDA: 2 DY,121 III JASM, JBSM; FORD: FIESTA V JH_, JD_,FOCUS Kombi DNW,FOCUS DAW, DBW,FIESTA IV JA_, JB_,FUSION JU_,KA RB_,TRANSIT MK-7 Kasten,FOCUS Stufenheck DFW,MONDEO II Kombi BNP,FIESTA III GFJ,TRANSIT Kasten FA_ _,TRANSIT CONNECT P65_, P70_, P80_,TRANSIT Bus FD_ _, FB_ _, FS_ _, FZ_ _, FC_ _,COUGAR EC_,MONDEO II BAP,TOURNEO CONNECT,ECOSPORT,PUMA EC_,TRANSIT Pritsche\/Fahrgestell FM_ _, FN_ _,ESCORT VII GAL, AAL, ABL,ESCORT IV Cabriolet ALF,MONDEO I Kombi BNP,SIERRA GBG, GB4,MONDEO I GBP,ESCORT VII Kombi GAL, ANL,ESCORT VII Cabriolet ALL,ESCORT VI Cabriolet ALL,ESCORT VI GAL,SCORPIO II GFR, GGR,SIERRA Schr\u00e4gheck GBC, GBG,ESCORT IV GAF, AWF, ABFT,SCORPIO I GAE, GGE,ESCORT V Cabriolet ALL,ESCORT &#8217;95 Express AVL,FIESTA Kasten J5_, J3_,SCORPIO II Kombi GNR, GGR,SCORPIO I Stufenheck GGE,ESCORT V GAL,ESCORT VII Stufenheck GAL, AFL,FIESTA Kasten JV_,SIERRA Kombi BNG,ESCORT VI Kombi GAL,ESCORT CLASSIC AAL, ABL,ESCORT CLASSIC Turnier ANL,ESCORT VI Stufenheck GAL,FIESTA Kasten F3L, F5L,SCORPIO I Kombi GG; 1144480, 1652613, 2S6T17K624BA, 6164937, 6175672, 7003178, 87AB17K624AA, 87AB17K624AB, 87AB17K624AC, 93BB17K624BA, 1E0076672, DD1067482; Pesurin Pumppu,Lasinpesurin Pumppu,Pesunestepumppu, Lasinpesu<\/p>\n","protected":false},"excerpt":{"rendered":"<p>MEYLE Pissapojan Pumppu 714 016 0000 Pesurin Pumppu,Lasinpesurin Pumppu MAZDA,FORD,2 DY,121 III JASM, JBSM,FIESTA V JH_, JD_,FOCUS Kombi DNW<\/p>\n","protected":false},"featured_media":0,"template":"","meta":{"site-sidebar-layout":"default","site-content-layout":"default","ast-global-header-display":"","ast-main-header-display":"","ast-hfb-above-header-display":"","ast-hfb-below-header-display":"","ast-hfb-mobile-header-display":"","site-post-title":"","ast-breadcrumbs-content":"","ast-featured-img":"","footer-sml-layout":"","theme-transparent-header-meta":"","adv-header-id-meta":"","stick-header-meta":"","header-above-stick-meta":"","header-main-stick-meta":"","header-below-stick-meta":""},"pwb-brand":[84],"product_cat":[182],"product_tag":[],"class_list":{"0":"post-35157","1":"product","2":"type-product","3":"status-publish","5":"pwb-brand-meyle","6":"product_cat-pissapojan-pumppu","7":"desktop-align-left","8":"tablet-align-left","9":"mobile-align-left","11":"first","12":"instock","13":"product-type-external"},"brands":[{"id":84,"name":"MEYLE","slug":"meyle"}],"_links":{"self":[{"href":"https:\/\/www.autonvaraosahaku.fi\/index.php?rest_route=\/wp\/v2\/product\/35157","targetHints":{"allow":["GET"]}}],"collection":[{"href":"https:\/\/www.autonvaraosahaku.fi\/index.php?rest_route=\/wp\/v2\/product"}],"about":[{"href":"https:\/\/www.autonvaraosahaku.fi\/index.php?rest_route=\/wp\/v2\/types\/product"}],"wp:attachment":[{"href":"https:\/\/www.autonvaraosahaku.fi\/index.php?rest_route=%2Fwp%2Fv2%2Fmedia&parent=35157"}],"wp:term":[{"taxonomy":"pwb-brand","embeddable":true,"href":"https:\/\/www.autonvaraosahaku.fi\/index.php?rest_route=%2Fwp%2Fv2%2Fpwb-brand&post=35157"},{"taxonomy":"product_cat","embeddable":true,"href":"https:\/\/www.autonvaraosahaku.fi\/index.php?rest_route=%2Fwp%2Fv2%2Fproduct_cat&post=35157"},{"taxonomy":"product_tag","embeddable":true,"href":"https:\/\/www.autonvaraosahaku.fi\/index.php?rest_route=%2Fwp%2Fv2%2Fproduct_tag&post=35157"}],"curies":[{"name":"wp","href":"https:\/\/api.w.org\/{rel}","templated":true}]}}