{"id":35170,"date":"2021-02-21T16:24:23","date_gmt":"2021-02-21T16:24:23","guid":{"rendered":"https:\/\/www.autonvaraosahaku.fi\/?product=sasic-8704007-muut-luokat"},"modified":"2021-02-21T16:24:25","modified_gmt":"2021-02-21T16:24:25","slug":"sasic-8704007-muut-luokat","status":"publish","type":"product","link":"https:\/\/www.autonvaraosahaku.fi\/?product=sasic-8704007-muut-luokat","title":{"rendered":"SASIC 8704007 Muut luokat"},"content":{"rendered":"<p>Pituus (mm): 56; Ulkokierre [mm]: M12x1,25; Ruuvin pituus ilman p\u00e4\u00e4t\u00e4: 45; OE-numerolle: 8200689705; OPEL: MOVANO Kasten F9,MOVANO Combi J9; RENAULT: CLIO II BB0\/1\/2_, CB0\/1\/2_,KANGOO KC0\/1_,LAGUNA II Grandtour KG0\/1_,SC\u00c9NIC I JA0\/1_,MEGANE Scenic JA0\/1_,LAGUNA II BG0\/1_,TRAFIC II Bus JL,MEGANE I BA0\/1_,TRAFIC II Kasten FL,KANGOO Express FC0\/1_,LAGUNA I B56_, 556_,CLIO I B\/C57_, 5\/357_,LAGUNA I Grandtour K56_,19 II B\/C53_,RAPID Kasten F40_, G40_,19 I B\/C53_,CLIO I Kasten S57_,TRAFIC II Pritsche\/Fahrgestell EL,EXPRESS Pick-up; 4404389, 7700739905, 8200689705<\/p>\n","protected":false},"excerpt":{"rendered":"<p>SASIC Hihnapy\u00f6r\u00e4n Ruuvi 8704007  OPEL,RENAULT,MOVANO Kasten F9,MOVANO Combi J9,CLIO II BB0\/1\/2_, CB0\/1\/2_,KANGOO KC0\/1_,LAGUNA II Grandtour KG0\/1_<\/p>\n","protected":false},"featured_media":0,"template":"","meta":{"site-sidebar-layout":"default","site-content-layout":"default","ast-global-header-display":"","ast-main-header-display":"","ast-hfb-above-header-display":"","ast-hfb-below-header-display":"","ast-hfb-mobile-header-display":"","site-post-title":"","ast-breadcrumbs-content":"","ast-featured-img":"","footer-sml-layout":"","theme-transparent-header-meta":"","adv-header-id-meta":"","stick-header-meta":"","header-above-stick-meta":"","header-main-stick-meta":"","header-below-stick-meta":""},"pwb-brand":[110],"product_cat":[37],"product_tag":[],"class_list":{"0":"post-35170","1":"product","2":"type-product","3":"status-publish","5":"pwb-brand-sasic","6":"product_cat-muut-luokat","7":"desktop-align-left","8":"tablet-align-left","9":"mobile-align-left","11":"first","12":"instock","13":"product-type-external"},"brands":[{"id":110,"name":"SASIC","slug":"sasic"}],"_links":{"self":[{"href":"https:\/\/www.autonvaraosahaku.fi\/index.php?rest_route=\/wp\/v2\/product\/35170","targetHints":{"allow":["GET"]}}],"collection":[{"href":"https:\/\/www.autonvaraosahaku.fi\/index.php?rest_route=\/wp\/v2\/product"}],"about":[{"href":"https:\/\/www.autonvaraosahaku.fi\/index.php?rest_route=\/wp\/v2\/types\/product"}],"wp:attachment":[{"href":"https:\/\/www.autonvaraosahaku.fi\/index.php?rest_route=%2Fwp%2Fv2%2Fmedia&parent=35170"}],"wp:term":[{"taxonomy":"pwb-brand","embeddable":true,"href":"https:\/\/www.autonvaraosahaku.fi\/index.php?rest_route=%2Fwp%2Fv2%2Fpwb-brand&post=35170"},{"taxonomy":"product_cat","embeddable":true,"href":"https:\/\/www.autonvaraosahaku.fi\/index.php?rest_route=%2Fwp%2Fv2%2Fproduct_cat&post=35170"},{"taxonomy":"product_tag","embeddable":true,"href":"https:\/\/www.autonvaraosahaku.fi\/index.php?rest_route=%2Fwp%2Fv2%2Fproduct_tag&post=35170"}],"curies":[{"name":"wp","href":"https:\/\/api.w.org\/{rel}","templated":true}]}}