{"id":35211,"date":"2021-02-21T16:24:32","date_gmt":"2021-02-21T16:24:32","guid":{"rendered":"https:\/\/www.autonvaraosahaku.fi\/?product=eibach-s90-4-25-063-b-muut-luokat"},"modified":"2021-02-21T16:24:35","modified_gmt":"2021-02-21T16:24:35","slug":"eibach-s90-4-25-063-b-muut-luokat","status":"publish","type":"product","link":"https:\/\/www.autonvaraosahaku.fi\/?product=eibach-s90-4-25-063-b-muut-luokat","title":{"rendered":"EIBACH S90-4-25-063-B Muut luokat"},"content":{"rendered":"<p>Paksuus [mm]: 25; Raidev\u00e4lin suurennus per akseli: 50; keskitt\u00e4misl\u00e4pimitta [mm]: 70,5; Kierremitta: M14x1,5; Reik\u00e4ympyr\u00e4-\u00d8 [mm]: 114,3; Reikien m\u00e4\u00e4r\u00e4: 5; Pinta: eloksoitu; V\u00e4ri: Musta; Huomioi asennusohje: ; Tuotelinja: Pro-Spacer; Materiaali: Alumiini; Tuning: 1; Offset (ET) [mm]: 5; FORD USA: MUSTANG Coupe,MUSTANG Convertible; Raidev\u00e4lilevennys<\/p>\n","protected":false},"excerpt":{"rendered":"<p>EIBACH Levikepalat S90-4-25-063-B Raidev\u00e4lilevennys FORD USA,MUSTANG Coupe,MUSTANG Convertible<\/p>\n","protected":false},"featured_media":0,"template":"","meta":{"site-sidebar-layout":"default","site-content-layout":"default","ast-global-header-display":"","ast-main-header-display":"","ast-hfb-above-header-display":"","ast-hfb-below-header-display":"","ast-hfb-mobile-header-display":"","site-post-title":"","ast-breadcrumbs-content":"","ast-featured-img":"","footer-sml-layout":"","theme-transparent-header-meta":"","adv-header-id-meta":"","stick-header-meta":"","header-above-stick-meta":"","header-main-stick-meta":"","header-below-stick-meta":""},"pwb-brand":[328],"product_cat":[37],"product_tag":[],"class_list":{"0":"post-35211","1":"product","2":"type-product","3":"status-publish","5":"pwb-brand-eibach","6":"product_cat-muut-luokat","7":"desktop-align-left","8":"tablet-align-left","9":"mobile-align-left","11":"first","12":"instock","13":"product-type-external"},"brands":[{"id":328,"name":"EIBACH","slug":"eibach"}],"_links":{"self":[{"href":"https:\/\/www.autonvaraosahaku.fi\/index.php?rest_route=\/wp\/v2\/product\/35211","targetHints":{"allow":["GET"]}}],"collection":[{"href":"https:\/\/www.autonvaraosahaku.fi\/index.php?rest_route=\/wp\/v2\/product"}],"about":[{"href":"https:\/\/www.autonvaraosahaku.fi\/index.php?rest_route=\/wp\/v2\/types\/product"}],"wp:attachment":[{"href":"https:\/\/www.autonvaraosahaku.fi\/index.php?rest_route=%2Fwp%2Fv2%2Fmedia&parent=35211"}],"wp:term":[{"taxonomy":"pwb-brand","embeddable":true,"href":"https:\/\/www.autonvaraosahaku.fi\/index.php?rest_route=%2Fwp%2Fv2%2Fpwb-brand&post=35211"},{"taxonomy":"product_cat","embeddable":true,"href":"https:\/\/www.autonvaraosahaku.fi\/index.php?rest_route=%2Fwp%2Fv2%2Fproduct_cat&post=35211"},{"taxonomy":"product_tag","embeddable":true,"href":"https:\/\/www.autonvaraosahaku.fi\/index.php?rest_route=%2Fwp%2Fv2%2Fproduct_tag&post=35211"}],"curies":[{"name":"wp","href":"https:\/\/api.w.org\/{rel}","templated":true}]}}