{"id":35218,"date":"2021-02-21T16:24:32","date_gmt":"2021-02-21T16:24:32","guid":{"rendered":"https:\/\/www.autonvaraosahaku.fi\/?product=nissens-93037-turboahdin"},"modified":"2021-02-21T16:24:36","modified_gmt":"2021-02-21T16:24:36","slug":"nissens-93037-turboahdin","status":"publish","type":"product","link":"https:\/\/www.autonvaraosahaku.fi\/?product=nissens-93037-turboahdin","title":{"rendered":"NISSENS 93037 Turboahdin"},"content":{"rendered":"<p>Ahtotapa: Pakokaasuahdin; J\u00e4\u00e4hdytystapa: Ilmaj\u00e4\u00e4hdytteinen; K\u00e4ytt\u00f6: alipaineohjattu; Materiaali: Ter\u00e4s, Alumiini; Uusi osa: ; Lis\u00e4tarvike\/lis\u00e4tieto: Tiivisteill\u00e4; TECDOC-moottorinumero: 18508; MAZDA: 3 BK,3 BL,3 Stufenheck BK,3 Stufenheck BL; VOLVO: V50 MW,V70 III BW,C30,S40 II MS,S80 II AS; MINI: MINI R56,MINI CLUBMAN R55; FORD: FOCUS II Kombi DA_,FOCUS II DA_,FOCUS C-MAX,C-MAX DM2,FOCUS II Stufenheck DA_; CITRO\u00cbN: XSARA PICASSO N68,C2 JM_,C3 I FC_,BERLINGO B9,C5 III Break TD_,C4 Picasso I UD_,C4 Grand Picasso I UA_,C4 I LC_,C5 II Break RE_,C3 Picasso,C5 III RD_,C4 Coupe LA_,C5 II RC_,BERLINGO Kasten B9,C4 Stufenheck L; PEUGEOT: 206 Schr\u00e4gheck 2A\/C,206 CC 2D,207 WA_, WC_,307 SW 3H,207 CC WD_,407 SW 6E_,307 3A\/C,207 SW WK_,308 SW,206 SW 2E\/K,308 4A_, 4C_,5008,307 Break 3E,407 6D_,3008,PARTNER Tepee,308 CC,1007 KM_,PARTNER Kasten,207 Van,PARTNER Pritsche\/Fahrgestell; 0375J3, 0375J6, 0375J7, 0375J8, 11657804903, 1231096, 1254337, 1319614, 1340133, 1355027, 1373584, 1441253, 1465162, 1479055, 1789074, 31259243, 36000722, 36002480, 3M5Q6K682AA, 3M5Q6K682AB, 3M5Q6K682AC, 3M5Q6K682AE, 3M5Q6K682AF, 3M5Q6K682AG, 3M5Q6K682AH, 3M5Q6K682AJ, 3M5Q6K682AK, 7804903, 8252088, 8603489, 8603746, 9650764480, 9651839880, 9652113780, 9654128780, 9656125880, 9657248680, 9657571880, 9660641380, 9663199280, RE3M5Q6K682AK, Y60113700, Y60113700A, Y60113700B, Y60113700C, Y60113700D, Y60113700E, Y60113700F, Y60113700G, 0375J3, 0375J6, 0375J7, 0375J8, 11657804903, 1231096, 1254337, 1319614, 1340133, 1355027, 1373584, 1441253, 1465162, 1479055, 1789074, 31259243, 36000722, 36002480, 3M5Q6K682AA, 3M5Q6K682AB, 3M5Q6K682AC, 3M5Q6K682AE, 3M5Q6K682AF, 3M5Q6K682AG, 3M5Q6K682AH, 3M5Q6K682AJ, 3M5Q6K682AK, 7804903, 8252088, 8603489, 8603746, 9650764480, 9651839880, 9652113780, 9654128780, 9656125880, 9657248680, 9657571880, 9660641380, 9663199280, RE3M5Q6K682AK, Y60113700, Y60113700A&#8230;<\/p>\n","protected":false},"excerpt":{"rendered":"<p>NISSENS Turboahdin 93037  MAZDA,VOLVO,MINI,3 BK,3 BL,3 Stufenheck BK,3 Stufenheck BL,V50 MW,V70 III BW,C30,S40 II MS,S80 II AS,MINI R56<\/p>\n","protected":false},"featured_media":0,"template":"","meta":{"site-sidebar-layout":"default","site-content-layout":"default","ast-global-header-display":"","ast-main-header-display":"","ast-hfb-above-header-display":"","ast-hfb-below-header-display":"","ast-hfb-mobile-header-display":"","site-post-title":"","ast-breadcrumbs-content":"","ast-featured-img":"","footer-sml-layout":"","theme-transparent-header-meta":"","adv-header-id-meta":"","stick-header-meta":"","header-above-stick-meta":"","header-main-stick-meta":"","header-below-stick-meta":""},"pwb-brand":[315],"product_cat":[250],"product_tag":[],"class_list":{"0":"post-35218","1":"product","2":"type-product","3":"status-publish","5":"pwb-brand-nissens","6":"product_cat-turboahdin","7":"desktop-align-left","8":"tablet-align-left","9":"mobile-align-left","11":"first","12":"instock","13":"product-type-external"},"brands":[{"id":315,"name":"NISSENS","slug":"nissens"}],"_links":{"self":[{"href":"https:\/\/www.autonvaraosahaku.fi\/index.php?rest_route=\/wp\/v2\/product\/35218","targetHints":{"allow":["GET"]}}],"collection":[{"href":"https:\/\/www.autonvaraosahaku.fi\/index.php?rest_route=\/wp\/v2\/product"}],"about":[{"href":"https:\/\/www.autonvaraosahaku.fi\/index.php?rest_route=\/wp\/v2\/types\/product"}],"wp:attachment":[{"href":"https:\/\/www.autonvaraosahaku.fi\/index.php?rest_route=%2Fwp%2Fv2%2Fmedia&parent=35218"}],"wp:term":[{"taxonomy":"pwb-brand","embeddable":true,"href":"https:\/\/www.autonvaraosahaku.fi\/index.php?rest_route=%2Fwp%2Fv2%2Fpwb-brand&post=35218"},{"taxonomy":"product_cat","embeddable":true,"href":"https:\/\/www.autonvaraosahaku.fi\/index.php?rest_route=%2Fwp%2Fv2%2Fproduct_cat&post=35218"},{"taxonomy":"product_tag","embeddable":true,"href":"https:\/\/www.autonvaraosahaku.fi\/index.php?rest_route=%2Fwp%2Fv2%2Fproduct_tag&post=35218"}],"curies":[{"name":"wp","href":"https:\/\/api.w.org\/{rel}","templated":true}]}}