{"id":35270,"date":"2021-02-21T16:24:47","date_gmt":"2021-02-21T16:24:47","guid":{"rendered":"https:\/\/www.autonvaraosahaku.fi\/?product=vemo-v25-92-7050-abs-keha"},"modified":"2021-02-21T16:24:49","modified_gmt":"2021-02-21T16:24:49","slug":"vemo-v25-92-7050-abs-keha","status":"publish","type":"product","link":"https:\/\/www.autonvaraosahaku.fi\/?product=vemo-v25-92-7050-abs-keha","title":{"rendered":"VEMO V25-92-7050 ABS keh\u00e4"},"content":{"rendered":"<p>Asennuspuoli: Taka-akseli, molemminpuolinen; Leveys (mm): 11,2; Ulkol\u00e4pimitta [mm]: 76,6; Korvaava tuote\/korvaava tiedote 2: sis\u00e4\u00e4nrakennetulla magneetti sensorirenkaalla; Sis\u00e4l\u00e4pimitta 1 [mm]: 48; Sis\u00e4l\u00e4pimitta 2 [mm]: 71,8; lis\u00e4tieto: Original VEMO Quality; Moottorinumero: 1.4 TDCI; FORD: FIESTA V JH_, JD_,FOCUS Kombi DNW,FOCUS DAW, DBW,FUSION JU_,FOCUS Stufenheck DFW,FIESTA V Van; 1061678, 1069295, 4664143, 5S432B384AA, 98AB2B384BB; ABS Hammaskeh\u00e4,ABS Rengas,Anturirengas, ABS<\/p>\n","protected":false},"excerpt":{"rendered":"<p>VEMO ABS Keh\u00e4 V25-92-7050 ABS Hammaskeh\u00e4,ABS Rengas FORD,FIESTA V JH_, JD_,FOCUS Kombi DNW,FOCUS DAW, DBW,FUSION JU_,FOCUS Stufenheck DFW,FIESTA V Van<\/p>\n","protected":false},"featured_media":0,"template":"","meta":{"site-sidebar-layout":"default","site-content-layout":"default","ast-global-header-display":"","ast-main-header-display":"","ast-hfb-above-header-display":"","ast-hfb-below-header-display":"","ast-hfb-mobile-header-display":"","site-post-title":"","ast-breadcrumbs-content":"","ast-featured-img":"","footer-sml-layout":"","theme-transparent-header-meta":"","adv-header-id-meta":"","stick-header-meta":"","header-above-stick-meta":"","header-main-stick-meta":"","header-below-stick-meta":""},"pwb-brand":[168],"product_cat":[273],"product_tag":[],"class_list":{"0":"post-35270","1":"product","2":"type-product","3":"status-publish","5":"pwb-brand-vemo","6":"product_cat-abs-keha","7":"desktop-align-left","8":"tablet-align-left","9":"mobile-align-left","11":"first","12":"instock","13":"product-type-external"},"brands":[{"id":168,"name":"VEMO","slug":"vemo"}],"_links":{"self":[{"href":"https:\/\/www.autonvaraosahaku.fi\/index.php?rest_route=\/wp\/v2\/product\/35270","targetHints":{"allow":["GET"]}}],"collection":[{"href":"https:\/\/www.autonvaraosahaku.fi\/index.php?rest_route=\/wp\/v2\/product"}],"about":[{"href":"https:\/\/www.autonvaraosahaku.fi\/index.php?rest_route=\/wp\/v2\/types\/product"}],"wp:attachment":[{"href":"https:\/\/www.autonvaraosahaku.fi\/index.php?rest_route=%2Fwp%2Fv2%2Fmedia&parent=35270"}],"wp:term":[{"taxonomy":"pwb-brand","embeddable":true,"href":"https:\/\/www.autonvaraosahaku.fi\/index.php?rest_route=%2Fwp%2Fv2%2Fpwb-brand&post=35270"},{"taxonomy":"product_cat","embeddable":true,"href":"https:\/\/www.autonvaraosahaku.fi\/index.php?rest_route=%2Fwp%2Fv2%2Fproduct_cat&post=35270"},{"taxonomy":"product_tag","embeddable":true,"href":"https:\/\/www.autonvaraosahaku.fi\/index.php?rest_route=%2Fwp%2Fv2%2Fproduct_tag&post=35270"}],"curies":[{"name":"wp","href":"https:\/\/api.w.org\/{rel}","templated":true}]}}