{"id":35292,"date":"2021-02-21T16:24:52","date_gmt":"2021-02-21T16:24:52","guid":{"rendered":"https:\/\/www.autonvaraosahaku.fi\/?product=elwis-royal-8452810-nokka-akselin-tiiviste"},"modified":"2021-02-21T16:24:54","modified_gmt":"2021-02-21T16:24:54","slug":"elwis-royal-8452810-nokka-akselin-tiiviste","status":"publish","type":"product","link":"https:\/\/www.autonvaraosahaku.fi\/?product=elwis-royal-8452810-nokka-akselin-tiiviste","title":{"rendered":"ELWIS ROYAL 8452810 Nokka akselin tiiviste"},"content":{"rendered":"<p>Tarvittava kappalem\u00e4\u00e4r\u00e4: 1; Leveys (mm): 6; Sis\u00e4l\u00e4pimitta [mm]: 35; Ulkol\u00e4pimitta [mm]: 49; LEXUS: IS I JCE1_, GXE1_,IS SportCross; SUBARU: JUSTY IV; TOYOTA: YARIS SCP9_, NSP9_, KSP9_, NCP9_, ZSP9_,YARIS SCP1_, NLP1_, NCP1_,COROLLA Verso ZER_, ZZE12_, R1_,STARLET EP91,AVENSIS _T22_,COROLLA Liftback _E11_,COROLLA Compact _E11_,AVENSIS Station Wagon _T22_,AVENSIS Liftback _T22_,VIOS\/YARIS Stufenheck ZSP9_, NCP9_,SUPRA JZA70_, GA70_, MA70,MR 2 II SW2_,STARLET _P8_,PASEO Coupe EL54,COROLLA Compact _E10_,CARINA E _T19_,CELICA ST20_, AT20_,COROLLA _E11_,CARINA E Stufenheck _T19_,CELICA Coupe AT18_, ST18_,COROLLA Wagon __E11_,CARINA E Sportswagon _T19_,STARLET _P7_,COROLLA Liftback _E10_,COROLLA Liftback _E9_,MR 2 I AW1_,PASEO Cabriolet EL54,COROLLA _E10_,CARINA II _T17_,CARINA II Stufenheck _T17_,COROLLA Compact _E9_,COROLLA Coupe AE86,CELICA Liftback ST16_, AT16_,CELICA Coupe RA4_, TA4_,COROLLA Wagon _E10_,COROLLA Station Wagon _E9_,COROLLA _E9_,CELICA Coupe _A6_,CELICA Cabriolet AT18_, ST18_,CELICA Coupe ST16_, AT16_,COROLLA Liftback _E8_,TERCEL Station Wagon AL2_,CARINA II Station Wagon _T17_,COROLLA FX Compact E8B,CELICA C; DAIHATSU: SIRION M3_,MATERIA M4_,TERIOS J2_,SIRION M1,YRV M2,TERIOS J1,COPEN L880_, L881_,EXTOL Bus S22_, S23_,CHARMANT A; 1351001M00, 9008031066, 9031132001, 9031132018, 9031135003, 9031135008, 9031135013, 9031135017, 9031135022, 9031135031, 9031135035; Akselitiiviste, Nokka-Akseli<\/p>\n","protected":false},"excerpt":{"rendered":"<p>ELWIS ROYAL Nokka Akselin Tiiviste 8452810 Akselitiiviste, Nokka-Akseli LEXUS,SUBARU,TOYOTA,IS I JCE1_, GXE1_,IS SportCross,JUSTY IV<\/p>\n","protected":false},"featured_media":0,"template":"","meta":{"site-sidebar-layout":"default","site-content-layout":"default","ast-global-header-display":"","ast-main-header-display":"","ast-hfb-above-header-display":"","ast-hfb-below-header-display":"","ast-hfb-mobile-header-display":"","site-post-title":"","ast-breadcrumbs-content":"","ast-featured-img":"","footer-sml-layout":"","theme-transparent-header-meta":"","adv-header-id-meta":"","stick-header-meta":"","header-above-stick-meta":"","header-main-stick-meta":"","header-below-stick-meta":""},"pwb-brand":[120],"product_cat":[122],"product_tag":[],"class_list":{"0":"post-35292","1":"product","2":"type-product","3":"status-publish","5":"pwb-brand-elwis-royal","6":"product_cat-nokka-akselin-tiiviste","7":"desktop-align-left","8":"tablet-align-left","9":"mobile-align-left","11":"first","12":"instock","13":"product-type-external"},"brands":[{"id":120,"name":"ELWIS ROYAL","slug":"elwis-royal"}],"_links":{"self":[{"href":"https:\/\/www.autonvaraosahaku.fi\/index.php?rest_route=\/wp\/v2\/product\/35292","targetHints":{"allow":["GET"]}}],"collection":[{"href":"https:\/\/www.autonvaraosahaku.fi\/index.php?rest_route=\/wp\/v2\/product"}],"about":[{"href":"https:\/\/www.autonvaraosahaku.fi\/index.php?rest_route=\/wp\/v2\/types\/product"}],"wp:attachment":[{"href":"https:\/\/www.autonvaraosahaku.fi\/index.php?rest_route=%2Fwp%2Fv2%2Fmedia&parent=35292"}],"wp:term":[{"taxonomy":"pwb-brand","embeddable":true,"href":"https:\/\/www.autonvaraosahaku.fi\/index.php?rest_route=%2Fwp%2Fv2%2Fpwb-brand&post=35292"},{"taxonomy":"product_cat","embeddable":true,"href":"https:\/\/www.autonvaraosahaku.fi\/index.php?rest_route=%2Fwp%2Fv2%2Fproduct_cat&post=35292"},{"taxonomy":"product_tag","embeddable":true,"href":"https:\/\/www.autonvaraosahaku.fi\/index.php?rest_route=%2Fwp%2Fv2%2Fproduct_tag&post=35292"}],"curies":[{"name":"wp","href":"https:\/\/api.w.org\/{rel}","templated":true}]}}