{"id":35325,"date":"2021-02-21T16:25:01","date_gmt":"2021-02-21T16:25:01","guid":{"rendered":"https:\/\/www.autonvaraosahaku.fi\/?product=hella-8gp-003-594-143-lamput-hehkulamppu"},"modified":"2021-02-21T16:25:03","modified_gmt":"2021-02-21T16:25:03","slug":"hella-8gp-003-594-143-lamput-hehkulamppu","status":"publish","type":"product","link":"https:\/\/www.autonvaraosahaku.fi\/?product=hella-8gp-003-594-143-lamput-hehkulamppu","title":{"rendered":"HELLA 8GP 003 594-143 Lamput (hehkulamppu)"},"content":{"rendered":"<p>Lamppumalli: W3W; J\u00e4nnite (V): 12; Nimellisteho (W): 3; M\u00e4\u00e4r\u00e4: 2; Kantamalli: W2,1&#215;9,5d; Asennuspuoli: Edess\u00e4 ja takana; Pakkaustyyppi: Kuplapakkaus; VW: GOLF VI 5K1,PASSAT Variant 3C5,GOLF III 1H1,TIGUAN 5N_,GOLF VII 5G1, BE1,GOLF VI Variant AJ5,GOLF VII Kombi BA5,GOLF III Cabriolet 1E7,GOLF III Variant 1H5,GOLF SPORTSVAN AM1,TIGUAN AD1,T-ROC A11,CRAFTER Kasten SY_,ARTEON 3H7,GOLF III Van 1H1,GOLF ALLTRACK BA5,CRAFTER Bus SY_,CRAFTER Pritsche\/Fahrgestell SZ_; AUDI: A4 Avant 8ED, B7,A4 Avant 8E5, B6,A4 8E2, B6,Q5 8R,A4 Cabriolet 8H7, B6, 8HE, B7,A4 8EC, B7,TT 8N3,TT Roadster 8N9; SKODA: OCTAVIA Combi 1Z5,OCTAVIA 1Z3,RAPID Spaceback NH1,RAPID NH3,RAPID NA2,FABIA NJ3,FABIA Kombi NJ5; SEAT: EXEO ST 3R5,ALHAMBRA 710, 711,EXEO 3R2; JEEP: GRAND CHEROKEE I ZJ; IVECO: DAILY III Pritsche\/Fahrgestell,DAILY III Kasten\/Kombi,DAILY III Bus; HONDA: S2000 AP; LAND ROVER: DISCOVERY II LJ, LT; VOLVO: XC60,V60; MERCEDES-BENZ: VARIO Kasten\/Kombi,VARIO Pritsche\/Fahrgestell,VARIO Kipper,VARIO Bus,VARIO Triebkopf; 07119978372, 9978372, 1354861<\/p>\n","protected":false},"excerpt":{"rendered":"<p>HELLA Polttimo STANDARD 8GP 003 594-143  VW,AUDI,SKODA,GOLF VI 5K1,PASSAT Variant 3C5,GOLF III 1H1,TIGUAN 5N_,GOLF VII 5G1, BE1,GOLF VI Variant AJ5<\/p>\n","protected":false},"featured_media":0,"template":"","meta":{"site-sidebar-layout":"default","site-content-layout":"default","ast-global-header-display":"","ast-main-header-display":"","ast-hfb-above-header-display":"","ast-hfb-below-header-display":"","ast-hfb-mobile-header-display":"","site-post-title":"","ast-breadcrumbs-content":"","ast-featured-img":"","footer-sml-layout":"","theme-transparent-header-meta":"","adv-header-id-meta":"","stick-header-meta":"","header-above-stick-meta":"","header-main-stick-meta":"","header-below-stick-meta":""},"pwb-brand":[24],"product_cat":[151],"product_tag":[],"class_list":{"0":"post-35325","1":"product","2":"type-product","3":"status-publish","5":"pwb-brand-hella","6":"product_cat-lamput-hehkulamppu","7":"desktop-align-left","8":"tablet-align-left","9":"mobile-align-left","11":"first","12":"instock","13":"product-type-external"},"brands":[{"id":24,"name":"HELLA","slug":"hella"}],"_links":{"self":[{"href":"https:\/\/www.autonvaraosahaku.fi\/index.php?rest_route=\/wp\/v2\/product\/35325","targetHints":{"allow":["GET"]}}],"collection":[{"href":"https:\/\/www.autonvaraosahaku.fi\/index.php?rest_route=\/wp\/v2\/product"}],"about":[{"href":"https:\/\/www.autonvaraosahaku.fi\/index.php?rest_route=\/wp\/v2\/types\/product"}],"wp:attachment":[{"href":"https:\/\/www.autonvaraosahaku.fi\/index.php?rest_route=%2Fwp%2Fv2%2Fmedia&parent=35325"}],"wp:term":[{"taxonomy":"pwb-brand","embeddable":true,"href":"https:\/\/www.autonvaraosahaku.fi\/index.php?rest_route=%2Fwp%2Fv2%2Fpwb-brand&post=35325"},{"taxonomy":"product_cat","embeddable":true,"href":"https:\/\/www.autonvaraosahaku.fi\/index.php?rest_route=%2Fwp%2Fv2%2Fproduct_cat&post=35325"},{"taxonomy":"product_tag","embeddable":true,"href":"https:\/\/www.autonvaraosahaku.fi\/index.php?rest_route=%2Fwp%2Fv2%2Fproduct_tag&post=35325"}],"curies":[{"name":"wp","href":"https:\/\/api.w.org\/{rel}","templated":true}]}}