{"id":35351,"date":"2021-02-21T16:25:06","date_gmt":"2021-02-21T16:25:06","guid":{"rendered":"https:\/\/www.autonvaraosahaku.fi\/?product=skf-vkjc-6000-vetoakseli"},"modified":"2021-02-21T16:25:09","modified_gmt":"2021-02-21T16:25:09","slug":"skf-vkjc-6000-vetoakseli","status":"publish","type":"product","link":"https:\/\/www.autonvaraosahaku.fi\/?product=skf-vkjc-6000-vetoakseli","title":{"rendered":"SKF VKJC 6000 Vetoakseli"},"content":{"rendered":"<p>Pituus (mm): 997; Kierremitta: M10x1,5; Ulkohammastus, py\u00f6r\u00e4npuoli: 36; Ulkohammastus tasauspy\u00f6r\u00e4st\u00f6puoli: 26; Tiivisteen l\u00e4pimitta [mm]: 56,6; Hammasluku, ABS-keh\u00e4: 48; ABS-keh\u00e4 \u00d8(mm): 81; Pituus 2 (mm): 507,6; Korvaava tuote\/korvaava tiedote 2: laakerilla; Uusi osa: ; Nivelen l\u00e4pimitta py\u00f6r\u00e4puoli [mm]: 97,8; Nivelen l\u00e4pimitta vaihteistopuoli [mm]: 90; Vaihteistomalli: Schaltgetriebe; VOLVO: V70 II SW,S60 I; 30735121, 30783097, 36000532, 8252049, 8601856, 8602578, 8603793, 8689214, 9181256<\/p>\n","protected":false},"excerpt":{"rendered":"<p>SKF Vetoakseli VKJC 6000  VOLVO,V70 II SW,S60 I<\/p>\n","protected":false},"featured_media":0,"template":"","meta":{"site-sidebar-layout":"default","site-content-layout":"default","ast-global-header-display":"","ast-main-header-display":"","ast-hfb-above-header-display":"","ast-hfb-below-header-display":"","ast-hfb-mobile-header-display":"","site-post-title":"","ast-breadcrumbs-content":"","ast-featured-img":"","footer-sml-layout":"","theme-transparent-header-meta":"","adv-header-id-meta":"","stick-header-meta":"","header-above-stick-meta":"","header-main-stick-meta":"","header-below-stick-meta":""},"pwb-brand":[237],"product_cat":[215],"product_tag":[],"class_list":{"0":"post-35351","1":"product","2":"type-product","3":"status-publish","5":"pwb-brand-skf","6":"product_cat-vetoakseli","7":"desktop-align-left","8":"tablet-align-left","9":"mobile-align-left","11":"first","12":"instock","13":"product-type-external"},"brands":[{"id":237,"name":"SKF","slug":"skf"}],"_links":{"self":[{"href":"https:\/\/www.autonvaraosahaku.fi\/index.php?rest_route=\/wp\/v2\/product\/35351","targetHints":{"allow":["GET"]}}],"collection":[{"href":"https:\/\/www.autonvaraosahaku.fi\/index.php?rest_route=\/wp\/v2\/product"}],"about":[{"href":"https:\/\/www.autonvaraosahaku.fi\/index.php?rest_route=\/wp\/v2\/types\/product"}],"wp:attachment":[{"href":"https:\/\/www.autonvaraosahaku.fi\/index.php?rest_route=%2Fwp%2Fv2%2Fmedia&parent=35351"}],"wp:term":[{"taxonomy":"pwb-brand","embeddable":true,"href":"https:\/\/www.autonvaraosahaku.fi\/index.php?rest_route=%2Fwp%2Fv2%2Fpwb-brand&post=35351"},{"taxonomy":"product_cat","embeddable":true,"href":"https:\/\/www.autonvaraosahaku.fi\/index.php?rest_route=%2Fwp%2Fv2%2Fproduct_cat&post=35351"},{"taxonomy":"product_tag","embeddable":true,"href":"https:\/\/www.autonvaraosahaku.fi\/index.php?rest_route=%2Fwp%2Fv2%2Fproduct_tag&post=35351"}],"curies":[{"name":"wp","href":"https:\/\/api.w.org\/{rel}","templated":true}]}}