{"id":35386,"date":"2021-02-21T16:25:16","date_gmt":"2021-02-21T16:25:16","guid":{"rendered":"https:\/\/www.autonvaraosahaku.fi\/?product=denckermann-b120041-jarrukengat"},"modified":"2021-02-21T16:25:18","modified_gmt":"2021-02-21T16:25:18","slug":"denckermann-b120041-jarrukengat","status":"publish","type":"product","link":"https:\/\/www.autonvaraosahaku.fi\/?product=denckermann-b120041-jarrukengat","title":{"rendered":"DENCKERMANN B120041 Jarrukeng\u00e4t"},"content":{"rendered":"<p>L\u00e4pimitta [mm]: 164; Leveys (mm): 20; Asennuspuoli: Taka-akseli; Jarruj\u00e4rjestelm\u00e4: TEVES; Valmistusvuoteen: 05\/1993; MERCEDES-BENZ: A-CLASS W169,A-CLASS W168,B-CLASS W245,C-CLASS W202,190 W201,SLK R170,E-CLASS W210,Stufenheck W124,CLK C208,SL R129,C-CLASS Kombi S202,KOMBI Kombi S124,E-CLASS W124,CLK Cabriolet A208,COUPE C124,E-CLASS Kombi S124,E-CLASS Cabriolet A124,E-CLASS Coupe C124,CABRIOLET A124; 34211154385, 1244200220, 1244200320, 1244200520, 1244200720, 1244200820, 1244230320, 2014200820, 2014200920, 2104200820, A1244200220, A1244200320, A1244200520, A1244200720, A1244200820, A1244230320, A2014200820, A2014200920, A2104200820; Jarrukenk\u00e4sarja<\/p>\n","protected":false},"excerpt":{"rendered":"<p>DENCKERMANN Jarrukeng\u00e4t B120041 Jarrukenk\u00e4sarja MERCEDES-BENZ,A-CLASS W169,A-CLASS W168,B-CLASS W245,C-CLASS W202,190 W201,SLK R170,E-CLASS W210<\/p>\n","protected":false},"featured_media":0,"template":"","meta":{"site-sidebar-layout":"default","site-content-layout":"default","ast-global-header-display":"","ast-main-header-display":"","ast-hfb-above-header-display":"","ast-hfb-below-header-display":"","ast-hfb-mobile-header-display":"","site-post-title":"","ast-breadcrumbs-content":"","ast-featured-img":"","footer-sml-layout":"","theme-transparent-header-meta":"","adv-header-id-meta":"","stick-header-meta":"","header-above-stick-meta":"","header-main-stick-meta":"","header-below-stick-meta":""},"pwb-brand":[291],"product_cat":[176],"product_tag":[],"class_list":{"0":"post-35386","1":"product","2":"type-product","3":"status-publish","5":"pwb-brand-denckermann","6":"product_cat-jarrukengat","7":"desktop-align-left","8":"tablet-align-left","9":"mobile-align-left","11":"first","12":"instock","13":"product-type-external"},"brands":[{"id":291,"name":"DENCKERMANN","slug":"denckermann"}],"_links":{"self":[{"href":"https:\/\/www.autonvaraosahaku.fi\/index.php?rest_route=\/wp\/v2\/product\/35386","targetHints":{"allow":["GET"]}}],"collection":[{"href":"https:\/\/www.autonvaraosahaku.fi\/index.php?rest_route=\/wp\/v2\/product"}],"about":[{"href":"https:\/\/www.autonvaraosahaku.fi\/index.php?rest_route=\/wp\/v2\/types\/product"}],"wp:attachment":[{"href":"https:\/\/www.autonvaraosahaku.fi\/index.php?rest_route=%2Fwp%2Fv2%2Fmedia&parent=35386"}],"wp:term":[{"taxonomy":"pwb-brand","embeddable":true,"href":"https:\/\/www.autonvaraosahaku.fi\/index.php?rest_route=%2Fwp%2Fv2%2Fpwb-brand&post=35386"},{"taxonomy":"product_cat","embeddable":true,"href":"https:\/\/www.autonvaraosahaku.fi\/index.php?rest_route=%2Fwp%2Fv2%2Fproduct_cat&post=35386"},{"taxonomy":"product_tag","embeddable":true,"href":"https:\/\/www.autonvaraosahaku.fi\/index.php?rest_route=%2Fwp%2Fv2%2Fproduct_tag&post=35386"}],"curies":[{"name":"wp","href":"https:\/\/api.w.org\/{rel}","templated":true}]}}