{"id":35398,"date":"2021-02-21T16:25:16","date_gmt":"2021-02-21T16:25:16","guid":{"rendered":"https:\/\/www.autonvaraosahaku.fi\/?product=esen-skv-28skv009-peruutustutka-anturit"},"modified":"2021-02-21T16:25:20","modified_gmt":"2021-02-21T16:25:20","slug":"esen-skv-28skv009-peruutustutka-anturit","status":"publish","type":"product","link":"https:\/\/www.autonvaraosahaku.fi\/?product=esen-skv-28skv009-peruutustutka-anturit","title":{"rendered":"ESEN SKV 28SKV009 Peruutustutka anturit"},"content":{"rendered":"<p>J\u00e4nnite (V): 12; Paino [kg]: 0,04; K\u00e4ytt\u00f6: S\u00e4hk\u00f6inen; Muoto: Kulmikas; Tunnistinmalli: Ultra\u00e4\u00e4nitunnistin; Napojen m\u00e4\u00e4r\u00e4: 3; Valmistusvuosi alkaen: 09\/2001; BMW: 5 E39,5 Touring E39,X5 E53,Z4 E85,Z4 Coupe E86; MINI: MINI R50, R53,MINI Cabriolet R52; 46556094, 735393479, 0306567, 0414194, 2180149, 2240840, 2240962, 2241112, 2241247, 2241253, 2241256, 66200306567, 66200414194, 66202180149, 66202240840, 66202240962, 66202241112, 66202241247, 66202241253, 66202241256, 66206911834, 66206989068, 66206989079, 66206989083, 66206989085, 66206989086, 66206989089, 66206989095, 66206989099, 66206989101, 66206989103, 66206989105, 66206989109, 66206989111, 66206989113, 66206989123, 66206989125, 66206989155, 66206989156, 66206989159, 66206989160, 66206989163, 66206989209, 66206989211, 66206989221, 66206989222, 66206989234, 66207964088, 66207964709, 66209124158, 66209124161, 66209124164, 66209154967, 66209233030, 66216911834, 66216938738, 6938738, 6989068, 6989079, 6989083, 6989085, 6989086, 6989089, 6989095, 6989099, 6989101, 6989103, 6989105, 6989109, 6989111, 6989113, 6989123, 6989125, 6989155, 6989156, 6989159, 6989160, 6989163, 6989209, 6989211, 6989221, 6989222, 6989234, 7964088, 7964709, 9124158, 9124161, 9124164, 9154967, 9233030, 51755&#8230;; Tunnistin, Et\u00e4isyystunnistin<\/p>\n","protected":false},"excerpt":{"rendered":"<p>ESEN SKV Peruutustutka Anturit 28SKV009 Tunnistin, Et\u00e4isyystunnistin BMW,MINI,5 E39,5 Touring E39,X5 E53,Z4 E85,Z4 Coupe E86,MINI R50, R53<\/p>\n","protected":false},"featured_media":0,"template":"","meta":{"site-sidebar-layout":"default","site-content-layout":"default","ast-global-header-display":"","ast-main-header-display":"","ast-hfb-above-header-display":"","ast-hfb-below-header-display":"","ast-hfb-mobile-header-display":"","site-post-title":"","ast-breadcrumbs-content":"","ast-featured-img":"","footer-sml-layout":"","theme-transparent-header-meta":"","adv-header-id-meta":"","stick-header-meta":"","header-above-stick-meta":"","header-main-stick-meta":"","header-below-stick-meta":""},"pwb-brand":[384],"product_cat":[217],"product_tag":[],"class_list":{"0":"post-35398","1":"product","2":"type-product","3":"status-publish","5":"pwb-brand-esen-skv","6":"product_cat-peruutustutka-anturit","7":"desktop-align-left","8":"tablet-align-left","9":"mobile-align-left","11":"first","12":"instock","13":"product-type-external"},"brands":[{"id":384,"name":"ESEN SKV","slug":"esen-skv"}],"_links":{"self":[{"href":"https:\/\/www.autonvaraosahaku.fi\/index.php?rest_route=\/wp\/v2\/product\/35398","targetHints":{"allow":["GET"]}}],"collection":[{"href":"https:\/\/www.autonvaraosahaku.fi\/index.php?rest_route=\/wp\/v2\/product"}],"about":[{"href":"https:\/\/www.autonvaraosahaku.fi\/index.php?rest_route=\/wp\/v2\/types\/product"}],"wp:attachment":[{"href":"https:\/\/www.autonvaraosahaku.fi\/index.php?rest_route=%2Fwp%2Fv2%2Fmedia&parent=35398"}],"wp:term":[{"taxonomy":"pwb-brand","embeddable":true,"href":"https:\/\/www.autonvaraosahaku.fi\/index.php?rest_route=%2Fwp%2Fv2%2Fpwb-brand&post=35398"},{"taxonomy":"product_cat","embeddable":true,"href":"https:\/\/www.autonvaraosahaku.fi\/index.php?rest_route=%2Fwp%2Fv2%2Fproduct_cat&post=35398"},{"taxonomy":"product_tag","embeddable":true,"href":"https:\/\/www.autonvaraosahaku.fi\/index.php?rest_route=%2Fwp%2Fv2%2Fproduct_tag&post=35398"}],"curies":[{"name":"wp","href":"https:\/\/api.w.org\/{rel}","templated":true}]}}