{"id":35401,"date":"2021-02-21T16:25:21","date_gmt":"2021-02-21T16:25:21","guid":{"rendered":"https:\/\/www.autonvaraosahaku.fi\/?product=esen-skv-23skv313-jarrusatula"},"modified":"2021-02-21T16:25:22","modified_gmt":"2021-02-21T16:25:22","slug":"esen-skv-23skv313-jarrusatula","status":"publish","type":"product","link":"https:\/\/www.autonvaraosahaku.fi\/?product=esen-skv-23skv313-jarrusatula","title":{"rendered":"ESEN SKV 23SKV313 Jarrusatula"},"content":{"rendered":"<p>Asennuspuoli: Taka-akseli, vasen; Paino [kg]: 1,72; Jarrusatulatyyppi: Jarrusatula (1-m\u00e4nt\u00e4); Jarrulevyn paksuus (mm): 9; Jarruj\u00e4rjestelm\u00e4: LUCAS; parilliset tuotenumerot: 23SKV314; Jarrusatulam\u00e4nt\u00e4l\u00e4pimitta [mm]: 38; Valmistusvuosi alkaen: 03\/2001; PEUGEOT: 307 SW 3H,307 CC 3B,307 3A\/C,308 SW,308 4A_, 4C_,307 Break 3E,308 CC; CITRO\u00cbN: C4 I LC_,C4 Coupe LA_,C4 II B7,DS4,C4 Stufenheck L; 4400N4, 4401N6, 1607375680, 4400N4, 4401N6<\/p>\n","protected":false},"excerpt":{"rendered":"<p>ESEN SKV Jarrusatula 23SKV313  PEUGEOT,CITRO\u00cbN,307 SW 3H,307 CC 3B,307 3A\/C,308 SW,308 4A_, 4C_,307 Break 3E,308 CC,C4 I LC_,C4 Coupe LA_,C4 II B7,DS4<\/p>\n","protected":false},"featured_media":0,"template":"","meta":{"site-sidebar-layout":"default","site-content-layout":"default","ast-global-header-display":"","ast-main-header-display":"","ast-hfb-above-header-display":"","ast-hfb-below-header-display":"","ast-hfb-mobile-header-display":"","site-post-title":"","ast-breadcrumbs-content":"","ast-featured-img":"","footer-sml-layout":"","theme-transparent-header-meta":"","adv-header-id-meta":"","stick-header-meta":"","header-above-stick-meta":"","header-main-stick-meta":"","header-below-stick-meta":""},"pwb-brand":[384],"product_cat":[177],"product_tag":[],"class_list":{"0":"post-35401","1":"product","2":"type-product","3":"status-publish","5":"pwb-brand-esen-skv","6":"product_cat-jarrusatula","7":"desktop-align-left","8":"tablet-align-left","9":"mobile-align-left","11":"first","12":"instock","13":"product-type-external"},"brands":[{"id":384,"name":"ESEN SKV","slug":"esen-skv"}],"_links":{"self":[{"href":"https:\/\/www.autonvaraosahaku.fi\/index.php?rest_route=\/wp\/v2\/product\/35401","targetHints":{"allow":["GET"]}}],"collection":[{"href":"https:\/\/www.autonvaraosahaku.fi\/index.php?rest_route=\/wp\/v2\/product"}],"about":[{"href":"https:\/\/www.autonvaraosahaku.fi\/index.php?rest_route=\/wp\/v2\/types\/product"}],"wp:attachment":[{"href":"https:\/\/www.autonvaraosahaku.fi\/index.php?rest_route=%2Fwp%2Fv2%2Fmedia&parent=35401"}],"wp:term":[{"taxonomy":"pwb-brand","embeddable":true,"href":"https:\/\/www.autonvaraosahaku.fi\/index.php?rest_route=%2Fwp%2Fv2%2Fpwb-brand&post=35401"},{"taxonomy":"product_cat","embeddable":true,"href":"https:\/\/www.autonvaraosahaku.fi\/index.php?rest_route=%2Fwp%2Fv2%2Fproduct_cat&post=35401"},{"taxonomy":"product_tag","embeddable":true,"href":"https:\/\/www.autonvaraosahaku.fi\/index.php?rest_route=%2Fwp%2Fv2%2Fproduct_tag&post=35401"}],"curies":[{"name":"wp","href":"https:\/\/api.w.org\/{rel}","templated":true}]}}