{"id":35408,"date":"2021-02-21T16:25:21","date_gmt":"2021-02-21T16:25:21","guid":{"rendered":"https:\/\/www.autonvaraosahaku.fi\/?product=blic-6102-02-2001804p-sivupeilin-lasi"},"modified":"2021-02-21T16:25:23","modified_gmt":"2021-02-21T16:25:23","slug":"blic-6102-02-2001804p-sivupeilin-lasi","status":"publish","type":"product","link":"https:\/\/www.autonvaraosahaku.fi\/?product=blic-6102-02-2001804p-sivupeilin-lasi","title":{"rendered":"BLIC 6102-02-2001804P Sivupeilin lasi"},"content":{"rendered":"<p>Asennuspuoli: Oikea; Laatu: CERTIFIED QUALITY; Pituus (cm): 19,6; Leveys (cm): 12,5; Korkeus (cm): 4,7; Vasen \/ oikea liikenne: Ohjaus vasemmalla; Liittimi\u00e4: 2; Ulko-\/sis\u00e4peili: L\u00e4mmitetty, Asf\u00e4\u00e4rinen; MERCEDES-BENZ: S-CLASS W222, V222, X222,C-CLASS T-Model S205,C-CLASS W205,E-CLASS W213,GLC X253,E-CLASS T-Model S213,C-CLASS Coupe C205,C-CLASS Cabriolet A205,S-CLASS Coupe C217,S-CLASS Cabriolet A217; 998100016, A998100016; Peililasi, Ulkopeili<\/p>\n","protected":false},"excerpt":{"rendered":"<p>BLIC Sivupeilin Lasi 6102-02-2001804P Peililasi, Ulkopeili MERCEDES-BENZ,S-CLASS W222, V222, X222,C-CLASS T-Model S205,C-CLASS W205,E-CLASS W213<\/p>\n","protected":false},"featured_media":0,"template":"","meta":{"site-sidebar-layout":"default","site-content-layout":"default","ast-global-header-display":"","ast-main-header-display":"","ast-hfb-above-header-display":"","ast-hfb-below-header-display":"","ast-hfb-mobile-header-display":"","site-post-title":"","ast-breadcrumbs-content":"","ast-featured-img":"","footer-sml-layout":"","theme-transparent-header-meta":"","adv-header-id-meta":"","stick-header-meta":"","header-above-stick-meta":"","header-main-stick-meta":"","header-below-stick-meta":""},"pwb-brand":[297],"product_cat":[196],"product_tag":[],"class_list":{"0":"post-35408","1":"product","2":"type-product","3":"status-publish","5":"pwb-brand-blic","6":"product_cat-sivupeilin-lasi","7":"desktop-align-left","8":"tablet-align-left","9":"mobile-align-left","11":"first","12":"instock","13":"product-type-external"},"brands":[{"id":297,"name":"BLIC","slug":"blic"}],"_links":{"self":[{"href":"https:\/\/www.autonvaraosahaku.fi\/index.php?rest_route=\/wp\/v2\/product\/35408","targetHints":{"allow":["GET"]}}],"collection":[{"href":"https:\/\/www.autonvaraosahaku.fi\/index.php?rest_route=\/wp\/v2\/product"}],"about":[{"href":"https:\/\/www.autonvaraosahaku.fi\/index.php?rest_route=\/wp\/v2\/types\/product"}],"wp:attachment":[{"href":"https:\/\/www.autonvaraosahaku.fi\/index.php?rest_route=%2Fwp%2Fv2%2Fmedia&parent=35408"}],"wp:term":[{"taxonomy":"pwb-brand","embeddable":true,"href":"https:\/\/www.autonvaraosahaku.fi\/index.php?rest_route=%2Fwp%2Fv2%2Fpwb-brand&post=35408"},{"taxonomy":"product_cat","embeddable":true,"href":"https:\/\/www.autonvaraosahaku.fi\/index.php?rest_route=%2Fwp%2Fv2%2Fproduct_cat&post=35408"},{"taxonomy":"product_tag","embeddable":true,"href":"https:\/\/www.autonvaraosahaku.fi\/index.php?rest_route=%2Fwp%2Fv2%2Fproduct_tag&post=35408"}],"curies":[{"name":"wp","href":"https:\/\/api.w.org\/{rel}","templated":true}]}}