{"id":35413,"date":"2021-02-21T16:25:21","date_gmt":"2021-02-21T16:25:21","guid":{"rendered":"https:\/\/www.autonvaraosahaku.fi\/?product=ackoja-a38-99-0003-termostaatti"},"modified":"2021-02-21T16:25:24","modified_gmt":"2021-02-21T16:25:24","slug":"ackoja-a38-99-0003-termostaatti","status":"publish","type":"product","link":"https:\/\/www.autonvaraosahaku.fi\/?product=ackoja-a38-99-0003-termostaatti","title":{"rendered":"ACKOJA A38-99-0003 Termostaatti"},"content":{"rendered":"<p>Lis\u00e4tarvike\/lis\u00e4tieto: Tiivisteill\u00e4; Avausl\u00e4mp\u00f6tila [\u00b0C]: 82; Paino [kg]: 0,07, 0,10119; Pakkausleveys [cm]: 5, 4,9; Pakkauskorkeus [mm]: 9,3, 9,2; Pakkaussyvyys [cm]: 9; Moottorinumeroon: 1509143; MAZDA: RX 7 II FC,RX 7 I SA,RX 5; CHEVROLET: CAPTIVA C100, C140,ORLANDO J309,CRUZE J300,CRUZE Station Wagon J308,CRUZE Schr\u00e4gheck J305; NISSAN: X-TRAIL T30,ALMERA TINO V10,X-TRAIL T31,PRIMERA P11,PRIMERA Kombi WP12,PRIMERA P12,TERRANO II R20,PRIMERA Traveller WP11,PRIMERA Hatchback P11,PRIMERA Hatchback P12,PATROL GR II Wagon Y61,PICK UP D22,PICK UP D21,PATROL GR I Y60, GR,PATROL Hardtop K160,PATROL Station Wagon W260,PATROL Hardtop K260,SUNNY III N14,VANETTE Bus C22,SUNNY III Liftback N14,PULSAR V Schr\u00e4gheck N14,PRIMERA Traveller W10,PATROL Station Wagon W160,SUNNY II Hatchback N13,VANETTE CARGO Bus HC 23,SUNNY II N13,X-TRAIL T32,SUNNY Kasten Y10,TEANA II J32,TRADE Pritsche\/Fahrgestell,ALTIMA,SUNNY II Traveller B12,VANETTE Kasten C22,URVAN Bus E24,URVAN Kasten E23,SUNNY I B11,BLUEBIRD 910,VANETTE Bus KC120,URVAN Kasten E24,URVAN Bus E23,SUNNY I Traveller B11,BLUEBIRD Traveller W910,TEANA I J31,VANETTE Kasten C120,CABSTAR Pick-up,ALTIMA L33,CABSTAR Pritsche\/Fahrgestell F22, H40; OPEL: ANTARA; LANCIA: DELTA I 831AB0,PRISMA 831AB0; FORD: MAVERICK UDS, UNS,MAVERICK VAN; FIAT: TIPO 160,TEMPRA 159,TEMPRA S.W. 159,REGATA 138,REGATA Weekend 138; RENAULT: KOLEOS HY_,KOLEOS II; VAUXHALL: ANTARA J26, H26; 2120047R00; Termostaatti, J\u00e4\u00e4hdytysneste<\/p>\n","protected":false},"excerpt":{"rendered":"<p>ACKOJA Termostaatti A38-99-0003 Termostaatti, J\u00e4\u00e4hdytysneste MAZDA,CHEVROLET,NISSAN,RX 7 II FC,RX 7 I SA,RX 5,CAPTIVA C100, C140,ORLANDO J309<\/p>\n","protected":false},"featured_media":0,"template":"","meta":{"site-sidebar-layout":"default","site-content-layout":"default","ast-global-header-display":"","ast-main-header-display":"","ast-hfb-above-header-display":"","ast-hfb-below-header-display":"","ast-hfb-mobile-header-display":"","site-post-title":"","ast-breadcrumbs-content":"","ast-featured-img":"","footer-sml-layout":"","theme-transparent-header-meta":"","adv-header-id-meta":"","stick-header-meta":"","header-above-stick-meta":"","header-main-stick-meta":"","header-below-stick-meta":""},"pwb-brand":[386],"product_cat":[174],"product_tag":[],"class_list":{"0":"post-35413","1":"product","2":"type-product","3":"status-publish","5":"pwb-brand-ackoja","6":"product_cat-termostaatti","7":"desktop-align-left","8":"tablet-align-left","9":"mobile-align-left","11":"first","12":"instock","13":"product-type-external"},"brands":[{"id":386,"name":"ACKOJA","slug":"ackoja"}],"_links":{"self":[{"href":"https:\/\/www.autonvaraosahaku.fi\/index.php?rest_route=\/wp\/v2\/product\/35413","targetHints":{"allow":["GET"]}}],"collection":[{"href":"https:\/\/www.autonvaraosahaku.fi\/index.php?rest_route=\/wp\/v2\/product"}],"about":[{"href":"https:\/\/www.autonvaraosahaku.fi\/index.php?rest_route=\/wp\/v2\/types\/product"}],"wp:attachment":[{"href":"https:\/\/www.autonvaraosahaku.fi\/index.php?rest_route=%2Fwp%2Fv2%2Fmedia&parent=35413"}],"wp:term":[{"taxonomy":"pwb-brand","embeddable":true,"href":"https:\/\/www.autonvaraosahaku.fi\/index.php?rest_route=%2Fwp%2Fv2%2Fpwb-brand&post=35413"},{"taxonomy":"product_cat","embeddable":true,"href":"https:\/\/www.autonvaraosahaku.fi\/index.php?rest_route=%2Fwp%2Fv2%2Fproduct_cat&post=35413"},{"taxonomy":"product_tag","embeddable":true,"href":"https:\/\/www.autonvaraosahaku.fi\/index.php?rest_route=%2Fwp%2Fv2%2Fproduct_tag&post=35413"}],"curies":[{"name":"wp","href":"https:\/\/api.w.org\/{rel}","templated":true}]}}