{"id":35431,"date":"2021-02-21T16:25:26","date_gmt":"2021-02-21T16:25:26","guid":{"rendered":"https:\/\/www.autonvaraosahaku.fi\/?product=ridex-402b1264-jarrupalat"},"modified":"2021-02-21T16:25:28","modified_gmt":"2021-02-21T16:25:28","slug":"ridex-402b1264-jarrupalat","status":"publish","type":"product","link":"https:\/\/www.autonvaraosahaku.fi\/?product=ridex-402b1264-jarrupalat","title":{"rendered":"RIDEX 402B1264 Jarrupalat"},"content":{"rendered":"<p>Leveys (mm): 108,6; Korkeus (mm): 42; Paksuus [mm]: 14,7; Kulumisenilmaisimen liitos: akustisella kulumavaroittimella; Kulumisvaroittimia [pro Achse]: 2; Jarruj\u00e4rjestelm\u00e4: Sumitomo; WVA-numero: 24423; M\u00e4\u00e4r\u00e4yksikk\u00f6: Akselisarja; Asennuspuoli: Vorderachse; CITRO\u00cbN: C-ZERO; PEUGEOT: ION; MITSUBISHI: i HA_; 1606225680, 1610275680, 1A153323Z, 1A163323Z, 1A173323Z, 1A183323Z, 1A193323Z, 1A213323Z, 1A223323Z, 1A233323Z, 1A263323ZA, 1V723328ZA, 4605A953, 4605A954, 4605B216, MQ506046, MQ506047, 410604A00A, 410604A00C, 410604A00D, 410604A00E, 410604A00F, 410604A00G, 410604A00H, 410604A00K, 410604A00L, 410604A00M, 410604A0A5, AY040KE147, AY040KE150, 1606225680, 1610275680, 5518082K00, 5581064L10, 5581068H00, 5581072J00, 5581072J10, 5581072J20, 5581081M00, 5581081MB0, 5581081MB1, 5581082K00, 5581082M00; Jarrupalasarja,Jarrupala, Levyjarru<\/p>\n","protected":false},"excerpt":{"rendered":"<p>RIDEX Jarrupalat 402B1264 Jarrupalasarja,Jarrupala, Levyjarru CITRO\u00cbN,PEUGEOT,MITSUBISHI,C-ZERO,ION,i HA_<\/p>\n","protected":false},"featured_media":0,"template":"","meta":{"site-sidebar-layout":"default","site-content-layout":"default","ast-global-header-display":"","ast-main-header-display":"","ast-hfb-above-header-display":"","ast-hfb-below-header-display":"","ast-hfb-mobile-header-display":"","site-post-title":"","ast-breadcrumbs-content":"","ast-featured-img":"","footer-sml-layout":"","theme-transparent-header-meta":"","adv-header-id-meta":"","stick-header-meta":"","header-above-stick-meta":"","header-main-stick-meta":"","header-below-stick-meta":""},"pwb-brand":[157],"product_cat":[100],"product_tag":[],"class_list":{"0":"post-35431","1":"product","2":"type-product","3":"status-publish","5":"pwb-brand-ridex","6":"product_cat-jarrupalat","7":"desktop-align-left","8":"tablet-align-left","9":"mobile-align-left","11":"first","12":"instock","13":"product-type-external"},"brands":[{"id":157,"name":"RIDEX","slug":"ridex"}],"_links":{"self":[{"href":"https:\/\/www.autonvaraosahaku.fi\/index.php?rest_route=\/wp\/v2\/product\/35431","targetHints":{"allow":["GET"]}}],"collection":[{"href":"https:\/\/www.autonvaraosahaku.fi\/index.php?rest_route=\/wp\/v2\/product"}],"about":[{"href":"https:\/\/www.autonvaraosahaku.fi\/index.php?rest_route=\/wp\/v2\/types\/product"}],"wp:attachment":[{"href":"https:\/\/www.autonvaraosahaku.fi\/index.php?rest_route=%2Fwp%2Fv2%2Fmedia&parent=35431"}],"wp:term":[{"taxonomy":"pwb-brand","embeddable":true,"href":"https:\/\/www.autonvaraosahaku.fi\/index.php?rest_route=%2Fwp%2Fv2%2Fpwb-brand&post=35431"},{"taxonomy":"product_cat","embeddable":true,"href":"https:\/\/www.autonvaraosahaku.fi\/index.php?rest_route=%2Fwp%2Fv2%2Fproduct_cat&post=35431"},{"taxonomy":"product_tag","embeddable":true,"href":"https:\/\/www.autonvaraosahaku.fi\/index.php?rest_route=%2Fwp%2Fv2%2Fproduct_tag&post=35431"}],"curies":[{"name":"wp","href":"https:\/\/api.w.org\/{rel}","templated":true}]}}