{"id":35450,"date":"2021-02-21T16:25:31","date_gmt":"2021-02-21T16:25:31","guid":{"rendered":"https:\/\/www.autonvaraosahaku.fi\/?product=daco-germany-563202-iskunvaimennin"},"modified":"2021-02-21T16:25:33","modified_gmt":"2021-02-21T16:25:33","slug":"daco-germany-563202-iskunvaimennin","status":"publish","type":"product","link":"https:\/\/www.autonvaraosahaku.fi\/?product=daco-germany-563202-iskunvaimennin","title":{"rendered":"DACO Germany 563202 Iskunvaimennin"},"content":{"rendered":"<p>Asennuspuoli: Taka-akseli; Iskunvaimennin tyyppi: Kaasupaine; Iskunvaimennusj\u00e4rjestelm\u00e4: Kaksiputki; Iskunvaimennin asennustapa: Tappi ylh\u00e4\u00e4ll\u00e4, Silmukka alhaalla; Alustarakenne: f\u00fcr Fahrzeuge ohne Sportfahrwerk; SAAB: 9-5 Kombi YS3E,9-5 YS3E; 12759465, 12759466, 12759467, 12759468, 12760016, 12760017, 12765949, 12765950, 4566824, 4567590, 4689337, 4689345, 4905022, 4905964, 5059605, 5059613, 5063433, 5064290, 5064308, 5206T9, 5234216, 5234224, 5234257, 5234265, 5234281, 5234416, 5238480, 5238498, 5238506, 5238514, 5239066, 5239090, 5324265, 8994238, 8994239, 8994246, 8994329, 8994337, 8994345, 8994352, 8994360, 93186263, D0513029N, S4566824, S4567590, S4689345; Iskarit,Iskunvaimennin<\/p>\n","protected":false},"excerpt":{"rendered":"<p>DACO Germany Iskunvaimentimet 563202 Iskarit,Iskunvaimennin SAAB,9-5 Kombi YS3E,9-5 YS3E<\/p>\n","protected":false},"featured_media":0,"template":"","meta":{"site-sidebar-layout":"default","site-content-layout":"default","ast-global-header-display":"","ast-main-header-display":"","ast-hfb-above-header-display":"","ast-hfb-below-header-display":"","ast-hfb-mobile-header-display":"","site-post-title":"","ast-breadcrumbs-content":"","ast-featured-img":"","footer-sml-layout":"","theme-transparent-header-meta":"","adv-header-id-meta":"","stick-header-meta":"","header-above-stick-meta":"","header-main-stick-meta":"","header-below-stick-meta":""},"pwb-brand":[349],"product_cat":[80],"product_tag":[],"class_list":{"0":"post-35450","1":"product","2":"type-product","3":"status-publish","5":"pwb-brand-daco-germany","6":"product_cat-iskunvaimennin","7":"desktop-align-left","8":"tablet-align-left","9":"mobile-align-left","11":"first","12":"instock","13":"product-type-external"},"brands":[{"id":349,"name":"DACO Germany","slug":"daco-germany"}],"_links":{"self":[{"href":"https:\/\/www.autonvaraosahaku.fi\/index.php?rest_route=\/wp\/v2\/product\/35450","targetHints":{"allow":["GET"]}}],"collection":[{"href":"https:\/\/www.autonvaraosahaku.fi\/index.php?rest_route=\/wp\/v2\/product"}],"about":[{"href":"https:\/\/www.autonvaraosahaku.fi\/index.php?rest_route=\/wp\/v2\/types\/product"}],"wp:attachment":[{"href":"https:\/\/www.autonvaraosahaku.fi\/index.php?rest_route=%2Fwp%2Fv2%2Fmedia&parent=35450"}],"wp:term":[{"taxonomy":"pwb-brand","embeddable":true,"href":"https:\/\/www.autonvaraosahaku.fi\/index.php?rest_route=%2Fwp%2Fv2%2Fpwb-brand&post=35450"},{"taxonomy":"product_cat","embeddable":true,"href":"https:\/\/www.autonvaraosahaku.fi\/index.php?rest_route=%2Fwp%2Fv2%2Fproduct_cat&post=35450"},{"taxonomy":"product_tag","embeddable":true,"href":"https:\/\/www.autonvaraosahaku.fi\/index.php?rest_route=%2Fwp%2Fv2%2Fproduct_tag&post=35450"}],"curies":[{"name":"wp","href":"https:\/\/api.w.org\/{rel}","templated":true}]}}