{"id":35469,"date":"2021-02-21T16:25:36","date_gmt":"2021-02-21T16:25:36","guid":{"rendered":"https:\/\/www.autonvaraosahaku.fi\/?product=era-556105a-kaasulappakotelo"},"modified":"2021-02-21T16:25:37","modified_gmt":"2021-02-21T16:25:37","slug":"era-556105a-kaasulappakotelo","status":"publish","type":"product","link":"https:\/\/www.autonvaraosahaku.fi\/?product=era-556105a-kaasulappakotelo","title":{"rendered":"ERA 556105A Kaasul\u00e4pp\u00e4kotelo"},"content":{"rendered":"<p>Liittimi\u00e4: 6; VW: GOLF IV 1J1,POLO 9N_,LUPO 6X1, 6E1,GOLF IV Variant 1J5,POLO 6N2,BORA 1J2,BORA Kombi 1J6,POLO Stufenheck 9A4; SKODA: FABIA Combi 6Y5,FABIA 6Y2,FABIA Stufenheck 6Y3; SEAT: IBIZA IV 6L1,LEON 1M1,AROSA 6H,TOLEDO II 1M2,CORDOBA 6L2; 036133062A, 036133062M; Kaasul\u00e4pp\u00e4,Kaasul\u00e4p\u00e4n Kotelo<\/p>\n","protected":false},"excerpt":{"rendered":"<p>ERA Kaasul\u00e4pp\u00e4kotelo 556105A Kaasul\u00e4pp\u00e4,Kaasul\u00e4p\u00e4n Kotelo VW,SKODA,SEAT,GOLF IV 1J1,POLO 9N_,LUPO 6X1, 6E1,GOLF IV Variant 1J5,POLO 6N2,BORA 1J2<\/p>\n","protected":false},"featured_media":0,"template":"","meta":{"site-sidebar-layout":"default","site-content-layout":"default","ast-global-header-display":"","ast-main-header-display":"","ast-hfb-above-header-display":"","ast-hfb-below-header-display":"","ast-hfb-mobile-header-display":"","site-post-title":"","ast-breadcrumbs-content":"","ast-featured-img":"","footer-sml-layout":"","theme-transparent-header-meta":"","adv-header-id-meta":"","stick-header-meta":"","header-above-stick-meta":"","header-main-stick-meta":"","header-below-stick-meta":""},"pwb-brand":[64],"product_cat":[277],"product_tag":[],"class_list":{"0":"post-35469","1":"product","2":"type-product","3":"status-publish","5":"pwb-brand-era","6":"product_cat-kaasulappakotelo","7":"desktop-align-left","8":"tablet-align-left","9":"mobile-align-left","11":"first","12":"instock","13":"product-type-external"},"brands":[{"id":64,"name":"ERA","slug":"era"}],"_links":{"self":[{"href":"https:\/\/www.autonvaraosahaku.fi\/index.php?rest_route=\/wp\/v2\/product\/35469","targetHints":{"allow":["GET"]}}],"collection":[{"href":"https:\/\/www.autonvaraosahaku.fi\/index.php?rest_route=\/wp\/v2\/product"}],"about":[{"href":"https:\/\/www.autonvaraosahaku.fi\/index.php?rest_route=\/wp\/v2\/types\/product"}],"wp:attachment":[{"href":"https:\/\/www.autonvaraosahaku.fi\/index.php?rest_route=%2Fwp%2Fv2%2Fmedia&parent=35469"}],"wp:term":[{"taxonomy":"pwb-brand","embeddable":true,"href":"https:\/\/www.autonvaraosahaku.fi\/index.php?rest_route=%2Fwp%2Fv2%2Fpwb-brand&post=35469"},{"taxonomy":"product_cat","embeddable":true,"href":"https:\/\/www.autonvaraosahaku.fi\/index.php?rest_route=%2Fwp%2Fv2%2Fproduct_cat&post=35469"},{"taxonomy":"product_tag","embeddable":true,"href":"https:\/\/www.autonvaraosahaku.fi\/index.php?rest_route=%2Fwp%2Fv2%2Fproduct_tag&post=35469"}],"curies":[{"name":"wp","href":"https:\/\/api.w.org\/{rel}","templated":true}]}}