{"id":35510,"date":"2021-02-21T16:25:45","date_gmt":"2021-02-21T16:25:45","guid":{"rendered":"https:\/\/www.autonvaraosahaku.fi\/?product=mapco-36531-iskunvaimentimen-tukilaakeri"},"modified":"2021-02-21T16:25:47","modified_gmt":"2021-02-21T16:25:47","slug":"mapco-36531-iskunvaimentimen-tukilaakeri","status":"publish","type":"product","link":"https:\/\/www.autonvaraosahaku.fi\/?product=mapco-36531-iskunvaimentimen-tukilaakeri","title":{"rendered":"MAPCO 36531 Iskunvaimentimen tukilaakeri"},"content":{"rendered":"<p>Vaihdettava pareittain: ; Asennuspuoli: Etuakseli, vasen, Etuakseli, oikea; Ulkol\u00e4pimitta [mm]: 82; Tarvittava kappalem\u00e4\u00e4r\u00e4: 2; MAZDA: CX-5 KE, GH,3 BM,6 Kombi GJ, GH,6 Stufenheck GJ, GH,3 Stufenheck BM,2 DL, DJ,CX-3 DK,2 Stufenheck DL, DJ; B45A3438XA, KD353438X, KR273438X<\/p>\n","protected":false},"excerpt":{"rendered":"<p>MAPCO Rullalaakeri, Jousijalkalaakeri 36531  MAZDA,CX-5 KE, GH,3 BM,6 Kombi GJ, GH,6 Stufenheck GJ, GH,3 Stufenheck BM,2 DL, DJ,CX-3 DK<\/p>\n","protected":false},"featured_media":0,"template":"","meta":{"site-sidebar-layout":"default","site-content-layout":"default","ast-global-header-display":"","ast-main-header-display":"","ast-hfb-above-header-display":"","ast-hfb-below-header-display":"","ast-hfb-mobile-header-display":"","site-post-title":"","ast-breadcrumbs-content":"","ast-featured-img":"","footer-sml-layout":"","theme-transparent-header-meta":"","adv-header-id-meta":"","stick-header-meta":"","header-above-stick-meta":"","header-main-stick-meta":"","header-below-stick-meta":""},"pwb-brand":[36],"product_cat":[106],"product_tag":[],"class_list":{"0":"post-35510","1":"product","2":"type-product","3":"status-publish","5":"pwb-brand-mapco","6":"product_cat-iskunvaimentimen-tukilaakeri","7":"desktop-align-left","8":"tablet-align-left","9":"mobile-align-left","11":"first","12":"instock","13":"product-type-external"},"brands":[{"id":36,"name":"MAPCO","slug":"mapco"}],"_links":{"self":[{"href":"https:\/\/www.autonvaraosahaku.fi\/index.php?rest_route=\/wp\/v2\/product\/35510","targetHints":{"allow":["GET"]}}],"collection":[{"href":"https:\/\/www.autonvaraosahaku.fi\/index.php?rest_route=\/wp\/v2\/product"}],"about":[{"href":"https:\/\/www.autonvaraosahaku.fi\/index.php?rest_route=\/wp\/v2\/types\/product"}],"wp:attachment":[{"href":"https:\/\/www.autonvaraosahaku.fi\/index.php?rest_route=%2Fwp%2Fv2%2Fmedia&parent=35510"}],"wp:term":[{"taxonomy":"pwb-brand","embeddable":true,"href":"https:\/\/www.autonvaraosahaku.fi\/index.php?rest_route=%2Fwp%2Fv2%2Fpwb-brand&post=35510"},{"taxonomy":"product_cat","embeddable":true,"href":"https:\/\/www.autonvaraosahaku.fi\/index.php?rest_route=%2Fwp%2Fv2%2Fproduct_cat&post=35510"},{"taxonomy":"product_tag","embeddable":true,"href":"https:\/\/www.autonvaraosahaku.fi\/index.php?rest_route=%2Fwp%2Fv2%2Fproduct_tag&post=35510"}],"curies":[{"name":"wp","href":"https:\/\/api.w.org\/{rel}","templated":true}]}}