{"id":35526,"date":"2021-02-21T16:25:50","date_gmt":"2021-02-21T16:25:50","guid":{"rendered":"https:\/\/www.autonvaraosahaku.fi\/?product=aks-dasis-852983n-magneettikytkin"},"modified":"2021-02-21T16:25:51","modified_gmt":"2021-02-21T16:25:51","slug":"aks-dasis-852983n-magneettikytkin","status":"publish","type":"product","link":"https:\/\/www.autonvaraosahaku.fi\/?product=aks-dasis-852983n-magneettikytkin","title":{"rendered":"AKS DASIS 852983N Magneettikytkin"},"content":{"rendered":"<p>Valmistaja rajaus: VISTEON; Kompressorin tunnus: FS10; Hihnapy\u00f6r\u00e4-\u00d8[mm]: 127; Rihloja (kpl): 6; J\u00e4nnite (V): 12; JAGUAR: X-TYPE CF1,X-TYPE Estate; FORD: MONDEO III Kombi BWY,MONDEO III B5Y,MAVERICK,MONDEO III Stufenheck B4Y,MONDEO II Kombi BNP,TRANSIT Kasten FA_ _,TRANSIT Bus FD_ _, FB_ _, FS_ _, FZ_ _, FC_ _,COUGAR EC_,MONDEO II BAP,TRANSIT Pritsche\/Fahrgestell FM_ _, FN_ _,MONDEO II Stufenheck BFP,MONDEO I Kombi BNP,MONDEO I GBP,MONDEO I Stufenheck GBP; 1018497, 1018797, 1035431, 1038989, 1308989, 1406034, 1427630, 1433151, 1440188, 1440714, 16BYU19D629AA, 1S7H19D629EA, 3649065, 3649381, 3933911, 3983800, 3994008, 4054452, 4054455, 4345118, 4660554, 4674103, 4749934, 4749970, 4759887, 4L3H19497AB, 4L3H19497AC, 4L3H19497BA, 4L3H19497BB, 6997607, 6S7119D629AA, 6S7119D629AB, 7058036, 94BW19D629AC, 94BW19D629AD, 94BW19D629AE, 96BW19497AA, 96BW19497GA, 96BW19D629BA, F3DH19D649CA, R16BYU19D629AA, R21BYU19D629AA, R94BW19D629AC, R94BW19D629AD, R94BW19D629AE, R96BW19D629BA, XS6H16D629DA, XS7H19D629AC, 1S7H19D629EA, C2S27011, C2S44910; Ilmastoinnin Kompressorin Kytkin,Magneettikytkin, Ilmastointikompressori<\/p>\n","protected":false},"excerpt":{"rendered":"<p>AKS DASIS Magneettikytkin 852983N Ilmastoinnin Kompressorin Kytkin,Magneettikytkin, Ilmastointikompressori JAGUAR,FORD,X-TYPE CF1,X-TYPE Estate<\/p>\n","protected":false},"featured_media":0,"template":"","meta":{"site-sidebar-layout":"default","site-content-layout":"default","ast-global-header-display":"","ast-main-header-display":"","ast-hfb-above-header-display":"","ast-hfb-below-header-display":"","ast-hfb-mobile-header-display":"","site-post-title":"","ast-breadcrumbs-content":"","ast-featured-img":"","footer-sml-layout":"","theme-transparent-header-meta":"","adv-header-id-meta":"","stick-header-meta":"","header-above-stick-meta":"","header-main-stick-meta":"","header-below-stick-meta":""},"pwb-brand":[461],"product_cat":[435],"product_tag":[],"class_list":{"0":"post-35526","1":"product","2":"type-product","3":"status-publish","5":"pwb-brand-aks-dasis","6":"product_cat-magneettikytkin","7":"desktop-align-left","8":"tablet-align-left","9":"mobile-align-left","11":"first","12":"instock","13":"product-type-external"},"brands":[{"id":461,"name":"AKS DASIS","slug":"aks-dasis"}],"_links":{"self":[{"href":"https:\/\/www.autonvaraosahaku.fi\/index.php?rest_route=\/wp\/v2\/product\/35526","targetHints":{"allow":["GET"]}}],"collection":[{"href":"https:\/\/www.autonvaraosahaku.fi\/index.php?rest_route=\/wp\/v2\/product"}],"about":[{"href":"https:\/\/www.autonvaraosahaku.fi\/index.php?rest_route=\/wp\/v2\/types\/product"}],"wp:attachment":[{"href":"https:\/\/www.autonvaraosahaku.fi\/index.php?rest_route=%2Fwp%2Fv2%2Fmedia&parent=35526"}],"wp:term":[{"taxonomy":"pwb-brand","embeddable":true,"href":"https:\/\/www.autonvaraosahaku.fi\/index.php?rest_route=%2Fwp%2Fv2%2Fpwb-brand&post=35526"},{"taxonomy":"product_cat","embeddable":true,"href":"https:\/\/www.autonvaraosahaku.fi\/index.php?rest_route=%2Fwp%2Fv2%2Fproduct_cat&post=35526"},{"taxonomy":"product_tag","embeddable":true,"href":"https:\/\/www.autonvaraosahaku.fi\/index.php?rest_route=%2Fwp%2Fv2%2Fproduct_tag&post=35526"}],"curies":[{"name":"wp","href":"https:\/\/api.w.org\/{rel}","templated":true}]}}