{"id":35584,"date":"2021-02-21T16:26:05","date_gmt":"2021-02-21T16:26:05","guid":{"rendered":"https:\/\/www.autonvaraosahaku.fi\/?product=ridex-78b0864-jarrusatula"},"modified":"2021-02-21T16:26:06","modified_gmt":"2021-02-21T16:26:06","slug":"ridex-78b0864-jarrusatula","status":"publish","type":"product","link":"https:\/\/www.autonvaraosahaku.fi\/?product=ridex-78b0864-jarrusatula","title":{"rendered":"RIDEX 78B0864 Jarrusatula"},"content":{"rendered":"<p>Jarruj\u00e4rjestelm\u00e4: TRW; Jarrulevyn paksuus (mm): 28; Jarrusatulatyyppi: Jarrusatula (1-m\u00e4nt\u00e4); L\u00e4pimitta [mm]: 66; Jarrulevyl\u00e4pimitalle [mm]: 302; Asennuspuoli: Vorderachse; JEEP: COMPASS MK49,WRANGLER III JK,CHEROKEE KK; CHRYSLER: GRAND VOYAGER V RT; FIAT: FREEMONT JF_; DODGE: NITRO,JOURNEY; 68003697AA, 68003697AC, K68003697AA, K68003697AC<\/p>\n","protected":false},"excerpt":{"rendered":"<p>RIDEX Jarrusatula 78B0864  JEEP,CHRYSLER,FIAT,COMPASS MK49,WRANGLER III JK,CHEROKEE KK,GRAND VOYAGER V RT,FREEMONT JF_,NITRO,JOURNEY<\/p>\n","protected":false},"featured_media":0,"template":"","meta":{"site-sidebar-layout":"default","site-content-layout":"default","ast-global-header-display":"","ast-main-header-display":"","ast-hfb-above-header-display":"","ast-hfb-below-header-display":"","ast-hfb-mobile-header-display":"","site-post-title":"","ast-breadcrumbs-content":"","ast-featured-img":"","footer-sml-layout":"","theme-transparent-header-meta":"","adv-header-id-meta":"","stick-header-meta":"","header-above-stick-meta":"","header-main-stick-meta":"","header-below-stick-meta":""},"pwb-brand":[157],"product_cat":[177],"product_tag":[],"class_list":{"0":"post-35584","1":"product","2":"type-product","3":"status-publish","5":"pwb-brand-ridex","6":"product_cat-jarrusatula","7":"desktop-align-left","8":"tablet-align-left","9":"mobile-align-left","11":"first","12":"instock","13":"product-type-external"},"brands":[{"id":157,"name":"RIDEX","slug":"ridex"}],"_links":{"self":[{"href":"https:\/\/www.autonvaraosahaku.fi\/index.php?rest_route=\/wp\/v2\/product\/35584","targetHints":{"allow":["GET"]}}],"collection":[{"href":"https:\/\/www.autonvaraosahaku.fi\/index.php?rest_route=\/wp\/v2\/product"}],"about":[{"href":"https:\/\/www.autonvaraosahaku.fi\/index.php?rest_route=\/wp\/v2\/types\/product"}],"wp:attachment":[{"href":"https:\/\/www.autonvaraosahaku.fi\/index.php?rest_route=%2Fwp%2Fv2%2Fmedia&parent=35584"}],"wp:term":[{"taxonomy":"pwb-brand","embeddable":true,"href":"https:\/\/www.autonvaraosahaku.fi\/index.php?rest_route=%2Fwp%2Fv2%2Fpwb-brand&post=35584"},{"taxonomy":"product_cat","embeddable":true,"href":"https:\/\/www.autonvaraosahaku.fi\/index.php?rest_route=%2Fwp%2Fv2%2Fproduct_cat&post=35584"},{"taxonomy":"product_tag","embeddable":true,"href":"https:\/\/www.autonvaraosahaku.fi\/index.php?rest_route=%2Fwp%2Fv2%2Fproduct_tag&post=35584"}],"curies":[{"name":"wp","href":"https:\/\/api.w.org\/{rel}","templated":true}]}}