{"id":35607,"date":"2021-02-21T16:26:10","date_gmt":"2021-02-21T16:26:10","guid":{"rendered":"https:\/\/www.autonvaraosahaku.fi\/?product=ridex-234m0136-kytkin-paasylinteri"},"modified":"2021-02-21T16:26:12","modified_gmt":"2021-02-21T16:26:12","slug":"ridex-234m0136-kytkin-paasylinteri","status":"publish","type":"product","link":"https:\/\/www.autonvaraosahaku.fi\/?product=ridex-234m0136-kytkin-paasylinteri","title":{"rendered":"RIDEX 234M0136 Kytkin p\u00e4\u00e4sylinteri"},"content":{"rendered":"<p>Paino [kg]: 0,350; Tarvittava kappalem\u00e4\u00e4r\u00e4: 1; Vasen \/ oikea liikenne: f\u00fcr Rechtslenker; PEUGEOT: 4007 GP_; CITRO\u00cbN: C-CROSSER EP_,C-CROSSER ENTERPRISE; MITSUBISHI: ASX GA_W_,OUTLANDER XL II CW_W,OUTLANDER III GG_W, GF_W, ZJ,LANCER SPORTBACK CX_A,LANCER Stufenheck CY\/Z_A,LANCER Stufenheck CS_A, CT0,ASX Van GA_W_; MN100486, 2345A025, 2345A028, 2345A041, MN100486, MN100487, MN100486; P\u00e4\u00e4sylinteri, Kytkin<\/p>\n","protected":false},"excerpt":{"rendered":"<p>RIDEX Kytkin P\u00e4\u00e4sylinteri 234M0136 P\u00e4\u00e4sylinteri, Kytkin PEUGEOT,CITRO\u00cbN,MITSUBISHI,4007 GP_,C-CROSSER EP_,C-CROSSER ENTERPRISE,ASX GA_W_<\/p>\n","protected":false},"featured_media":0,"template":"","meta":{"site-sidebar-layout":"default","site-content-layout":"default","ast-global-header-display":"","ast-main-header-display":"","ast-hfb-above-header-display":"","ast-hfb-below-header-display":"","ast-hfb-mobile-header-display":"","site-post-title":"","ast-breadcrumbs-content":"","ast-featured-img":"","footer-sml-layout":"","theme-transparent-header-meta":"","adv-header-id-meta":"","stick-header-meta":"","header-above-stick-meta":"","header-main-stick-meta":"","header-below-stick-meta":""},"pwb-brand":[157],"product_cat":[239],"product_tag":[],"class_list":{"0":"post-35607","1":"product","2":"type-product","3":"status-publish","5":"pwb-brand-ridex","6":"product_cat-kytkin-paasylinteri","7":"desktop-align-left","8":"tablet-align-left","9":"mobile-align-left","11":"first","12":"instock","13":"product-type-external"},"brands":[{"id":157,"name":"RIDEX","slug":"ridex"}],"_links":{"self":[{"href":"https:\/\/www.autonvaraosahaku.fi\/index.php?rest_route=\/wp\/v2\/product\/35607","targetHints":{"allow":["GET"]}}],"collection":[{"href":"https:\/\/www.autonvaraosahaku.fi\/index.php?rest_route=\/wp\/v2\/product"}],"about":[{"href":"https:\/\/www.autonvaraosahaku.fi\/index.php?rest_route=\/wp\/v2\/types\/product"}],"wp:attachment":[{"href":"https:\/\/www.autonvaraosahaku.fi\/index.php?rest_route=%2Fwp%2Fv2%2Fmedia&parent=35607"}],"wp:term":[{"taxonomy":"pwb-brand","embeddable":true,"href":"https:\/\/www.autonvaraosahaku.fi\/index.php?rest_route=%2Fwp%2Fv2%2Fpwb-brand&post=35607"},{"taxonomy":"product_cat","embeddable":true,"href":"https:\/\/www.autonvaraosahaku.fi\/index.php?rest_route=%2Fwp%2Fv2%2Fproduct_cat&post=35607"},{"taxonomy":"product_tag","embeddable":true,"href":"https:\/\/www.autonvaraosahaku.fi\/index.php?rest_route=%2Fwp%2Fv2%2Fproduct_tag&post=35607"}],"curies":[{"name":"wp","href":"https:\/\/api.w.org\/{rel}","templated":true}]}}