{"id":35617,"date":"2021-02-21T16:26:10","date_gmt":"2021-02-21T16:26:10","guid":{"rendered":"https:\/\/www.autonvaraosahaku.fi\/?product=nissens-85892-jaahdyttimen-tuuletin"},"modified":"2021-02-21T16:26:13","modified_gmt":"2021-02-21T16:26:13","slug":"nissens-85892-jaahdyttimen-tuuletin","status":"publish","type":"product","link":"https:\/\/www.autonvaraosahaku.fi\/?product=nissens-85892-jaahdyttimen-tuuletin","title":{"rendered":"NISSENS 85892 J\u00e4\u00e4hdyttimen tuuletin"},"content":{"rendered":"<p>Korvaava tuote\/korvaava tiedote 2: J\u00e4\u00e4hdytystuulettimen keh\u00e4ll\u00e4; L\u00e4mmityslaite \/ j\u00e4\u00e4hdytys: Tuuletin, yksinkertainen; Nimellisteho (W): 240; L\u00e4pimitta [mm]: 400; K\u00e4ytt\u00f6j\u00e4nnite [V]: 12; Napojen m\u00e4\u00e4r\u00e4: 2; Valmistusvuoteen: 09\/2013; NISSAN: MICRA V K14; DACIA: DUSTER,SANDERO II,LODGY,LOGAN MCV II,DOKKER,DOKKER Express,LOGAN II,DUSTER Kasten; RENAULT: CLIO IV,CAPTUR,CLIO Grandtour IV,DUSTER,LOGAN I Kombi KS_,LOGAN I LS_,THALIA II LU1\/2_,CLIO IV Kasten,SANDERO\/STEPWAY II,LOGAN II Kombi,LOGAN II,THALIA III; 214753416R, 214814116R, 214816703R, 214816812R, 214818009R, 214753416R, 214814116R, 214816703R, 214816812R, 214818009R, 214753416R, 214814116R, 214816703R, 214816812R, 214818009R; Tuuletin, Moottorin J\u00e4\u00e4hdytys<\/p>\n","protected":false},"excerpt":{"rendered":"<p>NISSENS J\u00e4\u00e4hdyttimen Tuuletin 85892 Tuuletin, Moottorin J\u00e4\u00e4hdytys NISSAN,DACIA,RENAULT,MICRA V K14,DUSTER,SANDERO II,LODGY,LOGAN MCV II,DOKKER<\/p>\n","protected":false},"featured_media":0,"template":"","meta":{"site-sidebar-layout":"default","site-content-layout":"default","ast-global-header-display":"","ast-main-header-display":"","ast-hfb-above-header-display":"","ast-hfb-below-header-display":"","ast-hfb-mobile-header-display":"","site-post-title":"","ast-breadcrumbs-content":"","ast-featured-img":"","footer-sml-layout":"","theme-transparent-header-meta":"","adv-header-id-meta":"","stick-header-meta":"","header-above-stick-meta":"","header-main-stick-meta":"","header-below-stick-meta":""},"pwb-brand":[315],"product_cat":[313],"product_tag":[],"class_list":{"0":"post-35617","1":"product","2":"type-product","3":"status-publish","5":"pwb-brand-nissens","6":"product_cat-jaahdyttimen-tuuletin","7":"desktop-align-left","8":"tablet-align-left","9":"mobile-align-left","11":"first","12":"instock","13":"product-type-external"},"brands":[{"id":315,"name":"NISSENS","slug":"nissens"}],"_links":{"self":[{"href":"https:\/\/www.autonvaraosahaku.fi\/index.php?rest_route=\/wp\/v2\/product\/35617","targetHints":{"allow":["GET"]}}],"collection":[{"href":"https:\/\/www.autonvaraosahaku.fi\/index.php?rest_route=\/wp\/v2\/product"}],"about":[{"href":"https:\/\/www.autonvaraosahaku.fi\/index.php?rest_route=\/wp\/v2\/types\/product"}],"wp:attachment":[{"href":"https:\/\/www.autonvaraosahaku.fi\/index.php?rest_route=%2Fwp%2Fv2%2Fmedia&parent=35617"}],"wp:term":[{"taxonomy":"pwb-brand","embeddable":true,"href":"https:\/\/www.autonvaraosahaku.fi\/index.php?rest_route=%2Fwp%2Fv2%2Fpwb-brand&post=35617"},{"taxonomy":"product_cat","embeddable":true,"href":"https:\/\/www.autonvaraosahaku.fi\/index.php?rest_route=%2Fwp%2Fv2%2Fproduct_cat&post=35617"},{"taxonomy":"product_tag","embeddable":true,"href":"https:\/\/www.autonvaraosahaku.fi\/index.php?rest_route=%2Fwp%2Fv2%2Fproduct_tag&post=35617"}],"curies":[{"name":"wp","href":"https:\/\/api.w.org\/{rel}","templated":true}]}}