{"id":35635,"date":"2021-02-21T16:26:15","date_gmt":"2021-02-21T16:26:15","guid":{"rendered":"https:\/\/www.autonvaraosahaku.fi\/?product=febest-mm-010-moottorin-kumityyny"},"modified":"2021-02-21T16:26:18","modified_gmt":"2021-02-21T16:26:18","slug":"febest-mm-010-moottorin-kumityyny","status":"publish","type":"product","link":"https:\/\/www.autonvaraosahaku.fi\/?product=febest-mm-010-moottorin-kumityyny","title":{"rendered":"FEBEST MM-010 Moottorin kumityyny"},"content":{"rendered":"<p>Asennuspuoli: Asennus taakse; Paino [kg]: 0,323; Pakkauspituus [cm]: 9,5; Pakkausleveys [cm]: 5,8; Pakkauskorkeus [mm]: 4,8; Valmistusp\u00e4iv\u00e4m\u00e4\u00e4r\u00e4st\u00e4: 199704; MITSUBISHI: L 200 K7_T, K6_T,L 200 KB_T, KA_T,PAJERO II V3_W, V2_W, V4_W,PAJERO SPORT K90,L 200 Pritsche\/Fahrgestell K6_T, K7_T; MR353470; Moottorin Tukikumit,Moottorin Tuki<\/p>\n","protected":false},"excerpt":{"rendered":"<p>FEBEST Moottorin Kumityyny MM-010 Moottorin Tukikumit,Moottorin Tuki MITSUBISHI,L 200 K7_T, K6_T,L 200 KB_T, KA_T,PAJERO II V3_W, V2_W, V4_W<\/p>\n","protected":false},"featured_media":0,"template":"","meta":{"site-sidebar-layout":"default","site-content-layout":"default","ast-global-header-display":"","ast-main-header-display":"","ast-hfb-above-header-display":"","ast-hfb-below-header-display":"","ast-hfb-mobile-header-display":"","site-post-title":"","ast-breadcrumbs-content":"","ast-featured-img":"","footer-sml-layout":"","theme-transparent-header-meta":"","adv-header-id-meta":"","stick-header-meta":"","header-above-stick-meta":"","header-main-stick-meta":"","header-below-stick-meta":""},"pwb-brand":[152],"product_cat":[74],"product_tag":[],"class_list":{"0":"post-35635","1":"product","2":"type-product","3":"status-publish","5":"pwb-brand-febest","6":"product_cat-moottorin-kumityyny","7":"desktop-align-left","8":"tablet-align-left","9":"mobile-align-left","11":"first","12":"instock","13":"product-type-external"},"brands":[{"id":152,"name":"FEBEST","slug":"febest"}],"_links":{"self":[{"href":"https:\/\/www.autonvaraosahaku.fi\/index.php?rest_route=\/wp\/v2\/product\/35635","targetHints":{"allow":["GET"]}}],"collection":[{"href":"https:\/\/www.autonvaraosahaku.fi\/index.php?rest_route=\/wp\/v2\/product"}],"about":[{"href":"https:\/\/www.autonvaraosahaku.fi\/index.php?rest_route=\/wp\/v2\/types\/product"}],"wp:attachment":[{"href":"https:\/\/www.autonvaraosahaku.fi\/index.php?rest_route=%2Fwp%2Fv2%2Fmedia&parent=35635"}],"wp:term":[{"taxonomy":"pwb-brand","embeddable":true,"href":"https:\/\/www.autonvaraosahaku.fi\/index.php?rest_route=%2Fwp%2Fv2%2Fpwb-brand&post=35635"},{"taxonomy":"product_cat","embeddable":true,"href":"https:\/\/www.autonvaraosahaku.fi\/index.php?rest_route=%2Fwp%2Fv2%2Fproduct_cat&post=35635"},{"taxonomy":"product_tag","embeddable":true,"href":"https:\/\/www.autonvaraosahaku.fi\/index.php?rest_route=%2Fwp%2Fv2%2Fproduct_tag&post=35635"}],"curies":[{"name":"wp","href":"https:\/\/api.w.org\/{rel}","templated":true}]}}