{"id":35638,"date":"2021-02-21T16:26:15","date_gmt":"2021-02-21T16:26:15","guid":{"rendered":"https:\/\/www.autonvaraosahaku.fi\/?product=meyle-714-741-0004-jousijalan-tukilaakeri"},"modified":"2021-02-21T16:26:18","modified_gmt":"2021-02-21T16:26:18","slug":"meyle-714-741-0004-jousijalan-tukilaakeri","status":"publish","type":"product","link":"https:\/\/www.autonvaraosahaku.fi\/?product=meyle-714-741-0004-jousijalan-tukilaakeri","title":{"rendered":"MEYLE 714 741 0004 Jousijalan tukilaakeri"},"content":{"rendered":"<p>Asennuspuoli: Taka-akseli; Korvaava tuote\/korvaava tiedote 2: Ilman kuulalaakeria; lis\u00e4tieto: ORIGINAL Quality; Alustarakenne: f\u00fcr Fahrzeuge mit Standard Fahrwerk; VOLVO: XC60; FORD: MONDEO IV Turnier BA7,S-MAX WA6,GALAXY WA6,MONDEO IV BA7,MONDEO IV Stufenheck BA7; 1437051, 6G9118A116AAA; Iskarin Yl\u00e4p\u00e4\u00e4,Iskunvaimentimen Yl\u00e4p\u00e4\u00e4<\/p>\n","protected":false},"excerpt":{"rendered":"<p>MEYLE Jousijalan Tukilaakeri 714 741 0004 Iskarin Yl\u00e4p\u00e4\u00e4,Iskunvaimentimen Yl\u00e4p\u00e4\u00e4 VOLVO,FORD,XC60,MONDEO IV Turnier BA7,S-MAX WA6,GALAXY WA6<\/p>\n","protected":false},"featured_media":0,"template":"","meta":{"site-sidebar-layout":"default","site-content-layout":"default","ast-global-header-display":"","ast-main-header-display":"","ast-hfb-above-header-display":"","ast-hfb-below-header-display":"","ast-hfb-mobile-header-display":"","site-post-title":"","ast-breadcrumbs-content":"","ast-featured-img":"","footer-sml-layout":"","theme-transparent-header-meta":"","adv-header-id-meta":"","stick-header-meta":"","header-above-stick-meta":"","header-main-stick-meta":"","header-below-stick-meta":""},"pwb-brand":[84],"product_cat":[45],"product_tag":[],"class_list":{"0":"post-35638","1":"product","2":"type-product","3":"status-publish","5":"pwb-brand-meyle","6":"product_cat-jousijalan-tukilaakeri","7":"desktop-align-left","8":"tablet-align-left","9":"mobile-align-left","11":"first","12":"instock","13":"product-type-external"},"brands":[{"id":84,"name":"MEYLE","slug":"meyle"}],"_links":{"self":[{"href":"https:\/\/www.autonvaraosahaku.fi\/index.php?rest_route=\/wp\/v2\/product\/35638","targetHints":{"allow":["GET"]}}],"collection":[{"href":"https:\/\/www.autonvaraosahaku.fi\/index.php?rest_route=\/wp\/v2\/product"}],"about":[{"href":"https:\/\/www.autonvaraosahaku.fi\/index.php?rest_route=\/wp\/v2\/types\/product"}],"wp:attachment":[{"href":"https:\/\/www.autonvaraosahaku.fi\/index.php?rest_route=%2Fwp%2Fv2%2Fmedia&parent=35638"}],"wp:term":[{"taxonomy":"pwb-brand","embeddable":true,"href":"https:\/\/www.autonvaraosahaku.fi\/index.php?rest_route=%2Fwp%2Fv2%2Fpwb-brand&post=35638"},{"taxonomy":"product_cat","embeddable":true,"href":"https:\/\/www.autonvaraosahaku.fi\/index.php?rest_route=%2Fwp%2Fv2%2Fproduct_cat&post=35638"},{"taxonomy":"product_tag","embeddable":true,"href":"https:\/\/www.autonvaraosahaku.fi\/index.php?rest_route=%2Fwp%2Fv2%2Fproduct_tag&post=35638"}],"curies":[{"name":"wp","href":"https:\/\/api.w.org\/{rel}","templated":true}]}}