{"id":35648,"date":"2021-02-21T16:26:19","date_gmt":"2021-02-21T16:26:19","guid":{"rendered":"https:\/\/www.autonvaraosahaku.fi\/?product=ridex-2s0260-starttimoottori"},"modified":"2021-02-21T16:26:21","modified_gmt":"2021-02-21T16:26:21","slug":"ridex-2s0260-starttimoottori","status":"publish","type":"product","link":"https:\/\/www.autonvaraosahaku.fi\/?product=ridex-2s0260-starttimoottori","title":{"rendered":"RIDEX 2S0260 Starttimoottori"},"content":{"rendered":"<p>J\u00e4nnite (V): 12; Hammasluku: 9; K\u00e4ynnistinmoottori teho (kW): 1,7; Pistokemallin tunnus: B+(M8); Teho (kW): 1,7; Py\u00f6rimissuunta: Py\u00f6rimissuunta my\u00f6t\u00e4p\u00e4iv\u00e4\u00e4n; M\u00e4\u00e4r\u00e4yksikk\u00f6: Kappale; Laippa \u00d8(mm): 82; kierrereiki\u00e4 [kpl]: 0; Kiinnitysreikien lukum\u00e4\u00e4r\u00e4: 2; Valmistusvuosi alkaen: 01\/1986; DAEWOO: ESPERO KLEJ; MERCEDES-BENZ: COUPE C123; OPEL: ASTRA G CC F48_, F08_,OMEGA A 16_, 17_, 19_,ASTRA G Caravan F35_,ASTRA F CC 53_, 54_, 58_, 59_,ASTRA F Caravan 51_, 52_,ASTRA G Stufenheck F69_,CALIBRA A 85_,VECTRA A 86_, 87_,ASTRA F Cabriolet 53_B,ASTRA F 56_, 57_,KADETT E CC 33_, 34_, 43_, 44_,FRONTERA A Sport 5_SUD2,VECTRA A CC 88_, 89_,KADETT E Cabriolet 43B_,ASCONA C 81_, 86_, 87_, 88_,OMEGA A Caravan 66_, 67_,KADETT D 31_-34_, 41_-44_,KADETT E 39_, 49_,ASCONA C CC 84_, 89_,ASTRA G Kasten F70,KADETT E Caravan 35_, 36_, 45_, 46_,ASTRA F Van 55_,KADETT D 32_,37_,39, _42,KADETT D Caravan 35_, 36_, 45_, 46_,KADETT E Kasten 37_, 47_,KADETT E Combo 38_, 48_; HYUNDAI: COUPE GK; SAAB: 9000 Schr\u00e4gheck,900 II,9000; VAUXHALL: CALIBRA,ASTRA Mk IV G CC,ASTRA Mk III F CC,ASTRA Mk IV G Sedan,ASTRA Mk II CC,FRONTERA Mk I A,CAVALIER Mk III 87,ASTRA Mk III F Estate,ASTRAVAN Mk IV G,CAVALIER Mk III CC,ASTRAVAN Mk III F,ASTRA Mk IV G Estate,CAVALIER Mk II CC,CARLTON Mk III; 3471396, 1202000, 1202005, 1202010, 1202013, 1202016, 1202036, 1202045, 1202118, 1202125, 1202130, 1202143, 1202156, 1202956, 1202958, 6202046, 90337030, 90348290, 90349285, 90443488, 90511841, 90519332, 90540586, 1202036, 1202118, R1040028; Startti,K\u00e4ynnistinmoottori<\/p>\n","protected":false},"excerpt":{"rendered":"<p>RIDEX Starttimoottori 2S0260 Startti,K\u00e4ynnistinmoottori DAEWOO,MERCEDES-BENZ,OPEL,ESPERO KLEJ,COUPE C123,ASTRA G CC F48_, F08_,OMEGA A 16_, 17_, 19_<\/p>\n","protected":false},"featured_media":0,"template":"","meta":{"site-sidebar-layout":"default","site-content-layout":"default","ast-global-header-display":"","ast-main-header-display":"","ast-hfb-above-header-display":"","ast-hfb-below-header-display":"","ast-hfb-mobile-header-display":"","site-post-title":"","ast-breadcrumbs-content":"","ast-featured-img":"","footer-sml-layout":"","theme-transparent-header-meta":"","adv-header-id-meta":"","stick-header-meta":"","header-above-stick-meta":"","header-main-stick-meta":"","header-below-stick-meta":""},"pwb-brand":[157],"product_cat":[295],"product_tag":[],"class_list":{"0":"post-35648","1":"product","2":"type-product","3":"status-publish","5":"pwb-brand-ridex","6":"product_cat-starttimoottori","7":"desktop-align-left","8":"tablet-align-left","9":"mobile-align-left","11":"first","12":"instock","13":"product-type-external"},"brands":[{"id":157,"name":"RIDEX","slug":"ridex"}],"_links":{"self":[{"href":"https:\/\/www.autonvaraosahaku.fi\/index.php?rest_route=\/wp\/v2\/product\/35648","targetHints":{"allow":["GET"]}}],"collection":[{"href":"https:\/\/www.autonvaraosahaku.fi\/index.php?rest_route=\/wp\/v2\/product"}],"about":[{"href":"https:\/\/www.autonvaraosahaku.fi\/index.php?rest_route=\/wp\/v2\/types\/product"}],"wp:attachment":[{"href":"https:\/\/www.autonvaraosahaku.fi\/index.php?rest_route=%2Fwp%2Fv2%2Fmedia&parent=35648"}],"wp:term":[{"taxonomy":"pwb-brand","embeddable":true,"href":"https:\/\/www.autonvaraosahaku.fi\/index.php?rest_route=%2Fwp%2Fv2%2Fpwb-brand&post=35648"},{"taxonomy":"product_cat","embeddable":true,"href":"https:\/\/www.autonvaraosahaku.fi\/index.php?rest_route=%2Fwp%2Fv2%2Fproduct_cat&post=35648"},{"taxonomy":"product_tag","embeddable":true,"href":"https:\/\/www.autonvaraosahaku.fi\/index.php?rest_route=%2Fwp%2Fv2%2Fproduct_tag&post=35648"}],"curies":[{"name":"wp","href":"https:\/\/api.w.org\/{rel}","templated":true}]}}