{"id":35691,"date":"2021-02-21T16:26:29","date_gmt":"2021-02-21T16:26:29","guid":{"rendered":"https:\/\/www.autonvaraosahaku.fi\/?product=ashika-gom-2084-jousijalan-tukilaakeri"},"modified":"2021-02-21T16:26:31","modified_gmt":"2021-02-21T16:26:31","slug":"ashika-gom-2084-jousijalan-tukilaakeri","status":"publish","type":"product","link":"https:\/\/www.autonvaraosahaku.fi\/?product=ashika-gom-2084-jousijalan-tukilaakeri","title":{"rendered":"ASHIKA GOM-2084 Jousijalan tukilaakeri"},"content":{"rendered":"<p>Asennuspuoli: Taka-akseli; Korkeus (mm): 60,2; Sis\u00e4l\u00e4pimitta [mm]: 14; Ulkol\u00e4pimitta [mm]: 68,2; Kiinnityspisteiden l\u00e4pimitta [mm]: 6,8; TOYOTA: AVENSIS _T22_,AVENSIS Station Wagon _T22_,AVENSIS Liftback _T22_,CARINA E _T19_,CELICA ST20_, AT20_,CARINA E Stufenheck _T19_,CELICA Coupe AT18_, ST18_,CARINA E Sportswagon _T19_,CARINA II _T17_,CARINA II Stufenheck _T17_,CELICA Cabriolet AT18_, ST18_,AYGO PAB4_, KGB4_,CARINA II Station Wagon _T17_,CARINA II _T15_,CARINA II Stufenheck _T15_,CELICA Cabriolet AT20_, ST20_; 4807220020, 4875005020, 4875005030, 4875020050, 4875020070, 4875020100, 4875021020; Iskarin Yl\u00e4p\u00e4\u00e4,Iskunvaimentimen Yl\u00e4p\u00e4\u00e4<\/p>\n","protected":false},"excerpt":{"rendered":"<p>ASHIKA Jousijalan Tukilaakeri GOM-2084 Iskarin Yl\u00e4p\u00e4\u00e4,Iskunvaimentimen Yl\u00e4p\u00e4\u00e4 TOYOTA,AVENSIS _T22_,AVENSIS Station Wagon _T22_,AVENSIS Liftback _T22_<\/p>\n","protected":false},"featured_media":0,"template":"","meta":{"site-sidebar-layout":"default","site-content-layout":"default","ast-global-header-display":"","ast-main-header-display":"","ast-hfb-above-header-display":"","ast-hfb-below-header-display":"","ast-hfb-mobile-header-display":"","site-post-title":"","ast-breadcrumbs-content":"","ast-featured-img":"","footer-sml-layout":"","theme-transparent-header-meta":"","adv-header-id-meta":"","stick-header-meta":"","header-above-stick-meta":"","header-main-stick-meta":"","header-below-stick-meta":""},"pwb-brand":[102],"product_cat":[45],"product_tag":[],"class_list":{"0":"post-35691","1":"product","2":"type-product","3":"status-publish","5":"pwb-brand-ashika","6":"product_cat-jousijalan-tukilaakeri","7":"desktop-align-left","8":"tablet-align-left","9":"mobile-align-left","11":"first","12":"instock","13":"product-type-external"},"brands":[{"id":102,"name":"ASHIKA","slug":"ashika"}],"_links":{"self":[{"href":"https:\/\/www.autonvaraosahaku.fi\/index.php?rest_route=\/wp\/v2\/product\/35691","targetHints":{"allow":["GET"]}}],"collection":[{"href":"https:\/\/www.autonvaraosahaku.fi\/index.php?rest_route=\/wp\/v2\/product"}],"about":[{"href":"https:\/\/www.autonvaraosahaku.fi\/index.php?rest_route=\/wp\/v2\/types\/product"}],"wp:attachment":[{"href":"https:\/\/www.autonvaraosahaku.fi\/index.php?rest_route=%2Fwp%2Fv2%2Fmedia&parent=35691"}],"wp:term":[{"taxonomy":"pwb-brand","embeddable":true,"href":"https:\/\/www.autonvaraosahaku.fi\/index.php?rest_route=%2Fwp%2Fv2%2Fpwb-brand&post=35691"},{"taxonomy":"product_cat","embeddable":true,"href":"https:\/\/www.autonvaraosahaku.fi\/index.php?rest_route=%2Fwp%2Fv2%2Fproduct_cat&post=35691"},{"taxonomy":"product_tag","embeddable":true,"href":"https:\/\/www.autonvaraosahaku.fi\/index.php?rest_route=%2Fwp%2Fv2%2Fproduct_tag&post=35691"}],"curies":[{"name":"wp","href":"https:\/\/api.w.org\/{rel}","templated":true}]}}